{"id":107,"date":"2014-11-11T05:30:22","date_gmt":"2014-11-11T05:30:22","guid":{"rendered":"http:\/\/blog.espol.edu.ec\/kmguevar\/?page_id=107"},"modified":"2014-11-11T05:30:22","modified_gmt":"2014-11-11T05:30:22","slug":"tipos-de-mascarillas","status":"publish","type":"page","link":"https:\/\/blog.espol.edu.ec\/kmguevar\/tipos-de-mascarillas\/","title":{"rendered":"TIPOS DE MASCARILLAS"},"content":{"rendered":"<ol>\n<li><strong>Mascarilla de Efecto Tensor<\/strong>: Se aplica h\u00fameda y al secarse provoca una tensi\u00f3n que favorece la circulaci\u00f3n sangu\u00ednea y la nutrici\u00f3n celular.<\/li>\n<li><strong>Mascarilla de Efecto Reafirmante<\/strong>: Se aplica h\u00fameda y al secarse provoca una tensi\u00f3n que reafirma los tejidos.<\/li>\n<li><strong>Mascarilla Exfoliante<\/strong>: Permite la eliminaci\u00f3n de c\u00e9lulas muertas y secreciones de la piel.<\/li>\n<li><strong>Mascarilla Hidratante<\/strong>: Evita la evaporaci\u00f3n del agua superficial de la piel, creando una barrera de protecci\u00f3n y favoreciendo la desaparici\u00f3n de las arrugas\u00a0\u00a0y reafirmando las l\u00edneas de expresi\u00f3n facial.<\/li>\n<li><strong>Mascarilla Estimulante<\/strong>: Estimula los vasos capilares superficiales y favorece la nutrici\u00f3n de los tejidos.<\/li>\n<li><strong>Mascarilla de Efecto Aclarante<\/strong>: Absorbe el exceso de melanina, eliminando manchas y pecas.<\/li>\n<li><strong>Mascarilla Renovadora<\/strong>: Elimina las c\u00e9lulas muertas de la capa superficial y activa y acelera la renovaci\u00f3n celular.<a href=\"http:\/\/blog.espol.edu.ec\/kmguevar\/files\/2014\/11\/mascarilla.jpg\"><img loading=\"lazy\" decoding=\"async\" class=\"alignnone  wp-image-109\" src=\"http:\/\/blog.espol.edu.ec\/kmguevar\/files\/2014\/11\/mascarilla.jpg\" alt=\"mascarilla\" width=\"523\" height=\"297\" \/><\/a><\/li>\n<\/ol>\n","protected":false},"excerpt":{"rendered":"<p>Mascarilla de Efecto Tensor: Se aplica h\u00fameda y al secarse provoca una tensi\u00f3n que favorece la circulaci\u00f3n sangu\u00ednea y la nutrici\u00f3n celular. Mascarilla de Efecto Reafirmante: Se aplica h\u00fameda y al secarse provoca una tensi\u00f3n que reafirma los tejidos. Mascarilla Exfoliante: Permite la eliminaci\u00f3n de c\u00e9lulas muertas y secreciones de la piel. Mascarilla Hidratante: Evita [&hellip;]<\/p>\n","protected":false},"author":9424,"featured_media":0,"parent":0,"menu_order":0,"comment_status":"open","ping_status":"open","template":"","meta":{"footnotes":""},"class_list":["post-107","page","type-page","status-publish","hentry"],"_links":{"self":[{"href":"https:\/\/blog.espol.edu.ec\/kmguevar\/wp-json\/wp\/v2\/pages\/107","targetHints":{"allow":["GET"]}}],"collection":[{"href":"https:\/\/blog.espol.edu.ec\/kmguevar\/wp-json\/wp\/v2\/pages"}],"about":[{"href":"https:\/\/blog.espol.edu.ec\/kmguevar\/wp-json\/wp\/v2\/types\/page"}],"author":[{"embeddable":true,"href":"https:\/\/blog.espol.edu.ec\/kmguevar\/wp-json\/wp\/v2\/users\/9424"}],"replies":[{"embeddable":true,"href":"https:\/\/blog.espol.edu.ec\/kmguevar\/wp-json\/wp\/v2\/comments?post=107"}],"version-history":[{"count":2,"href":"https:\/\/blog.espol.edu.ec\/kmguevar\/wp-json\/wp\/v2\/pages\/107\/revisions"}],"predecessor-version":[{"id":110,"href":"https:\/\/blog.espol.edu.ec\/kmguevar\/wp-json\/wp\/v2\/pages\/107\/revisions\/110"}],"wp:attachment":[{"href":"https:\/\/blog.espol.edu.ec\/kmguevar\/wp-json\/wp\/v2\/media?parent=107"}],"curies":[{"name":"wp","href":"https:\/\/api.w.org\/{rel}","templated":true}]}}