{"id":2,"date":"2014-10-24T20:52:47","date_gmt":"2014-10-24T20:52:47","guid":{"rendered":"http:\/\/blog.espol.edu.ec\/kmguevar\/?page_id=2"},"modified":"2014-11-11T19:51:17","modified_gmt":"2014-11-11T19:51:17","slug":"pagina-ejemplo","status":"publish","type":"page","link":"https:\/\/blog.espol.edu.ec\/kmguevar\/pagina-ejemplo\/","title":{"rendered":"QUE ES LA BELLEZA ?"},"content":{"rendered":"<p>Belleza es una noci\u00f3n abstracta ligada a numerosos aspectos de la existencia humana. Esto es estudiado principalmente por la disciplina filos\u00f3fica de la est\u00e9tica, pero tambi\u00e9n es abordado por otras disciplinas como la historia, la sociolog\u00eda y la psicolog\u00eda social. Vulgarmente la belleza se define como la caracter\u00edstica de una cosa que a trav\u00e9s de una experiencia sensorial (percepci\u00f3n) procura una sensaci\u00f3n de placer o un sentimiento de satisfacci\u00f3n. En este sentido, la belleza proviene de manifestaciones tales como la forma, el aspecto visual, el movimiento y el sonido, aunque tambi\u00e9n se la asocia, en menor medida, a los sabores y los olores. En esta l\u00ednea y haciendo hincapi\u00e9 en el aspecto visual, Tom\u00e1s de Aquino define lo bello como aquello que agrada a la vista (quae visa placet). La percepci\u00f3n de la \u00abbelleza\u00bb a menudo implica la interpretaci\u00f3n de alguna entidad que est\u00e1 en equilibrio y armon\u00eda con la naturaleza, y puede conducir a sentimientos de atracci\u00f3n y bienestar emocional. Debido a que constituye una experiencia subjetiva, a menudo se dice que \u00abla belleza est\u00e1 en el ojo del observador\u00bb.1 En su sentido m\u00e1s profundo, la belleza puede engendrarse a partir de una experiencia de reflexi\u00f3n positiva sobre el significado de la propia existencia.<br \/>\n<a href=\"http:\/\/blog.espol.edu.ec\/kmguevar\/files\/2014\/10\/playa.jpg\"><img loading=\"lazy\" decoding=\"async\" class=\"alignnone  wp-image-53\" src=\"http:\/\/blog.espol.edu.ec\/kmguevar\/files\/2014\/10\/playa-300x300.jpg\" alt=\"playa\" width=\"599\" height=\"599\" srcset=\"https:\/\/blog.espol.edu.ec\/kmguevar\/files\/2014\/10\/playa-300x300.jpg 300w, https:\/\/blog.espol.edu.ec\/kmguevar\/files\/2014\/10\/playa-150x150.jpg 150w, https:\/\/blog.espol.edu.ec\/kmguevar\/files\/2014\/10\/playa.jpg 960w\" sizes=\"auto, (max-width: 599px) 100vw, 599px\" \/><\/a><\/p>\n","protected":false},"excerpt":{"rendered":"<p>Belleza es una noci\u00f3n abstracta ligada a numerosos aspectos de la existencia humana. Esto es estudiado principalmente por la disciplina filos\u00f3fica de la est\u00e9tica, pero tambi\u00e9n es abordado por otras disciplinas como la historia, la sociolog\u00eda y la psicolog\u00eda social. Vulgarmente la belleza se define como la caracter\u00edstica de una cosa que a trav\u00e9s de [&hellip;]<\/p>\n","protected":false},"author":9424,"featured_media":0,"parent":0,"menu_order":0,"comment_status":"open","ping_status":"open","template":"","meta":{"footnotes":""},"class_list":["post-2","page","type-page","status-publish","hentry"],"_links":{"self":[{"href":"https:\/\/blog.espol.edu.ec\/kmguevar\/wp-json\/wp\/v2\/pages\/2","targetHints":{"allow":["GET"]}}],"collection":[{"href":"https:\/\/blog.espol.edu.ec\/kmguevar\/wp-json\/wp\/v2\/pages"}],"about":[{"href":"https:\/\/blog.espol.edu.ec\/kmguevar\/wp-json\/wp\/v2\/types\/page"}],"author":[{"embeddable":true,"href":"https:\/\/blog.espol.edu.ec\/kmguevar\/wp-json\/wp\/v2\/users\/9424"}],"replies":[{"embeddable":true,"href":"https:\/\/blog.espol.edu.ec\/kmguevar\/wp-json\/wp\/v2\/comments?post=2"}],"version-history":[{"count":3,"href":"https:\/\/blog.espol.edu.ec\/kmguevar\/wp-json\/wp\/v2\/pages\/2\/revisions"}],"predecessor-version":[{"id":121,"href":"https:\/\/blog.espol.edu.ec\/kmguevar\/wp-json\/wp\/v2\/pages\/2\/revisions\/121"}],"wp:attachment":[{"href":"https:\/\/blog.espol.edu.ec\/kmguevar\/wp-json\/wp\/v2\/media?parent=2"}],"curies":[{"name":"wp","href":"https:\/\/api.w.org\/{rel}","templated":true}]}}