{"id":20,"date":"2014-11-04T20:17:19","date_gmt":"2014-11-04T20:17:19","guid":{"rendered":"http:\/\/blog.espol.edu.ec\/kmguevar\/?page_id=20"},"modified":"2014-11-11T02:19:59","modified_gmt":"2014-11-11T02:19:59","slug":"mi-primer-power-point","status":"publish","type":"page","link":"https:\/\/blog.espol.edu.ec\/kmguevar\/mi-primer-power-point\/","title":{"rendered":"QUE ES UN MASAJE EUROPEO?"},"content":{"rendered":"<p>La t\u00e9cnica de masajes m\u00e1s tradicional y com\u00fan es el Masaje Europeo o Sueco. La caracter\u00edstica que la diferencia de las otras es la utilizaci\u00f3n de aceite para evitar la fricci\u00f3n con la piel.<\/p>\n<p>El principal objetivo del Masaje Europeo, es reducir el stress y hacer que el paciente se relaje. Adem\u00e1s alivia las tensiones musculares, mejora la circulaci\u00f3n de la sangre, calma la ansiedad, es fomentador de sue\u00f1o, y genera en el paciente un sentimiento general de bienestar.<\/p>\n<p>Los movimientos que realiza el masajista es una combinaci\u00f3n de activos y pasivos en direcci\u00f3n al coraz\u00f3n, para estimular la circulaci\u00f3n. Algunos de esos movimientos son: Effleurage, Petrissage, Rodillos, Percusi\u00f3n, entre otras.<\/p>\n<p>Al iniciar la sesi\u00f3n el masajista esparce el aceite por el cuerpo del paciente usan la t\u00e9cnica Effleurage haciendo que se calienten y relajen los m\u00fasculos.<\/p>\n<p>Luego, con unos movimientos parecidos a los de amasar, llamados Petrissage, el paciente se relajar\u00e1 profundamente al paciente.<\/p>\n<p>En los puntos donde el paciente haya mencionado sentir dolor, el masajista presionar\u00e1 utilizando los dedos pulgares y realizar\u00e1 movimientos circulares.<\/p>\n<p>Tambi\u00e9n usar\u00e1 la t\u00e9cnica de Rodillos, la cual consta en pellizcar suavemente peque\u00f1as zonas de la piel.<\/p>\n<p>Para culminar la sesi\u00f3n, realiza la t\u00e9cnica de Percusi\u00f3n, dando palmaditas sobre la espalda y otros m\u00fasculos para energizar el cuerpo. Despu\u00e9s deslizar\u00e1 las puntas de los dedos haciendo una leve presi\u00f3n para aflojar los m\u00fasculos y calmar los nervios.<\/p>\n<p>Las sesiones deben durar entre 45 y 90 minutos, y desde el primer d\u00eda uno nota los efectos.<\/p>\n<p>Estos masajes est\u00e1n contraindicados para personas con diarrea, v\u00f3mitos, fiebre, venas varicosas o trombosis. En personas con problemas card\u00edacos y de hipertensi\u00f3n no se masajea el abdomen.<br \/>\n<a href=\"http:\/\/blog.espol.edu.ec\/kmguevar\/files\/2014\/11\/MASAJE-EUROPEO-1.jpg\"><img loading=\"lazy\" decoding=\"async\" src=\"http:\/\/blog.espol.edu.ec\/kmguevar\/files\/2014\/11\/MASAJE-EUROPEO-1-300x199.jpg\" alt=\"MASAJE EUROPEO 1\" width=\"300\" height=\"199\" class=\"alignnone size-medium wp-image-56\" srcset=\"https:\/\/blog.espol.edu.ec\/kmguevar\/files\/2014\/11\/MASAJE-EUROPEO-1-300x199.jpg 300w, https:\/\/blog.espol.edu.ec\/kmguevar\/files\/2014\/11\/MASAJE-EUROPEO-1.jpg 400w\" sizes=\"auto, (max-width: 300px) 100vw, 300px\" \/><\/a><\/p>\n<p><a href=\"http:\/\/blog.espol.edu.ec\/kmguevar\/files\/2014\/11\/M-E-2.jpg\"><img loading=\"lazy\" decoding=\"async\" src=\"http:\/\/blog.espol.edu.ec\/kmguevar\/files\/2014\/11\/M-E-2.jpg\" alt=\"M E 2\" width=\"249\" height=\"202\" class=\"alignnone size-medium wp-image-57\" \/><\/a><\/p>\n","protected":false},"excerpt":{"rendered":"<p>La t\u00e9cnica de masajes m\u00e1s tradicional y com\u00fan es el Masaje Europeo o Sueco. La caracter\u00edstica que la diferencia de las otras es la utilizaci\u00f3n de aceite para evitar la fricci\u00f3n con la piel. El principal objetivo del Masaje Europeo, es reducir el stress y hacer que el paciente se relaje. Adem\u00e1s alivia las tensiones [&hellip;]<\/p>\n","protected":false},"author":9424,"featured_media":0,"parent":0,"menu_order":0,"comment_status":"open","ping_status":"open","template":"","meta":{"footnotes":""},"class_list":["post-20","page","type-page","status-publish","hentry"],"_links":{"self":[{"href":"https:\/\/blog.espol.edu.ec\/kmguevar\/wp-json\/wp\/v2\/pages\/20","targetHints":{"allow":["GET"]}}],"collection":[{"href":"https:\/\/blog.espol.edu.ec\/kmguevar\/wp-json\/wp\/v2\/pages"}],"about":[{"href":"https:\/\/blog.espol.edu.ec\/kmguevar\/wp-json\/wp\/v2\/types\/page"}],"author":[{"embeddable":true,"href":"https:\/\/blog.espol.edu.ec\/kmguevar\/wp-json\/wp\/v2\/users\/9424"}],"replies":[{"embeddable":true,"href":"https:\/\/blog.espol.edu.ec\/kmguevar\/wp-json\/wp\/v2\/comments?post=20"}],"version-history":[{"count":3,"href":"https:\/\/blog.espol.edu.ec\/kmguevar\/wp-json\/wp\/v2\/pages\/20\/revisions"}],"predecessor-version":[{"id":58,"href":"https:\/\/blog.espol.edu.ec\/kmguevar\/wp-json\/wp\/v2\/pages\/20\/revisions\/58"}],"wp:attachment":[{"href":"https:\/\/blog.espol.edu.ec\/kmguevar\/wp-json\/wp\/v2\/media?parent=20"}],"curies":[{"name":"wp","href":"https:\/\/api.w.org\/{rel}","templated":true}]}}