{"id":6,"date":"2014-10-28T19:58:42","date_gmt":"2014-10-28T19:58:42","guid":{"rendered":"http:\/\/blog.espol.edu.ec\/kmguevar\/?page_id=6"},"modified":"2014-11-11T04:23:05","modified_gmt":"2014-11-11T04:23:05","slug":"mi-primera-entrada","status":"publish","type":"page","link":"https:\/\/blog.espol.edu.ec\/kmguevar\/mi-primera-entrada\/","title":{"rendered":"COSMETOLOGIA"},"content":{"rendered":"<p style=\"text-align: center\"><em><strong>Lejos de ser simplemente la correcta aplicaci\u00f3n de maquillajes (como muchos consideran a esta actividad), la cosmetolog\u00eda es una aplicaci\u00f3n cient\u00edfica dependiente de la dermatolog\u00eda, cuyo principal campo de acci\u00f3n es la piel del rostro y de todo el cuerpo, con el objetivo de embellecerla de manera saludable.<\/strong><\/em><\/p>\n<p style=\"text-align: center\"><em><strong>En esta disciplina cient\u00edfica se toman en consideraci\u00f3n temas como estado general de salud, condiciones m\u00e9dicas de la piel, pigmentaci\u00f3n, alergias, y tambi\u00e9n asuntos como actividades laboral y social de la persona, su edad y su tratamiento rutinario de higiene y belleza.<\/strong><\/em><\/p>\n<p style=\"text-align: center\"><a href=\"http:\/\/blog.espol.edu.ec\/kmguevar\/files\/2014\/10\/1.jpg\"><img loading=\"lazy\" decoding=\"async\" class=\"alignnone  wp-image-59\" src=\"http:\/\/blog.espol.edu.ec\/kmguevar\/files\/2014\/10\/1-300x148.jpg\" alt=\"1\" width=\"501\" height=\"247\" srcset=\"https:\/\/blog.espol.edu.ec\/kmguevar\/files\/2014\/10\/1-300x148.jpg 300w, https:\/\/blog.espol.edu.ec\/kmguevar\/files\/2014\/10\/1.jpg 319w\" sizes=\"auto, (max-width: 501px) 100vw, 501px\" \/><\/a><\/p>\n<p><a href=\"http:\/\/blog.espol.edu.ec\/kmguevar\/files\/2014\/10\/2.jpg\"><img loading=\"lazy\" decoding=\"async\" class=\"alignnone  wp-image-60\" src=\"http:\/\/blog.espol.edu.ec\/kmguevar\/files\/2014\/10\/2-300x199.jpg\" alt=\"2\" width=\"488\" height=\"323\" srcset=\"https:\/\/blog.espol.edu.ec\/kmguevar\/files\/2014\/10\/2-300x199.jpg 300w, https:\/\/blog.espol.edu.ec\/kmguevar\/files\/2014\/10\/2.jpg 500w\" sizes=\"auto, (max-width: 488px) 100vw, 488px\" \/><\/a><\/p>\n<p><a href=\"http:\/\/blog.espol.edu.ec\/kmguevar\/files\/2014\/10\/3.jpg\"><img loading=\"lazy\" decoding=\"async\" class=\"alignnone  wp-image-61\" src=\"http:\/\/blog.espol.edu.ec\/kmguevar\/files\/2014\/10\/3-300x90.jpg\" alt=\"3\" width=\"523\" height=\"157\" srcset=\"https:\/\/blog.espol.edu.ec\/kmguevar\/files\/2014\/10\/3-300x90.jpg 300w, https:\/\/blog.espol.edu.ec\/kmguevar\/files\/2014\/10\/3.jpg 540w\" sizes=\"auto, (max-width: 523px) 100vw, 523px\" \/><\/a><\/p>\n<p><a href=\"http:\/\/blog.espol.edu.ec\/kmguevar\/files\/2014\/10\/4.jpg\"><img loading=\"lazy\" decoding=\"async\" class=\"alignnone  wp-image-62\" src=\"http:\/\/blog.espol.edu.ec\/kmguevar\/files\/2014\/10\/4.jpg\" alt=\"4\" width=\"608\" height=\"386\" \/><\/a><\/p>\n","protected":false},"excerpt":{"rendered":"<p>Lejos de ser simplemente la correcta aplicaci\u00f3n de maquillajes (como muchos consideran a esta actividad), la cosmetolog\u00eda es una aplicaci\u00f3n cient\u00edfica dependiente de la dermatolog\u00eda, cuyo principal campo de acci\u00f3n es la piel del rostro y de todo el cuerpo, con el objetivo de embellecerla de manera saludable. En esta disciplina cient\u00edfica se toman en [&hellip;]<\/p>\n","protected":false},"author":9424,"featured_media":0,"parent":0,"menu_order":0,"comment_status":"open","ping_status":"open","template":"","meta":{"footnotes":""},"class_list":["post-6","page","type-page","status-publish","hentry"],"_links":{"self":[{"href":"https:\/\/blog.espol.edu.ec\/kmguevar\/wp-json\/wp\/v2\/pages\/6","targetHints":{"allow":["GET"]}}],"collection":[{"href":"https:\/\/blog.espol.edu.ec\/kmguevar\/wp-json\/wp\/v2\/pages"}],"about":[{"href":"https:\/\/blog.espol.edu.ec\/kmguevar\/wp-json\/wp\/v2\/types\/page"}],"author":[{"embeddable":true,"href":"https:\/\/blog.espol.edu.ec\/kmguevar\/wp-json\/wp\/v2\/users\/9424"}],"replies":[{"embeddable":true,"href":"https:\/\/blog.espol.edu.ec\/kmguevar\/wp-json\/wp\/v2\/comments?post=6"}],"version-history":[{"count":6,"href":"https:\/\/blog.espol.edu.ec\/kmguevar\/wp-json\/wp\/v2\/pages\/6\/revisions"}],"predecessor-version":[{"id":91,"href":"https:\/\/blog.espol.edu.ec\/kmguevar\/wp-json\/wp\/v2\/pages\/6\/revisions\/91"}],"wp:attachment":[{"href":"https:\/\/blog.espol.edu.ec\/kmguevar\/wp-json\/wp\/v2\/media?parent=6"}],"curies":[{"name":"wp","href":"https:\/\/api.w.org\/{rel}","templated":true}]}}