{"id":15,"date":"2012-06-07T21:49:43","date_gmt":"2012-06-07T21:49:43","guid":{"rendered":"http:\/\/blog.espol.edu.ec\/kmramos\/?page_id=15"},"modified":"2012-07-12T19:12:10","modified_gmt":"2012-07-12T19:12:10","slug":"hipervinvulo","status":"publish","type":"page","link":"https:\/\/blog.espol.edu.ec\/kmramos\/hipervinvulo\/","title":{"rendered":"+ de mi"},"content":{"rendered":"<p><a href=\"http:\/\/www.flickr.com\/photos\/81414391@N04\/7458635130\/\" title=\"karemramosc por karemramos, en Flickr\"><img loading=\"lazy\" decoding=\"async\" src=\"http:\/\/farm9.staticflickr.com\/8014\/7458635130_7a9749d18e.jpg\" width=\"500\" height=\"375\" alt=\"karemramosc\"><\/a><\/p>\n<p>hola\u00a0 \u00a0amigos\u00a0!!!\u00a0mi nombre es\u00a0Karem Ramos estudi\u00e9 en el COLEGIO DE LA COMISI\u00d3N DE TRANSITO DEL ECUADOR<br \/>\n me gradu\u00e9 en la especializacion de fisico matematico .<\/p>\n<p><a href=\"http:\/\/www.flickr.com\/photos\/81414391@N04\/7557310846\/\" title=\"k por karemramos, en Flickr\"><img loading=\"lazy\" decoding=\"async\" src=\"http:\/\/farm9.staticflickr.com\/8427\/7557310846_df29107ee6_m.jpg\" width=\"240\" height=\"180\" alt=\"k\"><\/a><br \/>\nmis pasatiempo son leer poemas o libros, bailar y salir con mis amigas..<\/p>\n<p><a href=\"http:\/\/www.flickr.com\/photos\/81414391@N04\/7557467832\/\" title=\"480718_419005501471480_1695701722_a por karemramos, en Flickr\"><img loading=\"lazy\" decoding=\"async\" src=\"http:\/\/farm9.staticflickr.com\/8294\/7557467832_1102453652_q.jpg\" width=\"150\" height=\"150\" alt=\"480718_419005501471480_1695701722_a\"><\/a><br \/>\nCON MIS AMIGAS DANIELA ZAMBRANO , KELLY INTRIAGO  Y ROSITA VALVERDE ... ANTES DE UN CAOTICO EXAMEN...<\/p>\n<p><a href=\"http:\/\/www.flickr.com\/photos\/39333865@N03\/3633094522\/\" title=\"espol por zachfair, en Flickr\"><img loading=\"lazy\" decoding=\"async\" src=\"http:\/\/farm4.staticflickr.com\/3340\/3633094522_a502732e3c_s.jpg\" width=\"75\" height=\"75\" alt=\"espol\"><\/a><br \/>\nactualmente estudio \u00a0en la <a href=\"http:\/\/www.espol.edu.ec\/\">espol<\/a> ,mi instituto es el ciencias quimicas y ambientales<a href=\"http:\/\/http:\/\/www.icqa.espol.edu.ec\/\"> icqa<\/a>\u00a0...curso el primer semestre del la carrea de ingenieria quimica .<\/p>\n<p><a href=\"http:\/\/www.flickr.com\/photos\/81414391@N04\/7557311868\/\" title=\"Snapshot_20120620_19 por karemramos, en Flickr\"><img loading=\"lazy\" decoding=\"async\" src=\"http:\/\/farm8.staticflickr.com\/7270\/7557311868_eb295b9cec_q.jpg\" width=\"150\" height=\"150\" alt=\"Snapshot_20120620_19\"><\/a><\/p>\n<p>me escojieron compiladora del mi grupo para el CSECT ... ASI QUE LOS ESPERAMOS EL 22 DE AGOSTO  ESTAREMOS UBICADOS ENTRE FEPOL Y LA BIBLIOTECA... <\/p>\n","protected":false},"excerpt":{"rendered":"<p>hola\u00a0 \u00a0amigos\u00a0!!!\u00a0mi nombre es\u00a0Karem Ramos estudi\u00e9 en el COLEGIO DE LA COMISI\u00d3N DE TRANSITO DEL ECUADOR me gradu\u00e9 en la especializacion de fisico matematico . mis pasatiempo son leer poemas o libros, bailar y salir con mis amigas.. CON MIS AMIGAS DANIELA ZAMBRANO , KELLY INTRIAGO Y ROSITA VALVERDE ... ANTES DE UN CAOTICO EXAMEN... [&hellip;]<\/p>\n","protected":false},"author":7526,"featured_media":0,"parent":0,"menu_order":0,"comment_status":"open","ping_status":"open","template":"","meta":{"footnotes":""},"class_list":["post-15","page","type-page","status-publish","hentry"],"_links":{"self":[{"href":"https:\/\/blog.espol.edu.ec\/kmramos\/wp-json\/wp\/v2\/pages\/15","targetHints":{"allow":["GET"]}}],"collection":[{"href":"https:\/\/blog.espol.edu.ec\/kmramos\/wp-json\/wp\/v2\/pages"}],"about":[{"href":"https:\/\/blog.espol.edu.ec\/kmramos\/wp-json\/wp\/v2\/types\/page"}],"author":[{"embeddable":true,"href":"https:\/\/blog.espol.edu.ec\/kmramos\/wp-json\/wp\/v2\/users\/7526"}],"replies":[{"embeddable":true,"href":"https:\/\/blog.espol.edu.ec\/kmramos\/wp-json\/wp\/v2\/comments?post=15"}],"version-history":[{"count":7,"href":"https:\/\/blog.espol.edu.ec\/kmramos\/wp-json\/wp\/v2\/pages\/15\/revisions"}],"predecessor-version":[{"id":107,"href":"https:\/\/blog.espol.edu.ec\/kmramos\/wp-json\/wp\/v2\/pages\/15\/revisions\/107"}],"wp:attachment":[{"href":"https:\/\/blog.espol.edu.ec\/kmramos\/wp-json\/wp\/v2\/media?parent=15"}],"curies":[{"name":"wp","href":"https:\/\/api.w.org\/{rel}","templated":true}]}}