{"id":101,"date":"2015-07-02T19:19:54","date_gmt":"2015-07-02T19:19:54","guid":{"rendered":"http:\/\/blog.espol.edu.ec\/knml95\/?page_id=101"},"modified":"2015-07-02T19:19:54","modified_gmt":"2015-07-02T19:19:54","slug":"lg-g2","status":"publish","type":"page","link":"https:\/\/blog.espol.edu.ec\/knml95\/lg-g2\/","title":{"rendered":"LG G2"},"content":{"rendered":"<table cellspacing=\"0\">\n<tbody>\n<tr>\n<th rowspan=\"4\" scope=\"row\">GENERAL<\/th>\n<td class=\"ttl\"><a href=\"http:\/\/www.smart-gsm.com\/moviles\/lg-g2#\">Red<\/a><\/td>\n<td class=\"nfo\">GSM 850 \/ 900 \/ 1800 \/ 1900 - HSDPA 850 \/ 900 \/ 1900 \/ 2100 - LTE<\/td>\n<\/tr>\n<tr>\n<td class=\"ttl\"><a href=\"http:\/\/www.smart-gsm.com\/moviles\/lg-g2#\">Anunciado<\/a><\/td>\n<td class=\"nfo\">2013, Agosto<\/td>\n<\/tr>\n<tr>\n<td class=\"ttl\"><a href=\"http:\/\/www.smart-gsm.com\/moviles\/lg-g2#\">Status<\/a><\/td>\n<td class=\"nfo\">Disponible<\/td>\n<\/tr>\n<\/tbody>\n<\/table>\n<table cellspacing=\"0\">\n<tbody>\n<tr>\n<th rowspan=\"2\" scope=\"row\">TAMA\u00d1O<\/th>\n<td class=\"ttl\"><a href=\"http:\/\/www.smart-gsm.com\/moviles\/lg-g2#\">Dimensiones<\/a><\/td>\n<td class=\"nfo\">138.5 x 70.9 x 8.9 mm<\/td>\n<\/tr>\n<tr>\n<td class=\"ttl\"><a href=\"http:\/\/www.smart-gsm.com\/moviles\/lg-g2#\">Peso<\/a><\/td>\n<td class=\"nfo\">143 g<\/td>\n<\/tr>\n<\/tbody>\n<\/table>\n<table cellspacing=\"0\">\n<tbody>\n<tr>\n<th rowspan=\"3\" scope=\"row\">DISPLAY<\/th>\n<td class=\"ttl\"><a href=\"http:\/\/www.smart-gsm.com\/moviles\/lg-g2#\">Tipo<\/a><\/td>\n<td class=\"nfo\">LCD True HD-IPS touchscreen capacitivo, 16M colores<\/td>\n<\/tr>\n<tr>\n<td class=\"ttl\"><a href=\"http:\/\/www.smart-gsm.com\/moviles\/lg-g2#\">Tama\u00f1o<\/a><\/td>\n<td class=\"nfo\">1080 x 1920 pixels, 5.2 pulgadas<\/td>\n<\/tr>\n<tr>\n<td class=\"ttl\"><\/td>\n<td class=\"nfo\">- Pantalla Gorilla Glass 2<br \/>\n- Soporte multi-touch<br \/>\n- Sensor aceler\u00f3metro para auto rotaci\u00f3n<br \/>\n- Sensor de proximidad para auto apagado<br \/>\n- Sensor girosc\u00f3pico<br \/>\n- Optimus UI 3.0<\/td>\n<\/tr>\n<\/tbody>\n<\/table>\n<table cellspacing=\"0\">\n<tbody>\n<tr>\n<th rowspan=\"4\" scope=\"row\">RINGTONES<\/th>\n<td class=\"ttl\"><a href=\"http:\/\/www.smart-gsm.com\/moviles\/lg-g2#\">Tipo<\/a><\/td>\n<td class=\"nfo\">Polif\u00f3nico, MP3, WAV<\/td>\n<\/tr>\n<tr>\n<td class=\"ttl\"><a href=\"http:\/\/www.smart-gsm.com\/moviles\/lg-g2#\">Customizaci\u00f3n<\/a><\/td>\n<td class=\"nfo\">Descargas<\/td>\n<\/tr>\n<tr>\n<td class=\"ttl\"><a href=\"http:\/\/www.smart-gsm.com\/moviles\/lg-g2#\">Vibraci\u00f3n<\/a><\/td>\n<td class=\"nfo\">Si<\/td>\n<\/tr>\n<tr>\n<td class=\"ttl\"><\/td>\n<td class=\"nfo\">- Conector de audio 3.5 mm<br \/>\n- Sonido Dolby Mobile<\/td>\n<\/tr>\n<\/tbody>\n<\/table>\n<table cellspacing=\"0\">\n<tbody>\n<tr>\n<th rowspan=\"4\" scope=\"row\">MEMORIA<\/th>\n<td class=\"ttl\"><a href=\"http:\/\/www.smart-gsm.com\/moviles\/lg-g2#\">Agenda telef\u00f3nica<\/a><\/td>\n<td class=\"nfo\">Entradas y campos pr\u00e1cticamente ilimitados, Foto de llamada<\/td>\n<\/tr>\n<tr>\n<td class=\"ttl\"><a href=\"http:\/\/www.smart-gsm.com\/moviles\/lg-g2#\">Registro de llamadas<\/a><\/td>\n<td class=\"nfo\">Pr\u00e1cticamente ilimitado<\/td>\n<\/tr>\n<tr>\n<td class=\"ttl\"><a href=\"http:\/\/www.smart-gsm.com\/moviles\/lg-g2#\">Slot de tarjeta<\/a><\/td>\n<td class=\"nfo\">No<\/td>\n<\/tr>\n<tr>\n<td class=\"ttl\"><\/td>\n<td class=\"nfo\">- 16GB\/32GB memoria interna, 2GB RAM<br \/>\n- Procesador quad-core Qualcomm Snapdragon 800 2.26 GHz, GPU Adreno 330<\/td>\n<\/tr>\n<\/tbody>\n<\/table>\n<table cellspacing=\"0\">\n<tbody>\n<tr>\n<th rowspan=\"14\" scope=\"row\">CARACTER\u00cdSTICAS<\/th>\n<td class=\"ttl\"><a href=\"http:\/\/www.smart-gsm.com\/moviles\/lg-g2#\">GPRS<\/a><\/td>\n<td class=\"nfo\">Si<\/td>\n<\/tr>\n<tr>\n<td class=\"ttl\"><a href=\"http:\/\/www.smart-gsm.com\/moviles\/lg-g2#\">Velocidad de datos<\/a><\/td>\n<td class=\"nfo\"><\/td>\n<\/tr>\n<tr>\n<td class=\"ttl\"><a href=\"http:\/\/www.smart-gsm.com\/moviles\/lg-g2#\">OS<\/a><\/td>\n<td class=\"nfo\">Android OS, v4.2.2 Jelly Bean, actualizable a 4.4 KitKat<\/td>\n<\/tr>\n<tr>\n<td class=\"ttl\"><a href=\"http:\/\/www.smart-gsm.com\/moviles\/lg-g2#\">Mensajer\u00eda<\/a><\/td>\n<td class=\"nfo\">SMS, MMS, Email, Push Mail, IM, RSS<\/td>\n<\/tr>\n<tr>\n<td class=\"ttl\"><a href=\"http:\/\/www.smart-gsm.com\/moviles\/lg-g2#\">Navegador<\/a><\/td>\n<td class=\"nfo\">HTML5<\/td>\n<\/tr>\n<tr>\n<td class=\"ttl\"><a href=\"http:\/\/www.smart-gsm.com\/moviles\/lg-g2#\">Reloj<\/a><\/td>\n<td class=\"nfo\">Si<\/td>\n<\/tr>\n<tr>\n<td class=\"ttl\"><a href=\"http:\/\/www.smart-gsm.com\/moviles\/lg-g2#\">Alarma<\/a><\/td>\n<td class=\"nfo\">Si<\/td>\n<\/tr>\n<tr>\n<td class=\"ttl\"><a href=\"http:\/\/www.smart-gsm.com\/moviles\/lg-g2#\">Puerto infrarrojo<\/a><\/td>\n<td class=\"nfo\">Si<\/td>\n<\/tr>\n<tr>\n<td class=\"ttl\"><a href=\"http:\/\/www.smart-gsm.com\/moviles\/lg-g2#\">Juegos<\/a><\/td>\n<td class=\"nfo\">Si<\/td>\n<\/tr>\n<tr>\n<td class=\"ttl\"><a href=\"http:\/\/www.smart-gsm.com\/moviles\/lg-g2#\">Colores<\/a><\/td>\n<td class=\"nfo\">Negro, Blanco, Rojo, Dorado<\/td>\n<\/tr>\n<tr>\n<td class=\"ttl\"><a href=\"http:\/\/www.smart-gsm.com\/moviles\/lg-g2#\">C\u00e1mara<\/a><\/td>\n<td class=\"nfo\">13 MP, 4128 x 3096 pixels, autofocus, flash LED, foco t\u00e1ctil, detecci\u00f3n de rostro y sonrisa, estabilizador \u00f3ptico de imagen, HDR, geo-tagging, video 1080p@60fps, c\u00e1mara frontal 2.1MP 720p<\/td>\n<\/tr>\n<tr>\n<td class=\"ttl\"><\/td>\n<td class=\"nfo\">- GPS con soporte A-GPS y GLONASS<br \/>\n- Br\u00fajula digital<br \/>\n- EDGE<br \/>\n- 3G HSDPA 42Mbps \/ HSUPA 21Mbps<br \/>\n- 4G LTE<br \/>\n- Wi-Fi 802.11 a\/b\/g\/n\/ac; DLNA; Wi-Fi Direct; banda dual<br \/>\n- Bluetooth v4.0 A2DP, LE<br \/>\n- NFC<br \/>\n- microUSB 2.0 OTG<br \/>\n- Integraci\u00f3n con redes sociales<br \/>\n- Cancelaci\u00f3n activa de ruido con micr\u00f3fono dedicado<br \/>\n- Reproductor de video DivX\/Xvid\/MP4\/H.264\/H.263\/WMV<br \/>\n- Reproductor de audio MP3\/WAV\/eAAC+\/WMA<br \/>\n- Radio FM Stereo con RDS<br \/>\n- Organizador<br \/>\n- Editor de imagen\/video<br \/>\n- Editor de documentos (Word, Excel, PowerPoint, PDF)<br \/>\n- Integraci\u00f3n Google Search, Maps, Gmail, YouTube, Calendar, Google Talk, Picasa<br \/>\n- Memo\/comandos\/discado de voz<br \/>\n- Manoslibres incorporado<br \/>\n- Ingreso predictivo de texto<\/td>\n<\/tr>\n<\/tbody>\n<\/table>\n<p><a href=\"http:\/\/blog.espol.edu.ec\/knml95\/files\/2015\/07\/medium01.jpg\"><img loading=\"lazy\" decoding=\"async\" class=\"alignnone size-medium wp-image-102\" src=\"http:\/\/blog.espol.edu.ec\/knml95\/files\/2015\/07\/medium01-300x247.jpg\" alt=\"medium01\" width=\"300\" height=\"247\" srcset=\"https:\/\/blog.espol.edu.ec\/knml95\/files\/2015\/07\/medium01-300x247.jpg 300w, https:\/\/blog.espol.edu.ec\/knml95\/files\/2015\/07\/medium01.jpg 450w\" sizes=\"auto, (max-width: 300px) 100vw, 300px\" \/><\/a><\/p>\n","protected":false},"excerpt":{"rendered":"<p>GENERAL Red GSM 850 \/ 900 \/ 1800 \/ 1900 - HSDPA 850 \/ 900 \/ 1900 \/ 2100 - LTE Anunciado 2013, Agosto Status Disponible TAMA\u00d1O Dimensiones 138.5 x 70.9 x 8.9 mm Peso 143 g DISPLAY Tipo LCD True HD-IPS touchscreen capacitivo, 16M colores Tama\u00f1o 1080 x 1920 pixels, 5.2 pulgadas - Pantalla &hellip; <\/p>\n<p><a class=\"more-link btn\" href=\"https:\/\/blog.espol.edu.ec\/knml95\/lg-g2\/\">Seguir leyendo<\/a><\/p>\n","protected":false},"author":9756,"featured_media":0,"parent":0,"menu_order":0,"comment_status":"open","ping_status":"open","template":"","meta":{"footnotes":""},"class_list":["post-101","page","type-page","status-publish","hentry","nodate","item-wrap"],"_links":{"self":[{"href":"https:\/\/blog.espol.edu.ec\/knml95\/wp-json\/wp\/v2\/pages\/101","targetHints":{"allow":["GET"]}}],"collection":[{"href":"https:\/\/blog.espol.edu.ec\/knml95\/wp-json\/wp\/v2\/pages"}],"about":[{"href":"https:\/\/blog.espol.edu.ec\/knml95\/wp-json\/wp\/v2\/types\/page"}],"author":[{"embeddable":true,"href":"https:\/\/blog.espol.edu.ec\/knml95\/wp-json\/wp\/v2\/users\/9756"}],"replies":[{"embeddable":true,"href":"https:\/\/blog.espol.edu.ec\/knml95\/wp-json\/wp\/v2\/comments?post=101"}],"version-history":[{"count":1,"href":"https:\/\/blog.espol.edu.ec\/knml95\/wp-json\/wp\/v2\/pages\/101\/revisions"}],"predecessor-version":[{"id":103,"href":"https:\/\/blog.espol.edu.ec\/knml95\/wp-json\/wp\/v2\/pages\/101\/revisions\/103"}],"wp:attachment":[{"href":"https:\/\/blog.espol.edu.ec\/knml95\/wp-json\/wp\/v2\/media?parent=101"}],"curies":[{"name":"wp","href":"https:\/\/api.w.org\/{rel}","templated":true}]}}