{"id":18,"date":"2015-06-27T01:24:23","date_gmt":"2015-06-27T01:24:23","guid":{"rendered":"http:\/\/blog.espol.edu.ec\/knml95\/?page_id=18"},"modified":"2015-06-27T03:38:31","modified_gmt":"2015-06-27T03:38:31","slug":"tecnologia-iphone","status":"publish","type":"page","link":"https:\/\/blog.espol.edu.ec\/knml95\/tecnologia-iphone\/","title":{"rendered":"Tecnolog\u00eda iPhone"},"content":{"rendered":"<p style=\"text-align: center\">iPhone es una l\u00ednea de tel\u00e9fonos inteligentes dise\u00f1ada y comercializada por Apple Inc. Ejecuta el sistema operativo m\u00f3vil iOS antes conocido como \"iPhone OS\" hasta mediados de 2010. El iPhone dispone de una c\u00e1mara de fotos de 8 megap\u00edxeles y un reproductor de m\u00fasica (equivalente al del iPod) adem\u00e1s de software para enviar y recibir mensajes de texto y mensajes de voz. Tambi\u00e9n ofrece servicios de Internet como leer correo electr\u00f3nico, cargar p\u00e1ginas web y conectividad por Wi-Fi. La primera generaci\u00f3n de tel\u00e9fonos eran GSM cuatribanda con la tecnolog\u00eda EDGE; la segunda generaci\u00f3n ya inclu\u00eda UMTS con HSDPA.;2 la sexta generaci\u00f3n ya inclu\u00eda 4G LTE..<\/p>\n<p style=\"text-align: center\"><img decoding=\"async\" src=\"http:\/\/tecnologia-facil.com\/wp-content\/uploads\/2014\/10\/que-es-iphone-1.jpg\" alt=\"\" \/><\/p>\n<hr \/>\n<p style=\"text-align: center\"><strong>Historia<\/strong><\/p>\n<p style=\"text-align: center\">Todo empez\u00f3 en 2004, cuando varios ingenieros comenzaron a investigar pantallas t\u00e1ctiles bajo la direcci\u00f3n de Steve Jobs, el CEO de Apple (hasta finales de 2011, sustituido por Tim Cook). Apple cre\u00f3 este dispositivo con la colaboraci\u00f3n exclusiva y sin precedentes de AT&amp;T Mobility (Cingular Wireless en ese entonces), con un coste estimado de 150 millones de d\u00f3lares en un per\u00edodo de treinta meses. AT&amp;T le dio a Apple la libertad de desarrollar el hardware y software del iPhone, e incluso le pag\u00f3 a Apple una fracci\u00f3n del dinero obtenido al ofrecer el servicio mensual a consumidores (hasta el iPhone 3GS), a cambio de 4 a\u00f1os de exclusividad en Estados Unidos, hasta 2011.<\/p>\n<div class=\"embed-container\"><iframe loading=\"lazy\" width=\"750\" height=\"422\" src=\"https:\/\/www.youtube.com\/embed\/_kGTsYiR0Ic?feature=oembed\" frameborder=\"0\" allow=\"autoplay; encrypted-media\" allowfullscreen><\/iframe><\/div>\n","protected":false},"excerpt":{"rendered":"<p>iPhone es una l\u00ednea de tel\u00e9fonos inteligentes dise\u00f1ada y comercializada por Apple Inc. Ejecuta el sistema operativo m\u00f3vil iOS antes conocido como \"iPhone OS\" hasta mediados de 2010. El iPhone dispone de una c\u00e1mara de fotos de 8 megap\u00edxeles y un reproductor de m\u00fasica (equivalente al del iPod) adem\u00e1s de software para enviar y recibir &hellip; <\/p>\n<p><a class=\"more-link btn\" href=\"https:\/\/blog.espol.edu.ec\/knml95\/tecnologia-iphone\/\">Seguir leyendo<\/a><\/p>\n","protected":false},"author":9756,"featured_media":0,"parent":0,"menu_order":0,"comment_status":"open","ping_status":"open","template":"","meta":{"footnotes":""},"class_list":["post-18","page","type-page","status-publish","hentry","nodate","item-wrap"],"_links":{"self":[{"href":"https:\/\/blog.espol.edu.ec\/knml95\/wp-json\/wp\/v2\/pages\/18","targetHints":{"allow":["GET"]}}],"collection":[{"href":"https:\/\/blog.espol.edu.ec\/knml95\/wp-json\/wp\/v2\/pages"}],"about":[{"href":"https:\/\/blog.espol.edu.ec\/knml95\/wp-json\/wp\/v2\/types\/page"}],"author":[{"embeddable":true,"href":"https:\/\/blog.espol.edu.ec\/knml95\/wp-json\/wp\/v2\/users\/9756"}],"replies":[{"embeddable":true,"href":"https:\/\/blog.espol.edu.ec\/knml95\/wp-json\/wp\/v2\/comments?post=18"}],"version-history":[{"count":2,"href":"https:\/\/blog.espol.edu.ec\/knml95\/wp-json\/wp\/v2\/pages\/18\/revisions"}],"predecessor-version":[{"id":35,"href":"https:\/\/blog.espol.edu.ec\/knml95\/wp-json\/wp\/v2\/pages\/18\/revisions\/35"}],"wp:attachment":[{"href":"https:\/\/blog.espol.edu.ec\/knml95\/wp-json\/wp\/v2\/media?parent=18"}],"curies":[{"name":"wp","href":"https:\/\/api.w.org\/{rel}","templated":true}]}}