{"id":2,"date":"2015-06-09T19:06:37","date_gmt":"2015-06-09T19:06:37","guid":{"rendered":"http:\/\/blog.espol.edu.ec\/knml95\/?page_id=2"},"modified":"2015-06-27T02:48:15","modified_gmt":"2015-06-27T02:48:15","slug":"pagina-ejemplo","status":"publish","type":"page","link":"https:\/\/blog.espol.edu.ec\/knml95\/pagina-ejemplo\/","title":{"rendered":"Tecnologia Samsung"},"content":{"rendered":"<p>El Grupo Samsung (hangul: \uc0bc\uc131, hanja: \u4e09\u661f, romanizaci\u00f3n revisada: Samseong, McCune-Reischauer: Sams\u014fng, literalmente \u00abtres estrellas\u00bb)? es el chaebol m\u00e1s grande de Corea del Sur que goza de gran reconocimiento a nivel mundial, tambi\u00e9n es l\u00edder mundial en diversas ramas de la industria electr\u00f3nica; comenz\u00f3 como una compa\u00f1\u00eda exclusivamente de exportaciones en 1938.<\/p>\n<p>A pesar de ser m\u00e1s conocida como una empresa electr\u00f3nica, Samsung participa tambi\u00e9n en la industria pesada, automotriz, mar\u00edtima, a\u00e9rea, servicios financieros, servicios m\u00e9dicos, seguros de vida, productos qu\u00edmicos, venta al p\u00fablico, turismo y entretenimiento.<\/p>\n<p><img loading=\"lazy\" decoding=\"async\" class=\"\" src=\"http:\/\/amovilcomunicacion.files.wordpress.com\/2011\/03\/logo-samsung.jpg\" alt=\"\" width=\"641\" height=\"226\" \/><\/p>\n<p>&nbsp;<\/p>\n<hr \/>\n<p style=\"text-align: center\">SAMSUNG MOBILE<\/p>\n<p>La empresa de Samsung Mobile es el nombre comercial de la divisi\u00f3n de tel\u00e9fonos inteligentes de la compa\u00f1\u00eda de Corea del Sur.<\/p>\n<p>Los tel\u00e9fonos m\u00f3viles Samsung usan las tecnolog\u00edas utilizadas por los principales operadores de telecomunicaci\u00f3n m\u00f3vil en el mundo: CDMA, GSM, GPRS y HSDPA.<\/p>\n<p>Desde 2012, Samsung domina el mercado de tel\u00e9fonos m\u00f3viles a nivel mundial, llev\u00e1ndose el 27% del mercado, seguida de la estadounidense Microsoft Mobile (11,6%) y de la tambi\u00e9n estadounidense Apple con 10,8%.3 Samsung tambi\u00e9n domina en el sistema operativo Android a nivel mundial, con 63,3% del mercado.<\/p>\n<p>&nbsp;<\/p>\n<table class=\"col1cen col2cen col3cen col4cen col5cen col6cen\" align=\"center\">\n<tbody>\n<tr bgcolor=\"#9CB3FF\">\n<td style=\"text-align: center\" colspan=\"7\" align=\"center\"><b>\u00daltimos m\u00f3viles de gama media\/alta lanzados por Samsung<\/b><\/td>\n<\/tr>\n<tr>\n<th bgcolor=\"#667CC6\">Nombre<\/th>\n<th bgcolor=\"#667CC6\">Sistema Operativo<\/th>\n<th bgcolor=\"#667CC6\">Pantalla<\/th>\n<th bgcolor=\"#667CC6\">Redes<\/th>\n<th bgcolor=\"#667CC6\">C\u00e1mara<\/th>\n<th bgcolor=\"#667CC6\">Otros<\/th>\n<th bgcolor=\"#667CC6\">Fecha de Lanzamiento<\/th>\n<\/tr>\n<tr bgcolor=\"#E8F4FF\">\n<td>Samsung Omnia<\/td>\n<td>Windows Mobile 6.1<\/td>\n<td>Pantalla t\u00e1ctil de 3,2\" (240 x 400 p\u00edxeles)<\/td>\n<td>GSM, GPRS, HSDPA, EDGE, Wi-Fi 802.11 b\/g<\/td>\n<td>5 MP<\/td>\n<td>Teclado QWERTY virtual, Trackpad \u00f3ptico, GPS<\/td>\n<\/tr>\n<tr bgcolor=\"#E8F4FF\">\n<td><a class=\"mw-redirect\" title=\"Samsung I5700\" href=\"https:\/\/es.wikipedia.org\/wiki\/Samsung_I5700\">Samsung Galaxy Spica<\/a><\/td>\n<td>Android 2.1<\/td>\n<td>Pantalla t\u00e1ctil de 3,2\" (320 x 480 p\u00edxeles)<\/td>\n<td>GSM, GPRS, HSDPA, EDGE, Wi-Fi 802.11 b\/g<\/td>\n<td>3,2 MP<\/td>\n<td>Teclado QWERTY virtual, Trackpad \u00f3ptico, GPS<\/td>\n<\/tr>\n<tr bgcolor=\"#E8F4FF\">\n<td>Samsung INNOV8<\/td>\n<td>Symbian OS v9.3 Series 60 rel. 3.2<\/td>\n<td>Pantalla de 2,8\" (240 x 320 p\u00edxeles)<\/td>\n<td>GSM, GPRS, HSDPA, EDGE, Wi-Fi 802.11 b\/g<\/td>\n<td>8 MP, V\u00eddeo VGA a 30fps<\/td>\n<td>Trackpad \u00f3ptico, GPS<\/td>\n<\/tr>\n<tr bgcolor=\"#E8F4FF\">\n<td>Samsung PIXON<\/td>\n<td>Propio<\/td>\n<td>Pantalla t\u00e1ctil de 3.2\" (240 x 400 p\u00edxeles)<\/td>\n<td>GSM, GPRS, HSDPA, EDGE<\/td>\n<td>8 MP, V\u00eddeo WVGA 720x480 a 30fps<\/td>\n<td>Teclado QWERTY virtual, GPS<\/td>\n<\/tr>\n<tr bgcolor=\"#E8F4FF\">\n<td>Samsung PIXON 12<\/td>\n<td>Propio<\/td>\n<td>Pantalla t\u00e1ctil<a title=\"AMOLED\" href=\"https:\/\/es.wikipedia.org\/wiki\/AMOLED\">AMOLED<\/a> de 3,1\" (720 x 480 p\u00edxeles)<\/td>\n<td>GSM, GPRS, HSDPA, EDGE<\/td>\n<td>12 MP, V\u00eddeo WVGA 720x480 a 30fps<\/td>\n<td>Teclado QWERTY virtual, GPS<\/td>\n<\/tr>\n<tr bgcolor=\"#E8F4FF\">\n<td>Samsung S8300 UltraTOUCH<\/td>\n<td>Propio<\/td>\n<td>Pantalla t\u00e1ctil AMOLED de 2,8\" (240 x 400 p\u00edxeles)<\/td>\n<td>GSM, GPRS, HSDPA, EDGE<\/td>\n<td>8 MP, V\u00eddeo WVGA 720x480 a 30fps<\/td>\n<td>GPS<\/td>\n<\/tr>\n<tr bgcolor=\"#E8F4FF\">\n<td><a title=\"Samsung i8910\" href=\"https:\/\/es.wikipedia.org\/wiki\/Samsung_i8910\">Samsung i8910<\/a><\/td>\n<td>Symbian S60 5th edition<\/td>\n<td>Pantalla t\u00e1ctil AMOLED de 3,7\" (640 x 360 p\u00edxeles)<\/td>\n<td>GSM, GPRS, HSDPA, EDGE, Wi-Fi 802.11 b\/g<\/td>\n<td>8 MP, V\u00eddeo HD 720p 24fps<\/td>\n<td>Teclado QWERTY virtual, GPS, DLNA, Br\u00fajula<\/td>\n<\/tr>\n<tr bgcolor=\"#E8F4FF\">\n<td>Samsung Omnia II<\/td>\n<td>Windows Mobile 6.5<\/td>\n<td>Pantalla t\u00e1ctil AMOLED de 3,7\" (480x800 p\u00edxeles)<\/td>\n<td>GSM, GPRS, HSDPA, EDGE, Wi-Fi 802.11 b\/g<\/td>\n<td>5 MP<\/td>\n<td>Teclado QWERTY virtual, Trackpad \u00f3ptico, GPS<\/td>\n<\/tr>\n<tr bgcolor=\"#E8F4FF\">\n<td><a class=\"mw-redirect\" title=\"Samsung i9000 Galaxy S\" href=\"https:\/\/es.wikipedia.org\/wiki\/Samsung_i9000_Galaxy_S\">Samsung Galaxy S<\/a><\/td>\n<td>Android 2.1\/2.2<\/td>\n<td>Pantalla t\u00e1ctil<a title=\"Super AMOLED\" href=\"https:\/\/es.wikipedia.org\/wiki\/Super_AMOLED\">Super AMOLED<\/a>de 4\" (480x800 p\u00edxeles)<\/td>\n<td>GSM, GPRS, HSDPA, EDGE, Wi-Fi 802.11 b\/g<\/td>\n<td>5 MP<\/td>\n<td>Teclado QWERTY virtual, Swype, GPS, Algunas caracter\u00edsticas cedidas por <b>St Corp<\/b><\/td>\n<\/tr>\n<tr bgcolor=\"#E8F4FF\">\n<td><a class=\"mw-redirect\" title=\"Samsung Wave\" href=\"https:\/\/es.wikipedia.org\/wiki\/Samsung_Wave\">Samsung Wave<\/a><\/td>\n<td>Bada OS 1.0.2 (19-12-10)<\/td>\n<td>Pantalla t\u00e1ctil Super AMOLED de 3,3\" (480x800 p\u00edxeles)<\/td>\n<td>GSM, GPRS, HSDPA, EDGE, Wi-Fi 802.11 b\/g<\/td>\n<td>5 MP<\/td>\n<td>Teclado QWERTY virtual, GPS<\/td>\n<\/tr>\n<tr bgcolor=\"#E8F4FF\">\n<td><a title=\"Samsung Galaxy S II\" href=\"https:\/\/es.wikipedia.org\/wiki\/Samsung_Galaxy_S_II\">Samsung Galaxy S II<\/a><\/td>\n<td>Android 2.3 actualizable a Android 4.1.2<\/td>\n<td>Pantalla t\u00e1ctil Super AMOLED Plus de 4,27\" (480x800 p\u00edxeles)entonces ya<\/td>\n<td>GSM, GPRS, HSDPA, EDGE, Wi-Fi 802.11 b\/g<\/td>\n<td>8 MP, V\u00eddeo HD 1080p 30fps<\/td>\n<td>Teclado QWERTY virtual, Swype, GPS<\/td>\n<\/tr>\n<tr bgcolor=\"#E8F4FF\">\n<td><a class=\"mw-redirect\" title=\"Samsung Galaxy Nexus\" href=\"https:\/\/es.wikipedia.org\/wiki\/Samsung_Galaxy_Nexus\">Samsung Galaxy Nexus<\/a><\/td>\n<td>Android 4.0.2 actualizable a Android 4.3<\/td>\n<td>Pantalla t\u00e1ctil Super AMOLED HD de 4,65\" (1280 x 720 p\u00edxeles)<\/td>\n<td>GSM, GPRS, HSDPA, EDGE, Wi-Fi 802.11 b\/g<\/td>\n<td>5 MP, V\u00eddeo HD 1080p 30fps<\/td>\n<td>Teclado QWERTY virtual, Swype, GPS<\/td>\n<\/tr>\n<tr bgcolor=\"#E8F4FF\">\n<td><a title=\"Samsung Galaxy Note\" href=\"https:\/\/es.wikipedia.org\/wiki\/Samsung_Galaxy_Note\">Samsung Galaxy Note<\/a><\/td>\n<td>Android 2.3.5 actualizable a Android 4.1.2<\/td>\n<td>Pantalla t\u00e1ctil HD Super AMOLED de 5,30\" (1280 x 800 pixeles)<\/td>\n<td>Wifi 802.11 a\/b\/g\/n, A-GPS, GLONASS, HSPA+, GSM, GPRS, EDGE<\/td>\n<td>8MP, V\u00eddeo FULL HD 1080p 24-30fps<\/td>\n<td>S-art; S-Memo, S-planner and S-Choice: By S-pen., Teclado QWERTY virtual, Swype, GPS<\/td>\n<\/tr>\n<tr bgcolor=\"#E8F4FF\">\n<td><a title=\"Samsung Galaxy S III\" href=\"https:\/\/es.wikipedia.org\/wiki\/Samsung_Galaxy_S_III\">Samsung Galaxy S III<\/a><\/td>\n<td>Android 4.0 actualizable a Android 4.3<\/td>\n<td>Pantalla t\u00e1ctil HD Super AMOLED de 4,8\" (1280 x 720 pixeles)<\/td>\n<td>LTE, Wifi 802.11 a\/b\/g\/n, A-GPS, GLONASS, HSPA+, GSM, GPRS, EDGE<\/td>\n<td>Primaria: 8MP, V\u00eddeo FULL HD 1080p 30fps; Secundaria: 1.9 MP, 720p 30fps<\/td>\n<td>S-art; S-Memo, S-planner and S-Choice: By S-pen., Teclado QWERTY virtual, Swype, GPS<\/td>\n<td>Mayo de 2012.<\/td>\n<\/tr>\n<tr bgcolor=\"#E8F4FF\">\n<td><a title=\"Samsung Galaxy S4\" href=\"https:\/\/es.wikipedia.org\/wiki\/Samsung_Galaxy_S4\">Samsung Galaxy S4<\/a><\/td>\n<td>Android 4.2 actualizable a Android 4.4.2<\/td>\n<td>Pantalla t\u00e1ctil Full HD Super AMOLED de 5\" (1920 x 1080 pixeles)<\/td>\n<td>LTE, Wifi 802.11 a\/b\/g\/n, A-GPS, GLONASS, HSPA+, GSM, GPRS, EDGE<\/td>\n<td>Primaria: 13MP, V\u00eddeo FULL HD 1080p 30fps; Secundaria: 2 MP, 720p 30fps<\/td>\n<td>S-art; S-Memo, S-planner and S-Choice: By S-pen., Teclado QWERTY virtual, Swype, GPS<\/td>\n<td>Marzo de 2013.<sup id=\"cite_ref-5\" class=\"reference\"><a href=\"https:\/\/es.wikipedia.org\/wiki\/Samsung#cite_note-5\">5<\/a><\/sup><\/td>\n<\/tr>\n<tr bgcolor=\"#E8F4FF\">\n<td><a title=\"Samsung Galaxy S5\" href=\"https:\/\/es.wikipedia.org\/wiki\/Samsung_Galaxy_S5\">Samsung Galaxy S5<\/a><\/td>\n<td>Android 4.4.2<\/td>\n<td>Pantalla t\u00e1ctil Full HD Super AMOLED de 5,1\" (1920 x 1080 pixeles)<\/td>\n<td>LTE, Wifi 802.11 a\/b\/g\/n, A-GPS, GLONASS, HSPA+, GSM, GPRS, EDGE<\/td>\n<td>Primaria: 16MP, V\u00eddeo 4K UHD 4320p 30fps; Secundaria: 2.1 MP, 1080p 30fps<\/td>\n<td><\/td>\n<td>Febrero de 2014<\/td>\n<\/tr>\n<tr bgcolor=\"#E8F4FF\">\n<td>Samsung Galaxy Ace Style LTE<\/td>\n<td>Android 4.4.2<\/td>\n<td>Pantalla t\u00e1ctil HD super AMOLED de 4,3\" (480 x 800 pixeles)<\/td>\n<td>LTE, Wifi 802.11 a\/b\/g\/n, A-GPS, GLONASS, HSPA+ ,GSM, GPRS , EDGE<\/td>\n<td>Primaria: 5MP, Video Geo-Tagg 720p 30fps; Secundaria: 1.3 MP<\/td>\n<td><\/td>\n<td>Septiembre de 2014<\/td>\n<\/tr>\n<tr bgcolor=\"#E8F4FF\">\n<td><a title=\"Samsung Galaxy S6\" href=\"https:\/\/es.wikipedia.org\/wiki\/Samsung_Galaxy_S6\">Samsung Galaxy S6<\/a><\/td>\n<td><a title=\"Android 5.0\" href=\"https:\/\/es.wikipedia.org\/wiki\/Android_5.0\">Android 5.0<\/a><\/td>\n<td>Super AMOLED de \"5.1\" (1440 x 2560 pixel)<\/td>\n<td>Wifi 802.11 a\/b\/g\/n\/ac, GPRS, EDGE, UMTS, HSDPA, HSUPA, HSPA+, LTE, Bluetooth 4.1 con LE\/EDR\/A2DP\/aptX<\/td>\n<td>Primaria: 16MP Resoluci\u00f3n: \"3456 x 4608 pixel\" Secundaria: 5MP<\/td>\n<td><\/td>\n<td>Febrero de 2015<\/td>\n<\/tr>\n<tr bgcolor=\"#E8F4FF\">\n<td><a title=\"Samsung Galaxy S6 Edge\" href=\"https:\/\/es.wikipedia.org\/wiki\/Samsung_Galaxy_S6_Edge\">Samsung Galaxy S6 Edge<\/a><\/td>\n<td><a title=\"Android 5.0\" href=\"https:\/\/es.wikipedia.org\/wiki\/Android_5.0\">Android 5.0<\/a><\/td>\n<td>Super AMOLED de \"5.1\" (1440 x 2560 pixel)<\/td>\n<td>Wifi 802.11 a\/b\/g\/n\/ac, GPRS, EDGE, UMTS, HSDPA, HSUPA, HSPA+, LTE, Bluetooth 4.1 con LE\/EDR\/A2DP\/aptX<\/td>\n<td>Primaria: 16MP Resoluci\u00f3n: \"4640 x 3480 pixel\" Secundaria: 5MP<\/td>\n<td><\/td>\n<td>Febrero de 2015<\/td>\n<\/tr>\n<\/tbody>\n<\/table>\n<p>&nbsp;<\/p>\n<p>Conoce mucho mas de samsung en este emocionante v\u00eddeo<\/p>\n<p>&nbsp;<\/p>\n<div class=\"embed-container\"><iframe loading=\"lazy\" width=\"750\" height=\"422\" src=\"https:\/\/www.youtube.com\/embed\/JmYDtC9OmgY?feature=oembed\" frameborder=\"0\" allow=\"autoplay; encrypted-media\" allowfullscreen><\/iframe><\/div>\n","protected":false},"excerpt":{"rendered":"<p>El Grupo Samsung (hangul: \uc0bc\uc131, hanja: \u4e09\u661f, romanizaci\u00f3n revisada: Samseong, McCune-Reischauer: Sams\u014fng, literalmente \u00abtres estrellas\u00bb)? es el chaebol m\u00e1s grande de Corea del Sur que goza de gran reconocimiento a nivel mundial, tambi\u00e9n es l\u00edder mundial en diversas ramas de la industria electr\u00f3nica; comenz\u00f3 como una compa\u00f1\u00eda exclusivamente de exportaciones en 1938. A pesar de &hellip; <\/p>\n<p><a class=\"more-link btn\" href=\"https:\/\/blog.espol.edu.ec\/knml95\/pagina-ejemplo\/\">Seguir leyendo<\/a><\/p>\n","protected":false},"author":9756,"featured_media":0,"parent":0,"menu_order":0,"comment_status":"open","ping_status":"open","template":"","meta":{"footnotes":""},"class_list":["post-2","page","type-page","status-publish","hentry","nodate","item-wrap"],"_links":{"self":[{"href":"https:\/\/blog.espol.edu.ec\/knml95\/wp-json\/wp\/v2\/pages\/2","targetHints":{"allow":["GET"]}}],"collection":[{"href":"https:\/\/blog.espol.edu.ec\/knml95\/wp-json\/wp\/v2\/pages"}],"about":[{"href":"https:\/\/blog.espol.edu.ec\/knml95\/wp-json\/wp\/v2\/types\/page"}],"author":[{"embeddable":true,"href":"https:\/\/blog.espol.edu.ec\/knml95\/wp-json\/wp\/v2\/users\/9756"}],"replies":[{"embeddable":true,"href":"https:\/\/blog.espol.edu.ec\/knml95\/wp-json\/wp\/v2\/comments?post=2"}],"version-history":[{"count":3,"href":"https:\/\/blog.espol.edu.ec\/knml95\/wp-json\/wp\/v2\/pages\/2\/revisions"}],"predecessor-version":[{"id":31,"href":"https:\/\/blog.espol.edu.ec\/knml95\/wp-json\/wp\/v2\/pages\/2\/revisions\/31"}],"wp:attachment":[{"href":"https:\/\/blog.espol.edu.ec\/knml95\/wp-json\/wp\/v2\/media?parent=2"}],"curies":[{"name":"wp","href":"https:\/\/api.w.org\/{rel}","templated":true}]}}