{"id":94,"date":"2015-07-02T19:16:46","date_gmt":"2015-07-02T19:16:46","guid":{"rendered":"http:\/\/blog.espol.edu.ec\/knml95\/?page_id=94"},"modified":"2015-07-02T19:16:46","modified_gmt":"2015-07-02T19:16:46","slug":"lg-g3","status":"publish","type":"page","link":"https:\/\/blog.espol.edu.ec\/knml95\/lg-g3\/","title":{"rendered":"LG G3"},"content":{"rendered":"<table cellspacing=\"0\">\n<tbody>\n<tr>\n<th rowspan=\"4\" scope=\"row\">GENERAL<\/th>\n<td class=\"ttl\"><a href=\"http:\/\/www.smart-gsm.com\/moviles\/lg-g3#\">Red<\/a><\/td>\n<td class=\"nfo\">GSM 850 \/ 900 \/ 1800 \/ 1900 - HSDPA 850 \/ 900 \/ 1700 \/ 1900 \/ 2100 - LTE 850 \/ 900 \/ 1800 \/ 2100 \/ 2600<\/td>\n<\/tr>\n<tr>\n<td class=\"ttl\"><a href=\"http:\/\/www.smart-gsm.com\/moviles\/lg-g3#\">Anunciado<\/a><\/td>\n<td class=\"nfo\">2014, Mayo<\/td>\n<\/tr>\n<tr>\n<td class=\"ttl\"><a href=\"http:\/\/www.smart-gsm.com\/moviles\/lg-g3#\">Status<\/a><\/td>\n<td class=\"nfo\">Pronto<\/td>\n<\/tr>\n<\/tbody>\n<\/table>\n<table cellspacing=\"0\">\n<tbody>\n<tr>\n<th rowspan=\"2\" scope=\"row\">TAMA\u00d1O<\/th>\n<td class=\"ttl\"><a href=\"http:\/\/www.smart-gsm.com\/moviles\/lg-g3#\">Dimensiones<\/a><\/td>\n<td class=\"nfo\">146.3 x 74.6 x 8.9 mm<\/td>\n<\/tr>\n<tr>\n<td class=\"ttl\"><a href=\"http:\/\/www.smart-gsm.com\/moviles\/lg-g3#\">Peso<\/a><\/td>\n<td class=\"nfo\">149 g<\/td>\n<\/tr>\n<\/tbody>\n<\/table>\n<table cellspacing=\"0\">\n<tbody>\n<tr>\n<th rowspan=\"3\" scope=\"row\">DISPLAY<\/th>\n<td class=\"ttl\"><a href=\"http:\/\/www.smart-gsm.com\/moviles\/lg-g3#\">Tipo<\/a><\/td>\n<td class=\"nfo\">LCD True HD-IPS touchscreen capacitivo, 16M colores<\/td>\n<\/tr>\n<tr>\n<td class=\"ttl\"><a href=\"http:\/\/www.smart-gsm.com\/moviles\/lg-g3#\">Tama\u00f1o<\/a><\/td>\n<td class=\"nfo\">1440 x 2560 pixels, 5.5 pulgadas<\/td>\n<\/tr>\n<tr>\n<td class=\"ttl\"><\/td>\n<td class=\"nfo\">- Pantalla Gorilla Glass 3<br \/>\n- Soporte multitouch<br \/>\n- Sensor aceler\u00f3metro para auto rotaci\u00f3n<br \/>\n- Sensor de proximidad para auto apagado<br \/>\n- Sensor girosc\u00f3pico<\/td>\n<\/tr>\n<\/tbody>\n<\/table>\n<table cellspacing=\"0\">\n<tbody>\n<tr>\n<th rowspan=\"4\" scope=\"row\">RINGTONES<\/th>\n<td class=\"ttl\"><a href=\"http:\/\/www.smart-gsm.com\/moviles\/lg-g3#\">Tipo<\/a><\/td>\n<td class=\"nfo\">Polif\u00f3nico, MP3, WAV<\/td>\n<\/tr>\n<tr>\n<td class=\"ttl\"><a href=\"http:\/\/www.smart-gsm.com\/moviles\/lg-g3#\">Customizaci\u00f3n<\/a><\/td>\n<td class=\"nfo\">Descargas<\/td>\n<\/tr>\n<tr>\n<td class=\"ttl\"><a href=\"http:\/\/www.smart-gsm.com\/moviles\/lg-g3#\">Vibraci\u00f3n<\/a><\/td>\n<td class=\"nfo\">Si<\/td>\n<\/tr>\n<tr>\n<td class=\"ttl\"><\/td>\n<td class=\"nfo\">- Conector de audio 3.5 mm<br \/>\n- Sonido Dolby Mobile<\/td>\n<\/tr>\n<\/tbody>\n<\/table>\n<table cellspacing=\"0\">\n<tbody>\n<tr>\n<th rowspan=\"4\" scope=\"row\">MEMORIA<\/th>\n<td class=\"ttl\"><a href=\"http:\/\/www.smart-gsm.com\/moviles\/lg-g3#\">Agenda telef\u00f3nica<\/a><\/td>\n<td class=\"nfo\">Entradas y campos pr\u00e1cticamente ilimitados, Foto de llamada<\/td>\n<\/tr>\n<tr>\n<td class=\"ttl\"><a href=\"http:\/\/www.smart-gsm.com\/moviles\/lg-g3#\">Registro de llamadas<\/a><\/td>\n<td class=\"nfo\">Pr\u00e1cticamente ilimitado<\/td>\n<\/tr>\n<tr>\n<td class=\"ttl\"><a href=\"http:\/\/www.smart-gsm.com\/moviles\/lg-g3#\">Slot de tarjeta<\/a><\/td>\n<td class=\"nfo\">microSD, hasta 128GB<\/td>\n<\/tr>\n<tr>\n<td class=\"ttl\"><\/td>\n<td class=\"nfo\">- 16GB\/32GB memoria interna, 2GB\/3GB RAM (dependiendo del mercado)<br \/>\n- Procesador quad-core Qualcomm MSM8975AC Snapdragon 801 2.5 GHz, GPU Adreno 330<\/td>\n<\/tr>\n<\/tbody>\n<\/table>\n<table cellspacing=\"0\">\n<tbody>\n<tr>\n<th rowspan=\"14\" scope=\"row\">CARACTER\u00cdSTICAS<\/th>\n<td class=\"ttl\"><a href=\"http:\/\/www.smart-gsm.com\/moviles\/lg-g3#\">GPRS<\/a><\/td>\n<td class=\"nfo\">Si<\/td>\n<\/tr>\n<tr>\n<td class=\"ttl\"><a href=\"http:\/\/www.smart-gsm.com\/moviles\/lg-g3#\">Velocidad de datos<\/a><\/td>\n<td class=\"nfo\"><\/td>\n<\/tr>\n<tr>\n<td class=\"ttl\"><a href=\"http:\/\/www.smart-gsm.com\/moviles\/lg-g3#\">OS<\/a><\/td>\n<td class=\"nfo\">Android OS, v4.4.2 KitKat<\/td>\n<\/tr>\n<tr>\n<td class=\"ttl\"><a href=\"http:\/\/www.smart-gsm.com\/moviles\/lg-g3#\">Mensajer\u00eda<\/a><\/td>\n<td class=\"nfo\">SMS, MMS, Email, Push Mail, IM, RSS<\/td>\n<\/tr>\n<tr>\n<td class=\"ttl\"><a href=\"http:\/\/www.smart-gsm.com\/moviles\/lg-g3#\">Navegador<\/a><\/td>\n<td class=\"nfo\">HTML5<\/td>\n<\/tr>\n<tr>\n<td class=\"ttl\"><a href=\"http:\/\/www.smart-gsm.com\/moviles\/lg-g3#\">Reloj<\/a><\/td>\n<td class=\"nfo\">Si<\/td>\n<\/tr>\n<tr>\n<td class=\"ttl\"><a href=\"http:\/\/www.smart-gsm.com\/moviles\/lg-g3#\">Alarma<\/a><\/td>\n<td class=\"nfo\">Si<\/td>\n<\/tr>\n<tr>\n<td class=\"ttl\"><a href=\"http:\/\/www.smart-gsm.com\/moviles\/lg-g3#\">Puerto infrarrojo<\/a><\/td>\n<td class=\"nfo\">Si<\/td>\n<\/tr>\n<tr>\n<td class=\"ttl\"><a href=\"http:\/\/www.smart-gsm.com\/moviles\/lg-g3#\">Juegos<\/a><\/td>\n<td class=\"nfo\">Si<\/td>\n<\/tr>\n<tr>\n<td class=\"ttl\"><a href=\"http:\/\/www.smart-gsm.com\/moviles\/lg-g3#\">Colores<\/a><\/td>\n<td class=\"nfo\">Negro Met\u00e1lico, Blanco Seda, Dorado Brillante, Violeta, Rojo<\/td>\n<\/tr>\n<tr>\n<td class=\"ttl\"><a href=\"http:\/\/www.smart-gsm.com\/moviles\/lg-g3#\">C\u00e1mara<\/a><\/td>\n<td class=\"nfo\">13 MP, autofocus asistido por l\u00e1ser, flash LED dual, foco t\u00e1ctil, detecci\u00f3n de rostro y sonrisa, estabilizaci\u00f3n \u00f3ptica de imagen, HDR, geo-tagging, video UHD@30fps, sonido stereo, c\u00e1mara frontal 2.1 MP 1080p@30fps<\/td>\n<\/tr>\n<tr>\n<td class=\"ttl\"><\/td>\n<td class=\"nfo\">- Carga inal\u00e1mbrica<br \/>\n- GPS con soporte A-GPS y GLONASS<br \/>\n- Br\u00fajula digital<br \/>\n- EDGE<br \/>\n- 3G HSDPA 42Mbps \/ HSUPA 21Mbps<br \/>\n- 4G LTE Cat. 4<br \/>\n- Wi-Fi 802.11 a\/b\/g\/n\/ac; Wi-Fi Direct; DLNA; Miracast; banda dual<br \/>\n- Bluetooth v4.0 A2DP, LE<br \/>\n- Apt-X<br \/>\n- NFC<br \/>\n- microUSB 2.0<br \/>\n- Integraci\u00f3n con redes sociales<br \/>\n- Cancelaci\u00f3n activa de ruido con micr\u00f3fono dedicado<br \/>\n- Reproductor de video DivX\/Xvid\/MP4\/H.264\/H.263<br \/>\n- Reproductor de audio MP3\/WAV\/eAAC+<br \/>\n- Radio FM Stereo con RDS<br \/>\n- Organizador<br \/>\n- Editor de imagen\/video<br \/>\n- Editor de documentos (Word, Excel, PowerPoint, PDF)<br \/>\n- Servicios Google<br \/>\n- Memo\/comandos\/discado de voz<br \/>\n- Manoslibres incorporado<br \/>\n- Ingreso predictivo de texto<\/td>\n<\/tr>\n<\/tbody>\n<\/table>\n<p><a href=\"http:\/\/blog.espol.edu.ec\/knml95\/files\/2015\/07\/kzcklsrt8aeevcf8cycf.jpg\"><img loading=\"lazy\" decoding=\"async\" class=\"alignnone size-medium wp-image-95\" src=\"http:\/\/blog.espol.edu.ec\/knml95\/files\/2015\/07\/kzcklsrt8aeevcf8cycf-300x251.jpg\" alt=\"kzcklsrt8aeevcf8cycf\" width=\"300\" height=\"251\" srcset=\"https:\/\/blog.espol.edu.ec\/knml95\/files\/2015\/07\/kzcklsrt8aeevcf8cycf-300x251.jpg 300w, https:\/\/blog.espol.edu.ec\/knml95\/files\/2015\/07\/kzcklsrt8aeevcf8cycf.jpg 636w\" sizes=\"auto, (max-width: 300px) 100vw, 300px\" \/><\/a><\/p>\n","protected":false},"excerpt":{"rendered":"<p>GENERAL Red GSM 850 \/ 900 \/ 1800 \/ 1900 - HSDPA 850 \/ 900 \/ 1700 \/ 1900 \/ 2100 - LTE 850 \/ 900 \/ 1800 \/ 2100 \/ 2600 Anunciado 2014, Mayo Status Pronto TAMA\u00d1O Dimensiones 146.3 x 74.6 x 8.9 mm Peso 149 g DISPLAY Tipo LCD True HD-IPS touchscreen capacitivo, &hellip; <\/p>\n<p><a class=\"more-link btn\" href=\"https:\/\/blog.espol.edu.ec\/knml95\/lg-g3\/\">Seguir leyendo<\/a><\/p>\n","protected":false},"author":9756,"featured_media":0,"parent":0,"menu_order":0,"comment_status":"open","ping_status":"open","template":"","meta":{"footnotes":""},"class_list":["post-94","page","type-page","status-publish","hentry","nodate","item-wrap"],"_links":{"self":[{"href":"https:\/\/blog.espol.edu.ec\/knml95\/wp-json\/wp\/v2\/pages\/94","targetHints":{"allow":["GET"]}}],"collection":[{"href":"https:\/\/blog.espol.edu.ec\/knml95\/wp-json\/wp\/v2\/pages"}],"about":[{"href":"https:\/\/blog.espol.edu.ec\/knml95\/wp-json\/wp\/v2\/types\/page"}],"author":[{"embeddable":true,"href":"https:\/\/blog.espol.edu.ec\/knml95\/wp-json\/wp\/v2\/users\/9756"}],"replies":[{"embeddable":true,"href":"https:\/\/blog.espol.edu.ec\/knml95\/wp-json\/wp\/v2\/comments?post=94"}],"version-history":[{"count":1,"href":"https:\/\/blog.espol.edu.ec\/knml95\/wp-json\/wp\/v2\/pages\/94\/revisions"}],"predecessor-version":[{"id":96,"href":"https:\/\/blog.espol.edu.ec\/knml95\/wp-json\/wp\/v2\/pages\/94\/revisions\/96"}],"wp:attachment":[{"href":"https:\/\/blog.espol.edu.ec\/knml95\/wp-json\/wp\/v2\/media?parent=94"}],"curies":[{"name":"wp","href":"https:\/\/api.w.org\/{rel}","templated":true}]}}