{"id":46,"date":"2009-12-02T16:18:57","date_gmt":"2009-12-02T21:18:57","guid":{"rendered":"http:\/\/blog.espol.edu.ec\/kokoa\/?page_id=46"},"modified":"2009-12-02T16:18:57","modified_gmt":"2009-12-02T21:18:57","slug":"quienes-somos","status":"publish","type":"page","link":"https:\/\/blog.espol.edu.ec\/kokoa\/quienes-somos\/","title":{"rendered":"QUIENES SOMOS"},"content":{"rendered":"<p style=\"text-align: center\">\n<p style=\"text-align: center\">\n<div>\n<div style=\"text-align: center\">\n<div>\n<div>\n<div>\n<p><img loading=\"lazy\" decoding=\"async\" class=\"aligncenter size-medium wp-image-20\" src=\"http:\/\/blog.espol.edu.ec\/kokoa\/files\/2009\/02\/kokoa-243x300.png\" alt=\"kokoa\" width=\"243\" height=\"300\" srcset=\"https:\/\/blog.espol.edu.ec\/kokoa\/files\/2009\/02\/kokoa-243x300.png 243w, https:\/\/blog.espol.edu.ec\/kokoa\/files\/2009\/02\/kokoa.png 1457w\" sizes=\"auto, (max-width: 243px) 100vw, 243px\" \/><\/p>\n<p style=\"text-align: center\">\n<h1 style=\"text-align: center\"><span style=\"color: #ff9900\"><span style=\"font-family: mceinline\">COMUNIDAD DE SOTWARE LIBRE<\/span><\/span><\/h1>\n<h1 style=\"text-align: center\"><span style=\"color: #ff9900\"><span style=\"font-family: mceinline\">FIEC-ESPOL<\/span><\/span><\/h1>\n<\/div>\n<p style=\"text-align: center\">\n<p><img loading=\"lazy\" decoding=\"async\" class=\"size-full wp-image-3 alignnone\" src=\"http:\/\/blog.espol.edu.ec\/kokoa\/files\/2009\/02\/kokoa1.jpg\" alt=\"kokoa_reunion\" width=\"302\" height=\"223\" \/><img loading=\"lazy\" decoding=\"async\" class=\"size-medium wp-image-27 alignright\" src=\"http:\/\/blog.espol.edu.ec\/kokoa\/files\/2009\/01\/2824_1155605407279_1142013850_30439926_2016913_n-300x225.jpg\" alt=\"FLISOL\" width=\"278\" height=\"211\" \/><\/div>\n<\/div>\n<div>\n<p style=\"text-align: center\">KOKOA, la Comunidad de Software Libre de la ESPOL les da la bienvenida a su blog, a trav\u00e9s del cual buscamos promover en nuestra universidad y en la sociedad el uso y distribuci\u00f3n del software libre.<\/p>\n<p style=\"text-align: center\">Con la firme convicci\u00f3n de que el software debe ser un recurso libre y accesible para todos,\u00a0 publicaremos todo tipo de noticias y avance sobre el desarrollo de software libre en nuestra universidad.<\/p>\n<\/div>\n<div style=\"text-align: center\">Para conocer m\u00e1s sobre la comunidad pueden acceder a nuestro portal http:\/\/kokoa.espo.edu.ec o escribirnos a kokoa@espol.edu.ec<\/div>\n<div style=\"text-align: center\"><\/div>\n<\/div>\n<\/div>\n","protected":false},"excerpt":{"rendered":"<p>COMUNIDAD DE SOTWARE LIBRE FIEC-ESPOL KOKOA, la Comunidad de Software Libre de la ESPOL les da la bienvenida a su blog, a trav\u00e9s del cual buscamos promover en nuestra universidad y en la sociedad el uso y distribuci\u00f3n del software libre. Con la firme convicci\u00f3n de que el software debe ser un recurso libre y [&hellip;]<\/p>\n","protected":false},"author":1075,"featured_media":0,"parent":0,"menu_order":0,"comment_status":"open","ping_status":"open","template":"","meta":{"_monsterinsights_skip_tracking":false,"_monsterinsights_sitenote_active":false,"_monsterinsights_sitenote_note":"","_monsterinsights_sitenote_category":0,"footnotes":""},"class_list":["post-46","page","type-page","status-publish","hentry"],"_links":{"self":[{"href":"https:\/\/blog.espol.edu.ec\/kokoa\/wp-json\/wp\/v2\/pages\/46","targetHints":{"allow":["GET"]}}],"collection":[{"href":"https:\/\/blog.espol.edu.ec\/kokoa\/wp-json\/wp\/v2\/pages"}],"about":[{"href":"https:\/\/blog.espol.edu.ec\/kokoa\/wp-json\/wp\/v2\/types\/page"}],"author":[{"embeddable":true,"href":"https:\/\/blog.espol.edu.ec\/kokoa\/wp-json\/wp\/v2\/users\/1075"}],"replies":[{"embeddable":true,"href":"https:\/\/blog.espol.edu.ec\/kokoa\/wp-json\/wp\/v2\/comments?post=46"}],"version-history":[{"count":1,"href":"https:\/\/blog.espol.edu.ec\/kokoa\/wp-json\/wp\/v2\/pages\/46\/revisions"}],"predecessor-version":[{"id":47,"href":"https:\/\/blog.espol.edu.ec\/kokoa\/wp-json\/wp\/v2\/pages\/46\/revisions\/47"}],"wp:attachment":[{"href":"https:\/\/blog.espol.edu.ec\/kokoa\/wp-json\/wp\/v2\/media?parent=46"}],"curies":[{"name":"wp","href":"https:\/\/api.w.org\/{rel}","templated":true}]}}