{"id":1,"date":"2008-10-22T00:43:29","date_gmt":"2008-10-22T04:43:29","guid":{"rendered":""},"modified":"2009-06-18T16:12:34","modified_gmt":"2009-06-18T20:12:34","slug":"mi-pagina","status":"publish","type":"page","link":"https:\/\/blog.espol.edu.ec\/kpoavl\/?page_id=1","title":{"rendered":"Solo YO"},"content":{"rendered":"<div class=\"mceTemp\" style=\"text-align: center\">\n<dl>\n<dt><img loading=\"lazy\" decoding=\"async\" class=\"size-medium wp-image-212\" src=\"http:\/\/blog.espol.edu.ec\/kpoavl\/files\/2009\/06\/sdc11768psx-300x224.jpg\" alt=\"Un servidor\" width=\"300\" height=\"224\" srcset=\"https:\/\/blog.espol.edu.ec\/kpoavl\/files\/2009\/06\/sdc11768psx-300x224.jpg 300w, https:\/\/blog.espol.edu.ec\/kpoavl\/files\/2009\/06\/sdc11768psx.jpg 448w\" sizes=\"auto, (max-width: 300px) 100vw, 300px\" \/><\/dt>\n<dd>Un servidor<\/dd>\n<\/dl>\n<\/div>\n<p style=\"text-align: center\"><span style=\"color: #999999\"><br \/>\n<\/span>\n<\/p>\n<p style=\"text-align: center\"><span style=\"color: #808080\">Aqu\u00ed una breve s\u00edntesis del due\u00f1o de este blog osea YO.... ^_^<\/span><\/p>\n<p style=\"text-align: center\"><span style=\"color: #000000\"><strong><em><span style=\"color: #c0c0c0\"> NOMBRE:<\/span> <\/em><\/strong><span style=\"color: #808080\">Andr\u00e9s<\/span><\/span><\/p>\n<p style=\"text-align: center\"><span style=\"color: #000000\"><strong><em><span style=\"color: #c0c0c0\"> APELLIDOS:<\/span> <\/em><\/strong><span style=\"color: #808080\">Valencia Le\u00f3n <\/span><\/span><\/p>\n<p style=\"text-align: center\"><span style=\"color: #000000\"><strong><em><span style=\"color: #c0c0c0\"> EDAD:<\/span> <\/em><\/strong><span style=\"color: #808080\">23 a\u00f1os<\/span><\/span><\/p>\n<p style=\"text-align: center\"><span style=\"color: #c0c0c0\"><strong><em> ESTUDIOS PRIMARIOS:<\/em><\/strong><\/span><\/p>\n<p style=\"text-align: center\">* <span style=\"color: #808080\">Escuela NUEVA GENERACI\u00f3N<\/span><\/p>\n<p style=\"text-align: center\">\n<p style=\"text-align: center\"><span style=\"color: #c0c0c0\"><strong><em>ESTUDIOS SECUNDARIOS:<\/em><\/strong><\/span><\/p>\n<p style=\"text-align: center\"><span style=\"color: #808080\">* CEBI<\/span><\/p>\n<p style=\"text-align: center\"><span style=\"color: #808080\">* VICENTE ROCAFUERTE<\/span><\/p>\n<p style=\"text-align: center\">\n<p style=\"text-align: center\">\n<p style=\"text-align: center\">\n<p style=\"text-align: center\">\n<p style=\"text-align: center\">\n<p style=\"text-align: center\"><span style=\"color: #c0c0c0\"><strong><em>ESTUDIOS UNIVERSITARIOS:<\/em><\/strong><\/span><\/p>\n<p style=\"text-align: center\"><span style=\"color: #808080\">* ESPOL desde el 2005 ( La mejor ^-` wuuu)<\/span><\/p>\n<p style=\"text-align: center\">\n<p style=\"text-align: center\"><span style=\"color: #808080\">Estudio en PROTEL la carrera de Tecnolog\u00eda en sistemas de Telecomunicaciones, actualmente soy egresado de esa carrera y proximo a graduarse ^_^<\/span><\/p>\n<p style=\"text-align: center\">\n<p style=\"text-align: center\"><span style=\"color: #000000\"><strong><em>CORREOS:<\/em><\/strong><\/span><\/p>\n<p style=\"text-align: center\"><span style=\"color: #808080\">aevalenc@espol.edu.ec \u00a0 \u00a0 \u00a0 \u00a0 \u00a0 (Ese es de la U)<\/span><\/p>\n<p style=\"text-align: center\"><span style=\"color: #808080\">aevlhi50708@hotmail.com\u00a0\u00a0\u00a0\u00a0 (El de hi5)<\/span><\/p>\n<p style=\"text-align: center\"><span style=\"color: #808080\">andresv@loshp.net\u00a0\u00a0\u00a0\u00a0\u00a0\u00a0\u00a0\u00a0\u00a0\u00a0\u00a0\u00a0\u00a0\u00a0\u00a0\u00a0 (El de messenger)<\/span><\/p>\n<p style=\"text-align: center\">\n<p style=\"text-align: center\"><span style=\"color: #c0c0c0\"><strong><em>- POR QUE LA ESPOL ???<\/em><\/strong><\/span><\/p>\n<p style=\"text-align: center\"><span style=\"color: #808080\">Pienso que es una gran universidad para mi la mejor del pa\u00eds con una gran ense\u00f1anza, en todos lados ahi politecnicos = )<\/span><\/p>\n<p style=\"text-align: center\"><span style=\"color: #c0c0c0\"><strong><em>- CUALES SON TUS HOBBIES ???<\/em><\/strong><\/span><\/p>\n<p style=\"text-align: center\"><span style=\"color: #808080\">Tengo muchos; los videojuegos, la musica electr\u00f3nica, las carreras atl\u00e9ticas, el anime, ufff muchos, pero con los que m\u00e1s me divierto es tomando fotos de fiestas y farras y hacer mis propios videos; por cierto tomo fotos para una p\u00e1gina muy bacan y de prestigio en el mundo estudiantil se llama LOSHP (www.loshp.net visitenla !!! ) , tambi\u00e9n tengo una zona de videos en el YOUTUBE se llama LOS KPOVIDZ (http:\/\/www.youtube.com\/user\/elTormento8519) ah\u00ed encontras hartos videos de farras y dem\u00e1s cosas...<\/span><\/p>\n<p style=\"text-align: center\"><span style=\"color: #c0c0c0\"><strong><em>- POR QUE ESTE BLOG ???<\/em><\/strong><\/span><\/p>\n<p style=\"text-align: center\"><span style=\"color: #808080\">Es algo que siempre tuve curiosidad de saber y hacer, leia muchos blogs de amigos y conocidos, hasta que me dije HAGAMOS EL BLOG y que mejor para hacerlo que en LOS BLOGS DE LA ESPOL; soy una persona que le pasan muchas cosas y vivencias as\u00ed que aqu\u00ed contar\u00e9 muchas cosas que no se pueden o no alcanzo a decirlas...<\/span><\/p>\n<p style=\"text-align: center\">\n<p style=\"text-align: center\"><span style=\"color: #808080\">BLOGEROS ESPERO LES GUSTE MIS TEMAS DEL BLOG y no olviden que si antes: EL RESTO DE ESTE BLOG ES Y QUEDA EN USTEDES... Ahora en este 2009 dir\u00e8 que ah\u00ed <em><strong>\"TEMAS X CONTAR, HISTORIAS X ESCRIBIR Y A BLOGGEAR SE\u00d1ORES ^_^ \"<\/strong><\/em><\/span><\/p>\n<p style=\"text-align: center\">\n<p style=\"text-align: center\"><span style=\"color: #808080\">Blogeros ah\u00ed les dejo estos enlaces MUY IMPORTANTES:<\/span><\/p>\n<p style=\"text-align: center\">\n<p style=\"text-align: center\"><a href=\"http:\/\/www.youtube.com\/user\/elTormento8519\" target=\"_blank\"><img loading=\"lazy\" decoding=\"async\" class=\"alignleft size-thumbnail wp-image-44\" src=\"http:\/\/blog.espol.edu.ec\/kpoavl\/files\/2008\/11\/yt.jpg\" alt=\"\" width=\"100\" height=\"100\" \/><\/a><a href=\"http:\/\/kapitoandres.hi5.com\" target=\"_blank\"><img loading=\"lazy\" decoding=\"async\" class=\"size-thumbnail wp-image-45 aligncenter\" src=\"http:\/\/blog.espol.edu.ec\/kpoavl\/files\/2008\/11\/hi5.jpg\" alt=\"\" width=\"100\" height=\"100\" \/><\/a><\/p>\n<p style=\"text-align: center\"><a title=\"LOS HP\" href=\"http:\/\/www.loshp.net\" target=\"_blank\"><img loading=\"lazy\" decoding=\"async\" class=\"alignright size-thumbnail wp-image-43\" src=\"http:\/\/blog.espol.edu.ec\/kpoavl\/files\/2008\/11\/copy-of-logo-150x150.jpg\" alt=\"\" width=\"150\" height=\"150\" \/><\/a><\/p>\n","protected":false},"excerpt":{"rendered":"<p>Un servidor Aqu\u00ed una breve s\u00edntesis del due\u00f1o de este blog osea YO.... ^_^ NOMBRE: Andr\u00e9s APELLIDOS: Valencia Le\u00f3n EDAD: 23 a\u00f1os ESTUDIOS PRIMARIOS: * Escuela NUEVA GENERACI\u00f3N ESTUDIOS SECUNDARIOS: * CEBI * VICENTE ROCAFUERTE ESTUDIOS UNIVERSITARIOS: * ESPOL desde el 2005 ( La mejor ^-` wuuu) Estudio en PROTEL la carrera de Tecnolog\u00eda en [&hellip;]<\/p>\n","protected":false},"author":206,"featured_media":0,"parent":0,"menu_order":1,"comment_status":"open","ping_status":"open","template":"archives.php","meta":{"footnotes":""},"class_list":["post-1","page","type-page","status-publish","hentry"],"_links":{"self":[{"href":"https:\/\/blog.espol.edu.ec\/kpoavl\/index.php?rest_route=\/wp\/v2\/pages\/1","targetHints":{"allow":["GET"]}}],"collection":[{"href":"https:\/\/blog.espol.edu.ec\/kpoavl\/index.php?rest_route=\/wp\/v2\/pages"}],"about":[{"href":"https:\/\/blog.espol.edu.ec\/kpoavl\/index.php?rest_route=\/wp\/v2\/types\/page"}],"author":[{"embeddable":true,"href":"https:\/\/blog.espol.edu.ec\/kpoavl\/index.php?rest_route=\/wp\/v2\/users\/206"}],"replies":[{"embeddable":true,"href":"https:\/\/blog.espol.edu.ec\/kpoavl\/index.php?rest_route=%2Fwp%2Fv2%2Fcomments&post=1"}],"version-history":[{"count":23,"href":"https:\/\/blog.espol.edu.ec\/kpoavl\/index.php?rest_route=\/wp\/v2\/pages\/1\/revisions"}],"predecessor-version":[{"id":6,"href":"https:\/\/blog.espol.edu.ec\/kpoavl\/index.php?rest_route=\/wp\/v2\/pages\/1\/revisions\/6"}],"wp:attachment":[{"href":"https:\/\/blog.espol.edu.ec\/kpoavl\/index.php?rest_route=%2Fwp%2Fv2%2Fmedia&parent=1"}],"curies":[{"name":"wp","href":"https:\/\/api.w.org\/{rel}","templated":true}]}}