{"id":76,"date":"2014-11-11T11:01:20","date_gmt":"2014-11-11T11:01:20","guid":{"rendered":"http:\/\/blog.espol.edu.ec\/kreyna\/?page_id=76"},"modified":"2014-11-11T11:01:24","modified_gmt":"2014-11-11T11:01:24","slug":"los-medicos-deben-recetar-hacer-ejercicio-afirman-expertos","status":"publish","type":"page","link":"https:\/\/blog.espol.edu.ec\/kreyna\/los-medicos-deben-recetar-hacer-ejercicio-afirman-expertos\/","title":{"rendered":"Los m\u00e9dicos deben recetar hacer ejercicio, afirman expertos"},"content":{"rendered":"<p>\"Los m\u00e9dicos tienen que prescribir la actividad f\u00edsica\", porque es el \"pr\u00f3ximo paso esencial para combatir a epidemia de sedentarismo\", que afecta al 80 por ciento de los ni\u00f1os del mundo, afirm\u00f3 hoy a Efe la especialista Patricia Sangenis, participante en un foro cient\u00edfico en Buenos Aires.<\/p>\n<p>La m\u00e9dica cardi\u00f3loga, directora del Instituto Deporte y Salud de Buenos Aires y ponente en el Simposio Vida Activa y Saludable de la Serie Cient\u00edfica Latinoamericana, sostuvo en una entrevista con Efe que encuestas realizadas en 122 pa\u00edses revelan que las personas, \"por m\u00e1s internet y aplicaciones electr\u00f3nicas que consulten\", toman como \"referente\" en salud a su m\u00e9dico.<\/p>\n<p>\"No hay nadie que sea m\u00e1s influyente en una persona para que sea activa\" que su m\u00e9dico, destac\u00f3 la especialista y agreg\u00f3 que los profesionales de la salud deben \"perder el miedo de prescribir actividad f\u00edsica, porque sino lo hacemos nosotros hay otros que indican y no siempre en la manera adecuada\".<\/p>\n<p>Subray\u00f3 la necesidad de asegurarse de que la pr\u00e1ctica sea \"segura\" a trav\u00e9s de \"cuestionarios de salud\" o f\u00f3rmulas de seguimiento m\u00e9dico \"que permitan que las personas hagan actividad f\u00edsica sin correr riesgos\".<\/p>\n<p>\"Tiene que ser pr\u00e1ctico y simple\" porque \"todo lo que se aleje\" de la sencillez aparta \"a las personas de tener una vida activa\".<\/p>\n<p>La especialista argentina hizo hincapi\u00e9 en que la actividad f\u00edsica recomendada por el m\u00e9dico tiene que ser tambi\u00e9n \"divertida\" y brindar a las personas \"un plan y unos objetivos\".<\/p>\n<p>\"Esto es un movimiento nuevo en el mundo\" advirti\u00f3 la especialista indicando que proviene de una tendencia implantada en Estados Unidos, Canad\u00e1 y Europa, a trav\u00e9s de la cual \"los agentes de salud\" trasladan el lema \"ejercicio es medicina\" a la poblaci\u00f3n en general.<\/p>\n<p>En el contexto argentino, se trabaja en esta l\u00ednea desde la Sociedad de Cardiolog\u00eda y la Fundaci\u00f3n Cardiol\u00f3gica, el Comit\u00e9 Ol\u00edmpico Argentino y la pr\u00f3xima colaboraci\u00f3n de las sociedades de pediatr\u00eda y nutrici\u00f3n, apunt\u00f3.<\/p>\n<p>\"Estamos incorporando a las sociedades a la prescripci\u00f3n\" dijo, refiri\u00e9ndose a las \"dificultades\" que han encontrado hasta ahora los m\u00e9dicos para acercarse a esta pr\u00e1ctica, dado que no ha sido objeto de estudio en sus carreras.<\/p>\n<p>Sangen\u00eds se\u00f1al\u00f3 que la tendencia surgi\u00f3 como recomendaciones generales de la Asociaci\u00f3n Americana del Coraz\u00f3n o del Colegio Americano de Medicina del Deporte, pero celebr\u00f3 que \"hoy hay un programa estructurado que dice la medicina es ejercicio y el ejercicio es medicina\".<\/p>\n<p>\"Tenemos que pasar de que los m\u00e9dicos cobren por tratar enfermos a que sean recompensados tambi\u00e9n por prevenir enfermedades\" defendi\u00f3.<\/p>\n<p>Patricia Sangen\u00eds dirige la Comisi\u00f3n Mujer y Deporte del Comit\u00e9 Ol\u00edmpico Argentino 2014, es miembro de la Sociedad Argentina de Cardiolog\u00eda, conductora del programa \"Deporte y Salud\" que se emite desde hace 15 a\u00f1os en la televisi\u00f3n argentina y autora de tres libros sobre los beneficios de la actividad f\u00edsica.<\/p>\n<p>La Serie Cient\u00edfica Latinoamericana re\u00fane en Buenos Aires, hoy y ma\u00f1ana, a cerca de 200 expertos, acad\u00e9micos, m\u00e9dicos y deportistas. <\/p>\n<p><a href=\"http:\/\/blog.espol.edu.ec\/kreyna\/files\/2014\/11\/correr.jpg\"><img loading=\"lazy\" decoding=\"async\" src=\"http:\/\/blog.espol.edu.ec\/kreyna\/files\/2014\/11\/correr-300x200.jpg\" alt=\"correr\" width=\"300\" height=\"200\" class=\"alignnone size-medium wp-image-77\" srcset=\"https:\/\/blog.espol.edu.ec\/kreyna\/files\/2014\/11\/correr-300x200.jpg 300w, https:\/\/blog.espol.edu.ec\/kreyna\/files\/2014\/11\/correr.jpg 1024w\" sizes=\"auto, (max-width: 300px) 100vw, 300px\" \/><\/a><\/p>\n","protected":false},"excerpt":{"rendered":"<p>\"Los m\u00e9dicos tienen que prescribir la actividad f\u00edsica\", porque es el \"pr\u00f3ximo paso esencial para combatir a epidemia de sedentarismo\", que afecta al 80 por ciento de los ni\u00f1os del mundo, afirm\u00f3 hoy a Efe la especialista Patricia Sangenis, participante en un foro cient\u00edfico en Buenos Aires. La m\u00e9dica cardi\u00f3loga, directora del Instituto Deporte y &hellip; <\/p>\n<p><a class=\"more-link btn\" href=\"https:\/\/blog.espol.edu.ec\/kreyna\/los-medicos-deben-recetar-hacer-ejercicio-afirman-expertos\/\">Seguir leyendo<\/a><\/p>\n","protected":false},"author":9390,"featured_media":0,"parent":0,"menu_order":0,"comment_status":"open","ping_status":"open","template":"","meta":{"footnotes":""},"class_list":["post-76","page","type-page","status-publish","hentry","nodate","item-wrap"],"_links":{"self":[{"href":"https:\/\/blog.espol.edu.ec\/kreyna\/wp-json\/wp\/v2\/pages\/76","targetHints":{"allow":["GET"]}}],"collection":[{"href":"https:\/\/blog.espol.edu.ec\/kreyna\/wp-json\/wp\/v2\/pages"}],"about":[{"href":"https:\/\/blog.espol.edu.ec\/kreyna\/wp-json\/wp\/v2\/types\/page"}],"author":[{"embeddable":true,"href":"https:\/\/blog.espol.edu.ec\/kreyna\/wp-json\/wp\/v2\/users\/9390"}],"replies":[{"embeddable":true,"href":"https:\/\/blog.espol.edu.ec\/kreyna\/wp-json\/wp\/v2\/comments?post=76"}],"version-history":[{"count":1,"href":"https:\/\/blog.espol.edu.ec\/kreyna\/wp-json\/wp\/v2\/pages\/76\/revisions"}],"predecessor-version":[{"id":78,"href":"https:\/\/blog.espol.edu.ec\/kreyna\/wp-json\/wp\/v2\/pages\/76\/revisions\/78"}],"wp:attachment":[{"href":"https:\/\/blog.espol.edu.ec\/kreyna\/wp-json\/wp\/v2\/media?parent=76"}],"curies":[{"name":"wp","href":"https:\/\/api.w.org\/{rel}","templated":true}]}}