{"id":12,"date":"2016-11-06T01:52:21","date_gmt":"2016-11-06T01:52:21","guid":{"rendered":"http:\/\/blog.espol.edu.ec\/krynrome\/?page_id=12"},"modified":"2017-01-11T02:00:36","modified_gmt":"2017-01-11T02:00:36","slug":"jared-leto","status":"publish","type":"page","link":"https:\/\/blog.espol.edu.ec\/krynrome\/jared-leto\/","title":{"rendered":"FOTOS"},"content":{"rendered":"<p style=\"text-align: left\" class=\"lead\"><strong>Jared Joseph Leto<\/strong><\/p>\n<p><strong>Actor y cantante estadounidense<\/strong><br \/>\n<img loading=\"lazy\" decoding=\"async\" class=\"size-medium wp-image-13 alignright\" src=\"http:\/\/blog.espol.edu.ec\/krynrome\/files\/2016\/11\/MV5BMTczMjUwNDUzMF5BMl5BanBnXkFtZTgwNDA4OTAzMTE@._V1_UY1200_CR8506301200_AL_-158x300.jpg\" alt=\"mv5bmtczmjuwnduzmf5bml5banbnxkftztgwnda4otazmte-_v1_uy1200_cr8506301200_al_\" width=\"158\" height=\"300\" \/><\/p>\n<p>Naci\u00f3 el 26 de diciembre de 1971 en Bossier City, Luisiana, Estados Unidos.<\/p>\n<p>Hijo de Constance Metrejon, de ascendencia caj\u00fan. Sus padres se divorciaron cuando \u00e9l era un ni\u00f1o, y junto a su hermano mayor, Shannon, vivieron con su madre y sus abuelos maternos.\u00a0En 1992, se mud\u00f3 a Los \u00c1ngeles para desarrollar su carrera como director y empez\u00f3 a trabajar en papeles menores para la televisi\u00f3n. Sus primeras apariciones en este medio fueron en las series Camp Wilder (1992), Almost Home(1993) y My So-Called Life (1994).<\/p>\n<p>En la gran pantalla debut\u00f3 con How to Make an American Quilt actuando despu\u00e9s en los filmes Prefontaine (1997), Urban Legend (1998), The Thin Red Line (1998), Fight Club (1999), Requiem for a Dream (2000), Panic Room (2002),Alexander (2004) y Lord of War (2005) y Dallas Buyers Club (2013) entre otros. Encarn\u00f3 al nuevo Joker en la pel\u00edcula Suicide Squad (2016).<\/p>\n<p style=\"text-align: left\">En el terreno musical, es vocalista principal, multi-instrumentista y compositor principal de Thirty Seconds to Mars, banda que form\u00f3 en 1998 en Los \u00c1ngeles con su hermano mayor, Shannon. Su \u00e1lbum debut, 30 Seconds to Mars (2002), recibi\u00f3 cr\u00edticas positivas aunque s\u00f3lo tuvo \u00e9xito limitado. La formaci\u00f3n alcanz\u00f3 fama internacional con el lanzamiento de su segundo \u00e1lbum A Beautiful Lie(2005). Despu\u00e9s aparecieron This Is War (2009) y Love, Lust, Faith and Dreams(2013).<\/p>\n<p style=\"text-align: left\">Discograf\u00eda<\/p>\n<p>30 Seconds to Mars (2002)<br \/>\nA Beautiful Lie (2005)<br \/>\nThis Is War (2009)<br \/>\nLove, Lust, Faith and Dreams (2013)<\/p>\n","protected":false},"excerpt":{"rendered":"<p>Jared Joseph Leto Actor y cantante estadounidense Naci\u00f3 el 26 de diciembre de 1971 en Bossier City, Luisiana, Estados Unidos. Hijo de Constance Metrejon, de ascendencia caj\u00fan. Sus padres se divorciaron cuando \u00e9l era un ni\u00f1o, y junto a su hermano mayor, Shannon, vivieron con su madre y sus abuelos maternos.\u00a0En 1992, se mud\u00f3 a...  <a class=\"excerpt-read-more\" href=\"https:\/\/blog.espol.edu.ec\/krynrome\/jared-leto\/\" title=\"ReadFOTOS\">Read more &raquo;<\/a><\/p>\n","protected":false},"author":10714,"featured_media":0,"parent":0,"menu_order":0,"comment_status":"closed","ping_status":"closed","template":"","meta":{"footnotes":""},"class_list":["post-12","page","type-page","status-publish","hentry"],"_links":{"self":[{"href":"https:\/\/blog.espol.edu.ec\/krynrome\/wp-json\/wp\/v2\/pages\/12","targetHints":{"allow":["GET"]}}],"collection":[{"href":"https:\/\/blog.espol.edu.ec\/krynrome\/wp-json\/wp\/v2\/pages"}],"about":[{"href":"https:\/\/blog.espol.edu.ec\/krynrome\/wp-json\/wp\/v2\/types\/page"}],"author":[{"embeddable":true,"href":"https:\/\/blog.espol.edu.ec\/krynrome\/wp-json\/wp\/v2\/users\/10714"}],"replies":[{"embeddable":true,"href":"https:\/\/blog.espol.edu.ec\/krynrome\/wp-json\/wp\/v2\/comments?post=12"}],"version-history":[{"count":2,"href":"https:\/\/blog.espol.edu.ec\/krynrome\/wp-json\/wp\/v2\/pages\/12\/revisions"}],"predecessor-version":[{"id":76,"href":"https:\/\/blog.espol.edu.ec\/krynrome\/wp-json\/wp\/v2\/pages\/12\/revisions\/76"}],"wp:attachment":[{"href":"https:\/\/blog.espol.edu.ec\/krynrome\/wp-json\/wp\/v2\/media?parent=12"}],"curies":[{"name":"wp","href":"https:\/\/api.w.org\/{rel}","templated":true}]}}