{"id":2,"date":"2016-11-01T21:26:11","date_gmt":"2016-11-01T21:26:11","guid":{"rendered":"http:\/\/blog.espol.edu.ec\/krynrome\/?page_id=2"},"modified":"2017-01-11T01:58:45","modified_gmt":"2017-01-11T01:58:45","slug":"que-es-musica","status":"publish","type":"page","link":"https:\/\/blog.espol.edu.ec\/krynrome\/que-es-musica\/","title":{"rendered":"CULTURA MAKERS"},"content":{"rendered":"<h3 class=\"post-title entry-title\"><a href=\"http:\/\/sleepingirl77.blogspot.com\/2012\/10\/esto-es-lo-que-te-puedo-decir-de-la.html\">Esto es lo que te puedo decir de la m\u00fasica.<\/a><\/h3>\n<div class=\"post-header\"><\/div>\n<div id=\"post-body-5066448356464681454\" class=\"post-body entry-content\">\n<div>Desde hace 2,500 a\u00f1os, la m\u00fasica se ha considerado una\u00a0<label>fuerza<\/label>\u00a0tan potente e influyente en la\u00a0<label>sociedad<\/label>\u00a0que los principales fil\u00f3sofos y pol\u00edticos han abogado por su\u00a0<label>control<\/label>, incluso a trav\u00e9s de la constituci\u00f3n de su naci\u00f3n. Este fue el caso en Esparta y Atenas. En Jap\u00f3n, en el siglo III a.C., se estableci\u00f3 una oficina imperial de m\u00fasica (el Jagaku-ryo) para controlar actividades musicales. Otras culturas antiguas, como las de Egipto, India y China, manifestaron preocupaciones similares. Hoy, un control legislativo o gubernamental de este tipo ser\u00eda casi inconcebible, pero incluso en este siglo, hay gobiernos que han implementado leyes para controlar la m\u00fasica.<\/div>\n<\/div>\n<div><\/div>\n<div><img loading=\"lazy\" decoding=\"async\" class=\"aligncenter wp-image-7 \" src=\"http:\/\/blog.espol.edu.ec\/krynrome\/files\/2016\/11\/Escuela_de_M\u00fasica-300x182.gif\" alt=\"escuela_de_musica\" width=\"335\" height=\"203\" \/><\/div>\n<div><\/div>\n<div><\/div>\n<div><\/div>\n<div><\/div>\n<div>Arist\u00f3teles ense\u00f1aba que \u00a8la m\u00fasica imita directamente\u00a0las pasiones o estados del alma; apacibilidad, enojo, valor, templanza, y sus opuestos y otras cualidades; por lo tanto, cuando uno escucha m\u00fasica que imita cierta pasi\u00f3n, es imbuido por la misma pasi\u00f3n.<\/div>\n<div id=\"post-body-5066448356464681454\" class=\"post-body entry-content\">\n<div>Pero a todo esto \u00bfque es la\u00a0m\u00fasica?\u00a0seg\u00fan\u00a0wikipedia\u00a0La M\u00fasica es un movimiento organizado de sonidos a trav\u00e9s de un continuo de tiempo. La m\u00fasica desempe\u00f1a un papel importante en todas las sociedades y existe en una gran cantidad de estilos, caracter\u00edsticos de diferentes regiones geogr\u00e1ficas o \u00e9pocas hist\u00f3ricas.<\/div>\n<p class=\"lead\">Existen infinidad de\u00a0g\u00e9neros\u00a0musicales como por ejemplo:<\/p>\n<p>*Rock<br \/>\n*Pop<br \/>\n*Grunge<br \/>\n*Heavy Metal<br \/>\n*Electr\u00f3nica<br \/>\n*Punk<br \/>\n*G\u00f3tica<br \/>\n*Cl\u00e1sica<br \/>\n*Instrumental<br \/>\n*Opera<br \/>\n*Balada<br \/>\n*Salsa<br \/>\n*Cumbia<br \/>\n*Merengue<\/p>\n<div>Entre muchos otros....<\/div>\n<div><\/div>\n<div>La m\u00fasica es para todo tipo de gente no importa g\u00e9nero, edad, posici\u00f3n social, etc. Ya que es un medio de expresi\u00f3n, un arte que es para disfrutarse.<\/div>\n<div><\/div>\n<div>\n<p>Se dice que si quieres conocer a una persona,\u00a0escucha\u00a0la\u00a0m\u00fasica\u00a0que le gusta......<\/p>\n<\/div>\n<div>Asi como la m\u00fasica est\u00e1 dividida en g\u00e9neros el estado de \u00e1nimo de la gente tambi\u00e9n lo est\u00e1, ya que a veces nos sentimos tristes, alegres, con ganas de bailar, saltar, algo con lo que nos sintamos a gusto. As\u00ed que, una forma de expresar ese estado de \u00e1nimo es por medio del arte llamado M\u00fasica.<\/div>\n<\/div>\n","protected":false},"excerpt":{"rendered":"<p>Esto es lo que te puedo decir de la m\u00fasica. Desde hace 2,500 a\u00f1os, la m\u00fasica se ha considerado una\u00a0fuerza\u00a0tan potente e influyente en la\u00a0sociedad\u00a0que los principales fil\u00f3sofos y pol\u00edticos han abogado por su\u00a0control, incluso a trav\u00e9s de la constituci\u00f3n de su naci\u00f3n. Este fue el caso en Esparta y Atenas. En Jap\u00f3n, en el...  <a class=\"excerpt-read-more\" href=\"https:\/\/blog.espol.edu.ec\/krynrome\/que-es-musica\/\" title=\"ReadCULTURA MAKERS\">Read more &raquo;<\/a><\/p>\n","protected":false},"author":10714,"featured_media":0,"parent":0,"menu_order":0,"comment_status":"closed","ping_status":"open","template":"","meta":{"footnotes":""},"class_list":["post-2","page","type-page","status-publish","hentry"],"_links":{"self":[{"href":"https:\/\/blog.espol.edu.ec\/krynrome\/wp-json\/wp\/v2\/pages\/2","targetHints":{"allow":["GET"]}}],"collection":[{"href":"https:\/\/blog.espol.edu.ec\/krynrome\/wp-json\/wp\/v2\/pages"}],"about":[{"href":"https:\/\/blog.espol.edu.ec\/krynrome\/wp-json\/wp\/v2\/types\/page"}],"author":[{"embeddable":true,"href":"https:\/\/blog.espol.edu.ec\/krynrome\/wp-json\/wp\/v2\/users\/10714"}],"replies":[{"embeddable":true,"href":"https:\/\/blog.espol.edu.ec\/krynrome\/wp-json\/wp\/v2\/comments?post=2"}],"version-history":[{"count":4,"href":"https:\/\/blog.espol.edu.ec\/krynrome\/wp-json\/wp\/v2\/pages\/2\/revisions"}],"predecessor-version":[{"id":74,"href":"https:\/\/blog.espol.edu.ec\/krynrome\/wp-json\/wp\/v2\/pages\/2\/revisions\/74"}],"wp:attachment":[{"href":"https:\/\/blog.espol.edu.ec\/krynrome\/wp-json\/wp\/v2\/media?parent=2"}],"curies":[{"name":"wp","href":"https:\/\/api.w.org\/{rel}","templated":true}]}}