{"id":31,"date":"2016-11-08T21:30:18","date_gmt":"2016-11-08T21:30:18","guid":{"rendered":"http:\/\/blog.espol.edu.ec\/krynrome\/?page_id=31"},"modified":"2017-01-11T02:01:00","modified_gmt":"2017-01-11T02:01:00","slug":"adele","status":"publish","type":"page","link":"https:\/\/blog.espol.edu.ec\/krynrome\/adele\/","title":{"rendered":"USUARIOS"},"content":{"rendered":"<p style=\"text-align: right\" class=\"lead\">Naci\u00f3 el 5 de mayo de 1988 en <b>Tottenham<\/b>, Londres, Inglaterra.<\/p>\n\n\t\t<style type=\"text\/css\">\n\t\t\t#gallery-1 {\n\t\t\t\tmargin: auto;\n\t\t\t}\n\t\t\t#gallery-1 .gallery-item {\n\t\t\t\tfloat: left;\n\t\t\t\tmargin-top: 10px;\n\t\t\t\ttext-align: center;\n\t\t\t\twidth: 33%;\n\t\t\t}\n\t\t\t#gallery-1 img {\n\t\t\t\tborder: 2px solid #cfcfcf;\n\t\t\t}\n\t\t\t#gallery-1 .gallery-caption {\n\t\t\t\tmargin-left: 0;\n\t\t\t}\n\t\t\t\/* see gallery_shortcode() in wp-includes\/media.php *\/\n\t\t<\/style>\n\t\t<div id='gallery-1' class='gallery galleryid-31 gallery-columns-3 gallery-size-large'><dl class='gallery-item'>\n\t\t\t<dt class='gallery-icon landscape'>\n\t\t\t\t<a class=\"thumbnail cboxElement\" href='https:\/\/blog.espol.edu.ec\/krynrome\/files\/2016\/11\/adele.jpg' class=\"thumbnail cboxElement cbinl\" data-rel=\"group31\"><img loading=\"lazy\" decoding=\"async\" width=\"310\" height=\"163\" src=\"https:\/\/blog.espol.edu.ec\/krynrome\/files\/2016\/11\/adele.jpg\" class=\"attachment-large size-large\" alt=\"\" srcset=\"https:\/\/blog.espol.edu.ec\/krynrome\/files\/2016\/11\/adele.jpg 310w, https:\/\/blog.espol.edu.ec\/krynrome\/files\/2016\/11\/adele-300x158.jpg 300w\" sizes=\"auto, (max-width: 310px) 100vw, 310px\" \/><\/a>\n\t\t\t<\/dt><\/dl>\n\t\t\t<br style='clear: both' \/>\n\t\t<\/div>\n\n<p style=\"text-align: right\">Hija de la inglesa Penny Adkins (nacida en 1970) y del gal\u00e9s, Mark Evans, un alcoh\u00f3lico que las abandon\u00f3 cuando Adele ten\u00eda dos a\u00f1os, dejando a su madre la responsabilidad de criarla sola. Ella foment\u00f3 el inter\u00e9s de Adele por la m\u00fasica llev\u00e1ndola a conciertos a una edad temprana y haci\u00e9ndola participar en las reuniones de amigos.<\/p>\n<p style=\"text-align: right\">Adele atrajo la atenci\u00f3n de la industria discogr\u00e1ficas cuando un amigo lanz\u00f3 una producci\u00f3n de tres canciones en la red social<b> MySpace<\/b>.<\/p>\n<p style=\"text-align: right\">La salida a la venta de su primer single, <b>Chasing Pavements<\/b>, la consagr\u00f3 como firme promesa y la puso en el segundo puesto de los superventas. Al cabo de un a\u00f1o, era invitada a compartir escenario con <b><a href=\"http:\/\/www.buscabiografias.com\/biografia\/verDetalle\/5571\/Bjork%20Bjork\">Bj\u00f6rk<\/a><\/b> y <b><a href=\"http:\/\/www.buscabiografias.com\/biografia\/verDetalle\/2082\/Paul%20McCartney\">Paul McCartney<\/a><\/b> en el programa de <b>televisi\u00f3n<\/b> de <b>Jools Holland,<\/b> un popular <b>show<\/b> que segu\u00eda en su adolescencia junto a su madre. En 2008, tras firmar un contrato con<b> XL Recordings<\/b>, lanz\u00f3 su debut \"<b>19<\/b>\" (el t\u00edtulo del disco alude a su edad), que entr\u00f3 directamente al primer lugar de la cartelera de \u00e1lbumes y le vali\u00f3 dos premios <b>Grammy<\/b> (Mejor Artista Nueva y Mejor Interpretaci\u00f3n Vocal de Pop por una Cantante Femenina) vendi\u00f3 m\u00e1s de cuatro millones de copias.<\/p>\n<p style=\"text-align: right\">En 2013 logr\u00f3 un noveno Grammy en la categor\u00eda \"Best Pop Solo Performance\" con \"Set Fire to the Rain\".<\/p>\n<p style=\"text-align: right\">El 5 de octubre de 2012 lanza un sencillo para la pel\u00edcula <b>Skyfall<\/b>, escrito junto a Paul Epworth y gan\u00f3 el Golden Globe en la categor\u00eda \"Mejor Canci\u00f3n Original\", el 13 de enero de 2013, en la 70\u00aa edici\u00f3n de los premios, posteriormente gan\u00f3 un Oscar como \"Mejor Canci\u00f3n Original\".<\/p>\n<p style=\"text-align: right\">En enero de 2012 se public\u00f3 que Adele estaba saliendo con el empresario Simon Konecki. En junio de 2012, Adele anunci\u00f3 que ella y Konecki estaban esperando un beb\u00e9. Su hijo Angelo James Konecki naci\u00f3 el 19 de octubre 2012.<\/p>\n<p style=\"text-align: right\">En 2013, fue galardonada como Member of the Most Excellent Order of the British Empire por el <a href=\"http:\/\/www.buscabiografias.com\/biografia\/verDetalle\/9430\/Carlos%20de%20Inglaterra%20-%20Carlos%20de%20Gales%20-%20Charles%20Philip%20Arthur%20George\"><strong>pr\u00edncipe Carlos<\/strong><\/a> en el Palacio de Buckingham en Londres.<\/p>\n<p style=\"text-align: right\">Con 27 a\u00f1os Adele present\u00f3 su nuevo \u00e1lbum titulado \"<strong>25<\/strong>\", en un inesperado anuncio en su p\u00e1gina de Facebook tras un largo par\u00e9ntesis creativo. \"Mi \u00faltimo \u00e1lbum fue un disco de ruptura, y si tuviera que definir \u00e9ste lo har\u00eda como un disco de reconciliaci\u00f3n\", escribi\u00f3. \"Estoy haciendo las paces conmigo misma y por el tiempo perdido, reconcili\u00e1ndome con todo lo que hice y lo que no hice\". \"Siento haber tardado tanto tiempo\", se disculp\u00f3 ante sus fans. El lanzamiento previsto se fij\u00f3 en el 20 de noviembre de 2015.<\/p>\n<p style=\"text-align: right\"><b>Discograf\u00eda<\/b><\/p>\n<p style=\"text-align: right\">\u00c1lbumes de estudio<\/p>\n<p style=\"text-align: right\">2008: 19<br \/>\n2011: 21<br \/>\n2015: 25<\/p>\n<p style=\"text-align: right\">Bandas sonoras, EP y \u00e1lbumes en vivo<\/p>\n<p style=\"text-align: right\">2009: ITunes Live from SoHo (2009)<br \/>\n2011: iTunes Festival: London<br \/>\n2011: Adele Live At The Royal Albert Hall<br \/>\n2012: Skyfall<\/p>\n","protected":false},"excerpt":{"rendered":"<p>Naci\u00f3 el 5 de mayo de 1988 en Tottenham, Londres, Inglaterra. Hija de la inglesa Penny Adkins (nacida en 1970) y del gal\u00e9s, Mark Evans, un alcoh\u00f3lico que las abandon\u00f3 cuando Adele ten\u00eda dos a\u00f1os, dejando a su madre la responsabilidad de criarla sola. Ella foment\u00f3 el inter\u00e9s de Adele por la m\u00fasica llev\u00e1ndola a...  <a class=\"excerpt-read-more\" href=\"https:\/\/blog.espol.edu.ec\/krynrome\/adele\/\" title=\"ReadUSUARIOS\">Read more &raquo;<\/a><\/p>\n","protected":false},"author":10714,"featured_media":0,"parent":0,"menu_order":0,"comment_status":"closed","ping_status":"closed","template":"","meta":{"footnotes":""},"class_list":["post-31","page","type-page","status-publish","hentry"],"_links":{"self":[{"href":"https:\/\/blog.espol.edu.ec\/krynrome\/wp-json\/wp\/v2\/pages\/31","targetHints":{"allow":["GET"]}}],"collection":[{"href":"https:\/\/blog.espol.edu.ec\/krynrome\/wp-json\/wp\/v2\/pages"}],"about":[{"href":"https:\/\/blog.espol.edu.ec\/krynrome\/wp-json\/wp\/v2\/types\/page"}],"author":[{"embeddable":true,"href":"https:\/\/blog.espol.edu.ec\/krynrome\/wp-json\/wp\/v2\/users\/10714"}],"replies":[{"embeddable":true,"href":"https:\/\/blog.espol.edu.ec\/krynrome\/wp-json\/wp\/v2\/comments?post=31"}],"version-history":[{"count":3,"href":"https:\/\/blog.espol.edu.ec\/krynrome\/wp-json\/wp\/v2\/pages\/31\/revisions"}],"predecessor-version":[{"id":77,"href":"https:\/\/blog.espol.edu.ec\/krynrome\/wp-json\/wp\/v2\/pages\/31\/revisions\/77"}],"wp:attachment":[{"href":"https:\/\/blog.espol.edu.ec\/krynrome\/wp-json\/wp\/v2\/media?parent=31"}],"curies":[{"name":"wp","href":"https:\/\/api.w.org\/{rel}","templated":true}]}}