{"id":115,"date":"2016-11-14T00:01:44","date_gmt":"2016-11-14T05:01:44","guid":{"rendered":"http:\/\/blog.espol.edu.ec\/ksaguila\/?page_id=115"},"modified":"2016-11-14T00:01:44","modified_gmt":"2016-11-14T05:01:44","slug":"lg","status":"publish","type":"page","link":"https:\/\/blog.espol.edu.ec\/ksaguila\/lg\/","title":{"rendered":"LG"},"content":{"rendered":"<p>LG GROUP<\/p>\n<p><img loading=\"lazy\" decoding=\"async\" class=\"alignnone size-full wp-image-116\" src=\"http:\/\/blog.espol.edu.ec\/ksaguila\/files\/2016\/11\/logolg.png\" alt=\"logolg\" width=\"275\" height=\"183\" \/><\/p>\n<p>LG Group es una empresa de Corea del Sur que fabrica productos electr\u00f3nicos, tel\u00e9fonos m\u00f3viles y productos petroqu\u00edmicos y opera filiales como LG Electronics.<br \/>\nCreada en 1947, asumi\u00f3 el nombre abreviado de \"LG\", en 1995. LG es una abreviatura de \"Lucky Goldstar\" (\ub7ed\ud0a4\uae08\uc131) en Corea del Sur, que ha sido traducido al ingl\u00e9s como Lucky Venus (Goldstar). Antes, muchos de sus productos electr\u00f3nicos fueron vendidos bajo la marca Goldstar, mientras que otros productos para el hogar (no disponibles fuera de Corea del Sur) fueron vendidos bajo la marca \"Lucky\". Esta \u00faltima era famosa por los productos de limpieza del hogar y detergentes para ropa en Corea del Sur. Antes de la industrializaci\u00f3n masiva de la sociedad de Corea del Sur, el nombre de Lucky era sin\u00f3nimo de pasta de dientes.<br \/>\nRecientemente, la compa\u00f1\u00eda ha tratado de actualizar su eslogan sugiriendo que \"LG\" significa \"Life's Good\" (\"La vida es buena\"<img decoding=\"async\" src=\"https:\/\/o1.t26.net\/images\/space.gif\" \/>. En enero de 2009, LG Group compr\u00f3 el dominio LG.com 2 La compa\u00f1\u00eda incluso est\u00e1 en el \"VB.com Internet Hall of Fame\".<\/p>\n<p>SUMARIO<\/p>\n<p>En el 2005, LG fue una las 100 marcas Globales Sobresalientes, y en 2006, LG registr\u00f3 un crecimiento de 14%. Ahora es el fabricante m\u00e1s grande de paneles de plasma del mundo, su afiliado, LG Display, es uno de los fabricantes m\u00e1s grandes de pantallas de cristal l\u00edquido. Tambi\u00e9n en 2006, la divisi\u00f3n de tel\u00e9fonos m\u00f3viles de la compa\u00f1\u00eda, LG Mobile, comercializ\u00f3 el tel\u00e9fono LG Chocolate, cambiando la imagen de la compa\u00f1\u00eda del fabricante de tel\u00e9fonos gruesos 3G. Eso ahora enfoca la atenci\u00f3n en el dise\u00f1o y comercializando tel\u00e9fonos como el LG Shine, el LG Glimmer y el LG Prada (KE850). Como consecuencia, la compa\u00f1\u00eda fue escogida como \"El Equipo del Dise\u00f1o del A\u00f1o\" por el Premio Red Dot Design Award en 2006-2007, y es a menudo llamado la \"manzana nueva\" en la industria y las comunidades en l\u00ednea.<\/p>\n<p>HISTORIA<\/p>\n<p>La compa\u00f1\u00eda fue originalmente establecida en 1958 como GoldStar, produciendo radios, TVs, refrigeradores, lavadoras, y acondicionadores de aire. LG Group fue un consorcio de dos compa\u00f1\u00edas coreanas, Lucky (del \"Nakhui\" coreano) y GoldStar, del cual la abreviaci\u00f3n de LG se deriv\u00f3. Antes del cambio de nombre de una compa\u00f1\u00eda para LG, los productos de toda la casa fueron vendidos bajo el nombre de marca de Lucky, mientras los productos electr\u00f3nicos fueron vendidos bajo el nombre de marca de GoldStar. En enero de 2009 LG pudo comprar el nombre de dominio, LG.com, coloc\u00e1ndose entre las compa\u00f1\u00edas que poseen su nombre de dominio de dos letras.<br \/>\nEn 1994 GoldStar gan\u00f3 el patrocinio de The 3DO Company para hacer el primer 3DO Interactive Multiplayer. En 1995, GoldStar fue renombrado LG Electronics, y adquiri\u00f3 Zenith Electronics de los Estados Unidos. LG Solar Energy es una sucursal formada en 2007 para dejar a LG Chem proveerle el poli-silicio a LG Electronics para la producci\u00f3n de paneles de energ\u00eda solar. En 2008, LG tom\u00f3 su primera zambullidura en la manufactura de paneles solares, como anunci\u00f3 un trato preliminar para formar una empresa conjunta con Conergy. Bajo el trato, disp\u00f3ngase a ser completado por el fin del a\u00f1o, LG adquirir\u00eda un 75% de la planta de paneles solares Conergy. LG ha producido videoc\u00e1maras designadas ARTCAM y DSLRs.<\/p>\n<p>MULTIMEDIA<\/p>\n<p>Entre la multimedia esta Tv digital, DVD-ROM Drives, CD Rewritable Recorder, VCR, DVD Player, Audio, Sistemas de Seguridad, Grabadores de Multimedia, Video Tel\u00e9fonos, C\u00e1maras de PC, Sistema Autom\u00e1tico Bancario, PCB.<br \/>\nLG es una de las marcas m\u00e1s conocidas a nivel mundial, ya sea por sus diferentes rubros de electrodom\u00e9sticos. En estos \u00faltimos a\u00f1os ha incorporado varios sistemas de Home Theater, nuevos LCD Scarlet, Monitores de alta definici\u00f3n y Celulares con funciones digitales espectaculares.<\/p>\n<p><img loading=\"lazy\" decoding=\"async\" class=\"alignnone size-full wp-image-117\" src=\"http:\/\/blog.espol.edu.ec\/ksaguila\/files\/2016\/11\/lgmultimedia.jpg\" alt=\"lgmultimedia\" width=\"600\" height=\"406\" \/><\/p>\n<p>AUDIO Y VIDEO<\/p>\n<p>Home Theater: Los Sistemas Home Theater de LG son lo \u00faltimo en entretenimiento para el hogar. Estos Sistemas con 5.1 canales enaltecen el sonido de las pel\u00edculas y recitales. Se puede ver todas las fotos y escuchar la radio con un solo equipo.<br \/>\nSus modelos son:<br \/>\n<u><strong>HT503SH<\/strong><\/u><br \/>\nHome Theatre con DivX Potencia total: 500W RMS 70W x 5 + 150W<br \/>\nGrabaci\u00f3n directa a MP3 desde CD a la memoria USB<br \/>\nEntrada auxiliar<br \/>\nVirtual 10.1ch Sound Matrix<br \/>\nMayor claridad en las voces<br \/>\nMejoramiento de graves<br \/>\nReproduce: DivX, DVD\u00b1RW, WMA,MP3, JPEG, XVID<br \/>\nDTS\/Dolby Digital\/Dolby Prologic II<br \/>\nProgressive Scan<br \/>\nRadio AM\/FM<br \/>\n<u><strong>HT303SU<\/strong><\/u><br \/>\nHome Theatre con DivX Potencia total: 300W RMS 45W x 5 + 75W<br \/>\nGrabaci\u00f3n directa a MP3 desde CD a la memoria USB<br \/>\nEntrada auxiliar<br \/>\nVirtual 10.1ch Sound Matrix<br \/>\nMayor claridad en las voces<br \/>\nMejoramiento de Graves<br \/>\nReproduce: DivX, DVD\u00b1RW, WMA, MP3, JPEG, Xvid<br \/>\nDTS\/Dolby Digital\/Dolby Prologic II<br \/>\nRadio FM<br \/>\nMusic Photo Album<br \/>\n<u><strong>HT762TZ<\/strong><\/u><br \/>\nHome Theatre Champagne Potencia total de 700W RMS 110W x 5 + 150W<br \/>\nParlantes refinados con terminaciones brillantes<br \/>\n4 Parlantes tipo torre con dise\u00f1o de copas de Champagne<br \/>\nUp-scaling HD 1080i<br \/>\nSIMPLINK (HDMI-CEC)<br \/>\nUSB Plus<br \/>\nEntrada auxiliar<br \/>\nVirtual 10.1ch Sound Matrix<br \/>\nMayor claridad en las voces<br \/>\nMejoramiento de graves<br \/>\nReproduce: DivX, DVD\u00b1RW, WMA, MP3, JPEG<br \/>\nAmplificador Digital XTS PRO<br \/>\nPro -Progressive Scan<br \/>\nRadio AM\/FM<\/p>\n<p>SISTEMAS<\/p>\n<p><u><strong>HIFI System:<\/strong><\/u> Los equipos de Audio de LG est\u00e1n dise\u00f1ados para completar su propio espacio musical con su alta calidad de sonido y estilo.<br \/>\n<u><strong>Minisistemas<\/strong><\/u>: Los nuevos sistemas Mini sistemas de LG combina la mayor la potencia de sonido y un dise\u00f1o lleno estilo.<br \/>\n<u><strong>Microsistemas<\/strong><\/u>: Los sistemas Microsistemas est\u00e1n dise\u00f1ados para ahorrar espacio y mantener la calidad de sonido con un dise\u00f1o distinguido.<\/p>\n<p>SISTEMAS DE TV<\/p>\n<p><u><strong>LCD TV<\/strong><\/u><br \/>\nLos televisores digitales de LCD permiten controlar las transmisiones de televisi\u00f3n, PC, Monitores y DVD todo con un solo control remoto.<\/p>\n<p><u><strong>FLAT TV<\/strong><\/u><br \/>\nLas im\u00e1genes se encuentran con una calidad total de realidad.<\/p>\n<p><u><strong>PDP TV<\/strong><\/u><br \/>\nEl \u00faltimo logro es el ultra delgado y super r\u00e1pido televisor digital con im\u00e1genes y gr\u00e1ficas detalladas, presentadas en una mega pantalla de Plasma.<\/p>\n<p><u><strong>SUPERSLIM<\/strong><\/u><br \/>\n30% m\u00e1s delgado que cualquier otra TV convencional. Conocida como la mejor TV Slim del mundo.<\/p>\n<p>ELECTRODOM\u00c9STICOS<\/p>\n<p>Aire Acondicionado, Refrigeradores, Microondas, Lavadoras, Aspiradoras, Compresores para Aire Acondicionado, Compresores para Refrigeradoras.<br \/>\n<u><strong>Aspiradoras<\/strong><\/u><br \/>\nCon o sin bolsa, la nueva gama de aspiradoras LG ofrecen funcionalidad, dise\u00f1o y potencia.<br \/>\n<u><strong>Microondas<\/strong><\/u><br \/>\nLG es l\u00edder mundial en microondas y ofrece una amplia gama de capacidades, acabados y multitud de funciones para facilitar la cocina diaria.<br \/>\n<u><strong>Lavarropas<\/strong><\/u><br \/>\nSilencioso y durable, no necesita cuidados, tiene un lavado inteligente y f\u00e1cil.<\/p>\n<p>INFORM\u00c1TICA Y SISTEMAS DE COMUNICACI\u00d3N<\/p>\n<p>TDX, STAREX, Sistemas \u00d3pticos de Conmutaci\u00f3n, Implementaci\u00f3n de IBS Avanzados (Construyendo Sistemas de Informaci\u00f3n), Servicio de Integraci\u00f3n de Sistemas (SI), etc. Tambi\u00e9n incluye una gama de ordenadores, con elevadas prestaciones, incorporando la \u00faltima tecnolog\u00eda.<\/p>\n<p>Si deseas saber mas acerca de Lg, da clic\u00a0<a href=\"http:\/\/www.lg.com\/ec\/acerca-de-lg\" target=\"_blank\">AQUI<\/a><\/p>\n<form id=\"vozme_form_6c62206e7c2d90e4b6e8da930a280029\" method=\"post\" name=\"vozme_form_6c62206e7c2d90e4b6e8da930a280029\" target=\"6c62206e7c2d90e4b6e8da930a280029\" action=\"http:\/\/vozme.com\/text2voice.php\"><input name=\"text\" type=\"hidden\" value=\"LG. LG GROUP\n\nLG Group es una empresa de Corea del Sur que fabrica productos electr\u00f3nicos, tel\u00e9fonos m\u00f3viles y productos petroqu\u00edmicos y opera filiales como LG Electronics.\nCreada en 1947, asumi\u00f3 el nombre abreviado de &quot;LG&quot;, en 1995. LG es una abreviatura de &quot;Lucky Goldstar&quot; (\ub7ed\ud0a4\uae08\uc131) en Corea del Sur, que ha sido traducido al ingl\u00e9s como Lucky Venus (Goldstar). Antes, muchos de sus productos electr\u00f3nicos fueron vendidos bajo la marca Goldstar, mientras que otros productos para el hogar (no disponibles fuera de Corea del Sur) fueron vendidos bajo la marca &quot;Lucky&quot;. Esta \u00faltima era famosa por los productos de limpieza del hogar y detergentes para ropa en Corea del Sur. Antes de la industrializaci\u00f3n masiva de la sociedad de Corea del Sur, el nombre de Lucky era sin\u00f3nimo de pasta de dientes.\nRecientemente, la compa\u00f1\u00eda ha tratado de actualizar su eslogan sugiriendo que &quot;LG&quot; significa &quot;Life&quot;s Good&quot; (&quot;La vida es buena&quot;. En enero de 2009, LG Group compr\u00f3 el dominio LG.com 2 La compa\u00f1\u00eda incluso est\u00e1 en el &quot;VB.com Internet Hall of Fame&quot;.\nSUMARIO\nEn el 2005, LG fue una las 100 marcas Globales Sobresalientes, y en 2006, LG registr\u00f3 un crecimiento de 14%. Ahora es el fabricante m\u00e1s grande de paneles de plasma del mundo, su afiliado, LG Display, es uno de los fabricantes m\u00e1s grandes de pantallas de cristal l\u00edquido. Tambi\u00e9n en 2006, la divisi\u00f3n de tel\u00e9fonos m\u00f3viles de la compa\u00f1\u00eda, LG Mobile, comercializ\u00f3 el tel\u00e9fono LG Chocolate, cambiando la imagen de la compa\u00f1\u00eda del fabricante de tel\u00e9fonos gruesos 3G. Eso ahora enfoca la atenci\u00f3n en el dise\u00f1o y comercializando tel\u00e9fonos como el LG Shine, el LG Glimmer y el LG Prada (KE850). Como consecuencia, la compa\u00f1\u00eda fue escogida como &quot;El Equipo del Dise\u00f1o del A\u00f1o&quot; por el Premio Red Dot Design Award en 2006-2007, y es a menudo llamado la &quot;manzana nueva&quot; en la industria y las comunidades en l\u00ednea.\nHISTORIA\nLa compa\u00f1\u00eda fue originalmente establecida en 1958 como GoldStar, produciendo radios, TVs, refrigeradores, lavadoras, y acondicionadores de aire. LG Group fue un consorcio de dos compa\u00f1\u00edas coreanas, Lucky (del &quot;Nakhui&quot; coreano) y GoldStar, del cual la abreviaci\u00f3n de LG se deriv\u00f3. Antes del cambio de nombre de una compa\u00f1\u00eda para LG, los productos de toda la casa fueron vendidos bajo el nombre de marca de Lucky, mientras los productos electr\u00f3nicos fueron vendidos bajo el nombre de marca de GoldStar. En enero de 2009 LG pudo comprar el nombre de dominio, LG.com, coloc\u00e1ndose entre las compa\u00f1\u00edas que poseen su nombre de dominio de dos letras.\nEn 1994 GoldStar gan\u00f3 el patrocinio de The 3DO Company para hacer el primer 3DO Interactive Multiplayer. En 1995, GoldStar fue renombrado LG Electronics, y adquiri\u00f3 Zenith Electronics de los Estados Unidos. LG Solar Energy es una sucursal formada en 2007 para dejar a LG Chem proveerle el poli-silicio a LG Electronics para la producci\u00f3n de paneles de energ\u00eda solar. En 2008, LG tom\u00f3 su primera zambullidura en la manufactura de paneles solares, como anunci\u00f3 un trato preliminar para formar una empresa conjunta con Conergy. Bajo el trato, disp\u00f3ngase a ser completado por el fin del a\u00f1o, LG adquirir\u00eda un 75% de la planta de paneles solares Conergy. LG ha producido videoc\u00e1maras designadas ARTCAM y DSLRs.\nMULTIMEDIA\nEntre la multimedia esta Tv digital, DVD-ROM Drives, CD Rewritable Recorder, VCR, DVD Player, Audio, Sistemas de Seguridad, Grabadores de Multimedia, Video Tel\u00e9fonos, C\u00e1maras de PC, Sistema Autom\u00e1tico Bancario, PCB.\nLG es una de las marcas m\u00e1s conocidas a nivel mundial, ya sea por sus diferentes rubros de electrodom\u00e9sticos. En estos \u00faltimos a\u00f1os ha incorporado varios sistemas de Home Theater, nuevos LCD Scarlet, Monitores de alta definici\u00f3n y Celulares con funciones digitales espectaculares.\n\nAUDIO Y VIDEO\nHome Theater: Los Sistemas Home Theater de LG son lo \u00faltimo en entretenimiento para el hogar. Estos Sistemas con 5.1 canales enaltecen el sonido de las pel\u00edculas y recitales. Se puede ver todas las fotos y escuchar la radio con un solo equipo.\nSus modelos son:\nHT503SH\nHome Theatre con DivX Potencia total: 500W RMS 70W x 5 + 150W\nGrabaci\u00f3n directa a MP3 desde CD a la memoria USB\nEntrada auxiliar\nVirtual 10.1ch Sound Matrix\nMayor claridad en las voces\nMejoramiento de graves\nReproduce: DivX, DVD\u00b1RW, WMA,MP3, JPEG, XVID\nDTS\/Dolby Digital\/Dolby Prologic II\nProgressive Scan\nRadio AM\/FM\nHT303SU\nHome Theatre con DivX Potencia total: 300W RMS 45W x 5 + 75W\nGrabaci\u00f3n directa a MP3 desde CD a la memoria USB\nEntrada auxiliar\nVirtual 10.1ch Sound Matrix\nMayor claridad en las voces\nMejoramiento de Graves\nReproduce: DivX, DVD\u00b1RW, WMA, MP3, JPEG, Xvid\nDTS\/Dolby Digital\/Dolby Prologic II\nRadio FM\nMusic Photo Album\nHT762TZ\nHome Theatre Champagne Potencia total de 700W RMS 110W x 5 + 150W\nParlantes refinados con terminaciones brillantes\n4 Parlantes tipo torre con dise\u00f1o de copas de Champagne\nUp-scaling HD 1080i\nSIMPLINK (HDMI-CEC)\nUSB Plus\nEntrada auxiliar\nVirtual 10.1ch Sound Matrix\nMayor claridad en las voces\nMejoramiento de graves\nReproduce: DivX, DVD\u00b1RW, WMA, MP3, JPEG\nAmplificador Digital XTS PRO\nPro -Progressive Scan\nRadio AM\/FM\nSISTEMAS\nHIFI System: Los equipos de Audio de LG est\u00e1n dise\u00f1ados para completar su propio espacio musical con su alta calidad de sonido y estilo.\nMinisistemas: Los nuevos sistemas Mini sistemas de LG combina la mayor la potencia de sonido y un dise\u00f1o lleno estilo.\nMicrosistemas: Los sistemas Microsistemas est\u00e1n dise\u00f1ados para ahorrar espacio y mantener la calidad de sonido con un dise\u00f1o distinguido.\nSISTEMAS DE TV\nLCD TV\nLos televisores digitales de LCD permiten controlar las transmisiones de televisi\u00f3n, PC, Monitores y DVD todo con un solo control remoto.\nFLAT TV\nLas im\u00e1genes se encuentran con una calidad total de realidad.\nPDP TV\nEl \u00faltimo logro es el ultra delgado y super r\u00e1pido televisor digital con im\u00e1genes y gr\u00e1ficas detalladas, presentadas en una mega pantalla de Plasma.\nSUPERSLIM\n30% m\u00e1s delgado que cualquier otra TV convencional. Conocida como la mejor TV Slim del mundo.\nELECTRODOM\u00c9STICOS\nAire Acondicionado, Refrigeradores, Microondas, Lavadoras, Aspiradoras, Compresores para Aire Acondicionado, Compresores para Refrigeradoras.\nAspiradoras\nCon o sin bolsa, la nueva gama de aspiradoras LG ofrecen funcionalidad, dise\u00f1o y potencia.\nMicroondas\nLG es l\u00edder mundial en microondas y ofrece una amplia gama de capacidades, acabados y multitud de funciones para facilitar la cocina diaria.\nLavarropas\nSilencioso y durable, no necesita cuidados, tiene un lavado inteligente y f\u00e1cil.\nINFORM\u00c1TICA Y SISTEMAS DE COMUNICACI\u00d3N\nTDX, STAREX, Sistemas \u00d3pticos de Conmutaci\u00f3n, Implementaci\u00f3n de IBS Avanzados (Construyendo Sistemas de Informaci\u00f3n), Servicio de Integraci\u00f3n de Sistemas (SI), etc. Tambi\u00e9n incluye una gama de ordenadores, con elevadas prestaciones, incorporando la \u00faltima tecnolog\u00eda.\nSi deseas saber mas acerca de Lg, da clic\u00a0AQUI\n\" \/><input name=\"lang\" type=\"hidden\" value=\"en\" \/><input name=\"gn\" type=\"hidden\" value=\"ml\" \/><input type=\"hidden\" id=\"interface\" name=\"interface\" value=\"full\" \/>\n\t\t\t<div style=\"margin-left:40%;\">\n\t\t\t\n\t\t\t\t<input style=\"float:left;\" type=\"image\" width=\"40\" height=\"40\" src=\"http:\/\/blog.espol.edu.ec\/ksaguila\/wp-content\/plugins\/vozme\/img\/megaphone40x40w.gif\" alt=\"Hear this post\" onclick=\"window.open('', '6c62206e7c2d90e4b6e8da930a280029', 'width=600,height=370,scrollbars=yes,location=yes,menubar=yes,resizable=yes,status=yes,toolbar=yes');\">\n\t\t\t\t<div style=\"margin-left:48px; text-align:left;\"><a style=\"font-size:12px;\" href=\"javascript:void(0);\" onclick=\"window.open('', '6c62206e7c2d90e4b6e8da930a280029', 'width=600,height=370,scrollbars=yes,location=yes,menubar=yes,resizable=yes,status=yes,toolbar=yes'); document.getElementById('vozme_form_6c62206e7c2d90e4b6e8da930a280029').submit();\">Hear<br\/>this post<\/a><\/div>\n\t\t\t<\/div><\/form>","protected":false},"excerpt":{"rendered":"<p>LG GROUP LG Group es una empresa de Corea del Sur que fabrica productos electr\u00f3nicos, tel\u00e9fonos m\u00f3viles y productos petroqu\u00edmicos y opera filiales como LG Electronics. Creada en 1947, asumi\u00f3 el nombre abreviado de \"LG\", en 1995. LG es una abreviatura de \"Lucky Goldstar\" (\ub7ed\ud0a4\uae08\uc131) en Corea del Sur, que ha sido traducido al ingl\u00e9s como Lucky Venus (Goldstar). Antes,<br \/><span class=\"read_more\"><a href=\"https:\/\/blog.espol.edu.ec\/ksaguila\/lg\/\">Read more...<\/a><\/span><\/p>\n","protected":false},"author":10694,"featured_media":0,"parent":0,"menu_order":0,"comment_status":"closed","ping_status":"closed","template":"","meta":{"_monsterinsights_skip_tracking":false,"_monsterinsights_sitenote_active":false,"_monsterinsights_sitenote_note":"","_monsterinsights_sitenote_category":0,"footnotes":""},"class_list":["post-115","page","type-page","status-publish","hentry"],"aioseo_notices":[],"_links":{"self":[{"href":"https:\/\/blog.espol.edu.ec\/ksaguila\/wp-json\/wp\/v2\/pages\/115","targetHints":{"allow":["GET"]}}],"collection":[{"href":"https:\/\/blog.espol.edu.ec\/ksaguila\/wp-json\/wp\/v2\/pages"}],"about":[{"href":"https:\/\/blog.espol.edu.ec\/ksaguila\/wp-json\/wp\/v2\/types\/page"}],"author":[{"embeddable":true,"href":"https:\/\/blog.espol.edu.ec\/ksaguila\/wp-json\/wp\/v2\/users\/10694"}],"replies":[{"embeddable":true,"href":"https:\/\/blog.espol.edu.ec\/ksaguila\/wp-json\/wp\/v2\/comments?post=115"}],"version-history":[{"count":1,"href":"https:\/\/blog.espol.edu.ec\/ksaguila\/wp-json\/wp\/v2\/pages\/115\/revisions"}],"predecessor-version":[{"id":118,"href":"https:\/\/blog.espol.edu.ec\/ksaguila\/wp-json\/wp\/v2\/pages\/115\/revisions\/118"}],"wp:attachment":[{"href":"https:\/\/blog.espol.edu.ec\/ksaguila\/wp-json\/wp\/v2\/media?parent=115"}],"curies":[{"name":"wp","href":"https:\/\/api.w.org\/{rel}","templated":true}]}}