{"id":177,"date":"2016-11-14T23:38:48","date_gmt":"2016-11-15T04:38:48","guid":{"rendered":"http:\/\/blog.espol.edu.ec\/ksaguila\/?page_id=177"},"modified":"2016-11-14T23:42:46","modified_gmt":"2016-11-15T04:42:46","slug":"sobre-mi","status":"publish","type":"page","link":"https:\/\/blog.espol.edu.ec\/ksaguila\/sobre-mi\/","title":{"rendered":"Sobre mi"},"content":{"rendered":"<p>\u00bfQuien es Kevin Aguilar?<\/p>\n<p>Si estas aqui es porque quieres saber qu\u00e9 se hace en este blog, quien soy y que he hecho con mi vida. O quiz\u00e1s solo quieres curiosear...bueno sea lo que sea te tengo una buena noticia: podr\u00e1s descubrir todo aqu\u00ed.<\/p>\n<p><img loading=\"lazy\" decoding=\"async\" class=\"alignnone wp-image-178 size-medium\" src=\"http:\/\/blog.espol.edu.ec\/ksaguila\/files\/2016\/11\/sobremi1-e1479181958760-540x478.jpg\" alt=\"sobremi1\" width=\"540\" height=\"478\" \/><\/p>\n<p>\u00bfDe que se habla en este blog?<\/p>\n<p>Supongo que lo primero que querr\u00e1s saber de qu\u00e9 temas hablaremos en cada publicaci\u00f3n, o de qu\u00e9 va este sitio, bueno no quiero dejarte con la intriga vamos a ello!<\/p>\n<p>Este blog fue destinado desde un principio a hablar sobre tecnolog\u00eda, pero espec\u00edficamente sobre el mundo Android, terminales de gamas bajas, medias y altas, tambi\u00e9n sobre aplicaciones m\u00f3viles, y mis recomendaciones sobre accesorios, b\u00e1sicamente podras encontrar aqui todo lo que necesitas saber de este mundo celular y las f\u00e1bricas que los dise\u00f1an.<\/p>\n<p>Debido a que mucha gente hoy en d\u00eda no sabe que telefono escoger o que aplicaci\u00f3n optimiza mejor la bateria se creo este blog, para facilidad tuya. Siempre he pensado que el internet es una herramienta valiosa, si sabes como utilizarla, porque puedes estar en google pero buscando cosas que no te ayuden en tu dia a dia.<\/p>\n<p>Y ya que muchos hoy en dia, antes de comprar un terminal nuevo deciden buscar informaci\u00f3n, se cre\u00f3 este blog que es tuyo asi que disfrutalo!.<\/p>\n<p><img loading=\"lazy\" decoding=\"async\" class=\"alignnone size-medium wp-image-179\" src=\"http:\/\/blog.espol.edu.ec\/ksaguila\/files\/2016\/11\/portada-850x450.jpg\" alt=\"portada\" width=\"850\" height=\"450\" \/><\/p>\n<p>Si, si...\u00bfpero tu quien eres?<\/p>\n<p>\u00bfDefinitivamente tienes ganas de saber quien soy yo verdad?Pues como dice el titulo, me llamo Kevin Steven Aguilar Rugel, tengo 20 a\u00f1os y vivo en Guayaquil, Ecuador. Estudio en la Universidad Polit\u00e9cnica del Litoral(ESPOL) la carrera de Ing.Naval, pero...\u00bfenserio quieres seguir hablando de mi? Bueno no hay mucho que decir soy una persona com\u00fan y corriente.<\/p>\n<p><img loading=\"lazy\" decoding=\"async\" class=\"alignnone size-medium wp-image-180\" src=\"http:\/\/blog.espol.edu.ec\/ksaguila\/files\/2016\/11\/ing-naval-626x478.png\" alt=\"ing-naval\" width=\"626\" height=\"478\" \/><\/p>\n<p>Aficiones y Pasatiempos<\/p>\n<p>Me gustan todos lo tipos de deportes que hay en el mundo, lastimosamente no soy bueno para todos, por un tiempo jugue basket y pasaba en diferentes campeonatos, porque me divierte mucho practicar este deporte, tambien se jugar futbol pero no soy tan bueno como en el basket, adem\u00e1s de eso paso tiempo en mi computadora investigando sobre tecnolog\u00eda, y a veces gasto tiempo viendo animes aunque no soy muy fan del anime y el comic, he visto algunos como Hellsing, Bleach, Naruto, Attack o Titan, Inuyasha entre otros, y he visto casi todas las pel\u00edculas del mundo cinematogr\u00e1fico de marvel y tambi\u00e9n de DC Comics.<\/p>\n<p><img loading=\"lazy\" decoding=\"async\" class=\"alignnone size-full wp-image-181\" src=\"http:\/\/blog.espol.edu.ec\/ksaguila\/files\/2016\/11\/10-AF93314C-248066-960.jpg\" alt=\"10-af93314c-248066-960\" width=\"133\" height=\"133\" \/><\/p>\n<p>Soy el de pantaloneta amarilla \ud83d\ude42<\/p>\n<p>Curiosidades sobre mi<\/p>\n<p>Luego de terminar esa sesi\u00f3n les contare cosas curiosas sobre mi<\/p>\n<ul>\n<li>Duermo muy pocas horas ya que no soy tan organizado con mi tiempo a veces duermo solo 3 o 4 horas<\/li>\n<li>Adoro a los perros aunque solo he tenido tres perros en mis cortos a\u00f1os de vida me encantan estos animalitos.<\/li>\n<li>Nunca me he lesionado hasta ahora no tengo ni una sola lesi\u00f3n.<\/li>\n<li>Amo levantar pesas pero no tengo tiempo de hacerlo actualmente, as\u00ed que solo es un anhelo m\u00e1s<\/li>\n<li>Tengo un tel\u00e9fono de gama baja porque no he querido invertir en un terminal de gama alta, pese a que me encantar\u00eda tener uno.<\/li>\n<li>Siempre he sido el m\u00e1s peque\u00f1o en todos los equipos de basket a los que he pertenecido, solo mido 1,65 cm.<\/li>\n<\/ul>\n<p><img loading=\"lazy\" decoding=\"async\" class=\"alignnone size-medium wp-image-182\" src=\"http:\/\/blog.espol.edu.ec\/ksaguila\/files\/2016\/11\/IMG_20140419_194420_0-850x478.jpg\" alt=\"img_20140419_194420_0\" width=\"850\" height=\"478\" srcset=\"https:\/\/blog.espol.edu.ec\/ksaguila\/files\/2016\/11\/IMG_20140419_194420_0-850x478.jpg 850w, https:\/\/blog.espol.edu.ec\/ksaguila\/files\/2016\/11\/IMG_20140419_194420_0-250x141.jpg 250w, https:\/\/blog.espol.edu.ec\/ksaguila\/files\/2016\/11\/IMG_20140419_194420_0-1200x675.jpg 1200w\" sizes=\"auto, (max-width: 850px) 100vw, 850px\" \/><\/p>\n<p>&nbsp;<\/p>\n<p>&nbsp;<\/p>\n<form id=\"vozme_form_abbd0fc3a2bf8faf246df29652e5f1e0\" method=\"post\" name=\"vozme_form_abbd0fc3a2bf8faf246df29652e5f1e0\" target=\"abbd0fc3a2bf8faf246df29652e5f1e0\" action=\"http:\/\/vozme.com\/text2voice.php\"><input name=\"text\" type=\"hidden\" value=\"Sobre mi. \u00bfQuien es Kevin Aguilar?\nSi estas aqui es porque quieres saber qu\u00e9 se hace en este blog, quien soy y que he hecho con mi vida. O quiz\u00e1s solo quieres curiosear...bueno sea lo que sea te tengo una buena noticia: podr\u00e1s descubrir todo aqu\u00ed.\n\n\u00bfDe que se habla en este blog?\nSupongo que lo primero que querr\u00e1s saber de qu\u00e9 temas hablaremos en cada publicaci\u00f3n, o de qu\u00e9 va este sitio, bueno no quiero dejarte con la intriga vamos a ello!\nEste blog fue destinado desde un principio a hablar sobre tecnolog\u00eda, pero espec\u00edficamente sobre el mundo Android, terminales de gamas bajas, medias y altas, tambi\u00e9n sobre aplicaciones m\u00f3viles, y mis recomendaciones sobre accesorios, b\u00e1sicamente podras encontrar aqui todo lo que necesitas saber de este mundo celular y las f\u00e1bricas que los dise\u00f1an.\nDebido a que mucha gente hoy en d\u00eda no sabe que telefono escoger o que aplicaci\u00f3n optimiza mejor la bateria se creo este blog, para facilidad tuya. Siempre he pensado que el internet es una herramienta valiosa, si sabes como utilizarla, porque puedes estar en google pero buscando cosas que no te ayuden en tu dia a dia.\nY ya que muchos hoy en dia, antes de comprar un terminal nuevo deciden buscar informaci\u00f3n, se cre\u00f3 este blog que es tuyo asi que disfrutalo!.\n\nSi, si...\u00bfpero tu quien eres?\n\u00bfDefinitivamente tienes ganas de saber quien soy yo verdad?Pues como dice el titulo, me llamo Kevin Steven Aguilar Rugel, tengo 20 a\u00f1os y vivo en Guayaquil, Ecuador. Estudio en la Universidad Polit\u00e9cnica del Litoral(ESPOL) la carrera de Ing.Naval, pero...\u00bfenserio quieres seguir hablando de mi? Bueno no hay mucho que decir soy una persona com\u00fan y corriente.\n\nAficiones y Pasatiempos\nMe gustan todos lo tipos de deportes que hay en el mundo, lastimosamente no soy bueno para todos, por un tiempo jugue basket y pasaba en diferentes campeonatos, porque me divierte mucho practicar este deporte, tambien se jugar futbol pero no soy tan bueno como en el basket, adem\u00e1s de eso paso tiempo en mi computadora investigando sobre tecnolog\u00eda, y a veces gasto tiempo viendo animes aunque no soy muy fan del anime y el comic, he visto algunos como Hellsing, Bleach, Naruto, Attack o Titan, Inuyasha entre otros, y he visto casi todas las pel\u00edculas del mundo cinematogr\u00e1fico de marvel y tambi\u00e9n de DC Comics.\n\nSoy el de pantaloneta amarilla :)\nCuriosidades sobre mi\nLuego de terminar esa sesi\u00f3n les contare cosas curiosas sobre mi\n\nDuermo muy pocas horas ya que no soy tan organizado con mi tiempo a veces duermo solo 3 o 4 horas\nAdoro a los perros aunque solo he tenido tres perros en mis cortos a\u00f1os de vida me encantan estos animalitos.\nNunca me he lesionado hasta ahora no tengo ni una sola lesi\u00f3n.\nAmo levantar pesas pero no tengo tiempo de hacerlo actualmente, as\u00ed que solo es un anhelo m\u00e1s\nTengo un tel\u00e9fono de gama baja porque no he querido invertir en un terminal de gama alta, pese a que me encantar\u00eda tener uno.\nSiempre he sido el m\u00e1s peque\u00f1o en todos los equipos de basket a los que he pertenecido, solo mido 1,65 cm.\n\n\n&nbsp;\n&nbsp;\n\" \/><input name=\"lang\" type=\"hidden\" value=\"en\" \/><input name=\"gn\" type=\"hidden\" value=\"ml\" \/><input type=\"hidden\" id=\"interface\" name=\"interface\" value=\"full\" \/>\n\t\t\t<div style=\"margin-left:40%;\">\n\t\t\t\n\t\t\t\t<input style=\"float:left;\" type=\"image\" width=\"40\" height=\"40\" src=\"http:\/\/blog.espol.edu.ec\/ksaguila\/wp-content\/plugins\/vozme\/img\/megaphone40x40w.gif\" alt=\"Hear this post\" onclick=\"window.open('', 'abbd0fc3a2bf8faf246df29652e5f1e0', 'width=600,height=370,scrollbars=yes,location=yes,menubar=yes,resizable=yes,status=yes,toolbar=yes');\">\n\t\t\t\t<div style=\"margin-left:48px; text-align:left;\"><a style=\"font-size:12px;\" href=\"javascript:void(0);\" onclick=\"window.open('', 'abbd0fc3a2bf8faf246df29652e5f1e0', 'width=600,height=370,scrollbars=yes,location=yes,menubar=yes,resizable=yes,status=yes,toolbar=yes'); document.getElementById('vozme_form_abbd0fc3a2bf8faf246df29652e5f1e0').submit();\">Hear<br\/>this post<\/a><\/div>\n\t\t\t<\/div><\/form>","protected":false},"excerpt":{"rendered":"<p>\u00bfQuien es Kevin Aguilar? Si estas aqui es porque quieres saber qu\u00e9 se hace en este blog, quien soy y que he hecho con mi vida. O quiz\u00e1s solo quieres curiosear...bueno sea lo que sea te tengo una buena noticia: podr\u00e1s descubrir todo aqu\u00ed. \u00bfDe que se habla en este blog? Supongo que lo primero que querr\u00e1s saber de qu\u00e9<br \/><span class=\"read_more\"><a href=\"https:\/\/blog.espol.edu.ec\/ksaguila\/sobre-mi\/\">Read more...<\/a><\/span><\/p>\n","protected":false},"author":10694,"featured_media":0,"parent":0,"menu_order":0,"comment_status":"closed","ping_status":"closed","template":"fullwidth-page.php","meta":{"_monsterinsights_skip_tracking":false,"_monsterinsights_sitenote_active":false,"_monsterinsights_sitenote_note":"","_monsterinsights_sitenote_category":0,"footnotes":""},"class_list":["post-177","page","type-page","status-publish","hentry"],"aioseo_notices":[],"_links":{"self":[{"href":"https:\/\/blog.espol.edu.ec\/ksaguila\/wp-json\/wp\/v2\/pages\/177","targetHints":{"allow":["GET"]}}],"collection":[{"href":"https:\/\/blog.espol.edu.ec\/ksaguila\/wp-json\/wp\/v2\/pages"}],"about":[{"href":"https:\/\/blog.espol.edu.ec\/ksaguila\/wp-json\/wp\/v2\/types\/page"}],"author":[{"embeddable":true,"href":"https:\/\/blog.espol.edu.ec\/ksaguila\/wp-json\/wp\/v2\/users\/10694"}],"replies":[{"embeddable":true,"href":"https:\/\/blog.espol.edu.ec\/ksaguila\/wp-json\/wp\/v2\/comments?post=177"}],"version-history":[{"count":2,"href":"https:\/\/blog.espol.edu.ec\/ksaguila\/wp-json\/wp\/v2\/pages\/177\/revisions"}],"predecessor-version":[{"id":184,"href":"https:\/\/blog.espol.edu.ec\/ksaguila\/wp-json\/wp\/v2\/pages\/177\/revisions\/184"}],"wp:attachment":[{"href":"https:\/\/blog.espol.edu.ec\/ksaguila\/wp-json\/wp\/v2\/media?parent=177"}],"curies":[{"name":"wp","href":"https:\/\/api.w.org\/{rel}","templated":true}]}}