{"id":45,"date":"2013-11-24T23:18:50","date_gmt":"2013-11-24T23:18:50","guid":{"rendered":"http:\/\/blog.espol.edu.ec\/kslopez\/?page_id=45"},"modified":"2013-11-24T23:18:59","modified_gmt":"2013-11-24T23:18:59","slug":"quienes-son","status":"publish","type":"page","link":"https:\/\/blog.espol.edu.ec\/kslopez\/quienes-son\/","title":{"rendered":"Quienes son?"},"content":{"rendered":"<p>La Orquesta Sinf\u00f3nica de Guayaquil es una instituci\u00f3n sin fines de lucro que realiza la difusi\u00f3n y desarrollo del arte musical ecuatoriano con obras nacionales e internacionales a todos los estamentos dentro del pa\u00eds y fuera del mismo a trav\u00e9s de nuestras actividades art\u00edsticas.<br \/>\n<a href=\"http:\/\/blog.espol.edu.ec\/kslopez\/files\/2013\/11\/foto.jpg\"><img loading=\"lazy\" decoding=\"async\" src=\"http:\/\/blog.espol.edu.ec\/kslopez\/files\/2013\/11\/foto-300x168.jpg\" alt=\"foto\" width=\"300\" height=\"168\" class=\"alignnone size-medium wp-image-46\" srcset=\"https:\/\/blog.espol.edu.ec\/kslopez\/files\/2013\/11\/foto-300x168.jpg 300w, https:\/\/blog.espol.edu.ec\/kslopez\/files\/2013\/11\/foto.jpg 448w\" sizes=\"auto, (max-width: 300px) 100vw, 300px\" \/><\/a><\/p>\n","protected":false},"excerpt":{"rendered":"<p>La Orquesta Sinf\u00f3nica de Guayaquil es una instituci\u00f3n sin fines de lucro que realiza la difusi\u00f3n y desarrollo del arte musical ecuatoriano con obras nacionales e internacionales a todos los estamentos dentro del pa\u00eds y fuera del mismo a trav\u00e9s &hellip; <a href=\"https:\/\/blog.espol.edu.ec\/kslopez\/quienes-son\/\">Sigue leyendo <span class=\"meta-nav\">&rarr;<\/span><\/a><\/p>\n","protected":false},"author":8773,"featured_media":0,"parent":0,"menu_order":0,"comment_status":"open","ping_status":"open","template":"","meta":{"footnotes":""},"class_list":["post-45","page","type-page","status-publish","hentry"],"_links":{"self":[{"href":"https:\/\/blog.espol.edu.ec\/kslopez\/wp-json\/wp\/v2\/pages\/45","targetHints":{"allow":["GET"]}}],"collection":[{"href":"https:\/\/blog.espol.edu.ec\/kslopez\/wp-json\/wp\/v2\/pages"}],"about":[{"href":"https:\/\/blog.espol.edu.ec\/kslopez\/wp-json\/wp\/v2\/types\/page"}],"author":[{"embeddable":true,"href":"https:\/\/blog.espol.edu.ec\/kslopez\/wp-json\/wp\/v2\/users\/8773"}],"replies":[{"embeddable":true,"href":"https:\/\/blog.espol.edu.ec\/kslopez\/wp-json\/wp\/v2\/comments?post=45"}],"version-history":[{"count":1,"href":"https:\/\/blog.espol.edu.ec\/kslopez\/wp-json\/wp\/v2\/pages\/45\/revisions"}],"predecessor-version":[{"id":47,"href":"https:\/\/blog.espol.edu.ec\/kslopez\/wp-json\/wp\/v2\/pages\/45\/revisions\/47"}],"wp:attachment":[{"href":"https:\/\/blog.espol.edu.ec\/kslopez\/wp-json\/wp\/v2\/media?parent=45"}],"curies":[{"name":"wp","href":"https:\/\/api.w.org\/{rel}","templated":true}]}}