{"id":2,"date":"2009-10-20T11:15:04","date_gmt":"2009-10-20T16:15:04","guid":{"rendered":""},"modified":"2009-11-02T12:59:05","modified_gmt":"2009-11-02T17:59:05","slug":"acercade","status":"publish","type":"page","link":"https:\/\/blog.espol.edu.ec\/ktrn\/acercade\/","title":{"rendered":"Acerca"},"content":{"rendered":"<p>\u00c9sta p\u00e1gina te sirve para informarte de los detalles acontecidos en el \u00e1mbito cristiano.<\/p>\n<p>cualquier sugerencia o comentario\u00a0h\u00e1znosla\u00a0 saber para estar en contacto.<\/p>\n<blockquote><p>God bless You ever. <!--more-->ktrn_ami@hotmail.com<\/p><\/blockquote>\n","protected":false},"excerpt":{"rendered":"<p>\u00c9sta p\u00e1gina te sirve para informarte de los detalles acontecidos en el \u00e1mbito cristiano. cualquier sugerencia o comentario\u00a0h\u00e1znosla\u00a0 saber para estar en contacto. God bless You ever.<\/p>\n","protected":false},"author":3153,"featured_media":0,"parent":0,"menu_order":0,"comment_status":"open","ping_status":"open","template":"","meta":{"footnotes":""},"class_list":["post-2","page","type-page","status-publish","hentry"],"_links":{"self":[{"href":"https:\/\/blog.espol.edu.ec\/ktrn\/wp-json\/wp\/v2\/pages\/2","targetHints":{"allow":["GET"]}}],"collection":[{"href":"https:\/\/blog.espol.edu.ec\/ktrn\/wp-json\/wp\/v2\/pages"}],"about":[{"href":"https:\/\/blog.espol.edu.ec\/ktrn\/wp-json\/wp\/v2\/types\/page"}],"author":[{"embeddable":true,"href":"https:\/\/blog.espol.edu.ec\/ktrn\/wp-json\/wp\/v2\/users\/3153"}],"replies":[{"embeddable":true,"href":"https:\/\/blog.espol.edu.ec\/ktrn\/wp-json\/wp\/v2\/comments?post=2"}],"version-history":[{"count":3,"href":"https:\/\/blog.espol.edu.ec\/ktrn\/wp-json\/wp\/v2\/pages\/2\/revisions"}],"predecessor-version":[{"id":7,"href":"https:\/\/blog.espol.edu.ec\/ktrn\/wp-json\/wp\/v2\/pages\/2\/revisions\/7"}],"wp:attachment":[{"href":"https:\/\/blog.espol.edu.ec\/ktrn\/wp-json\/wp\/v2\/media?parent=2"}],"curies":[{"name":"wp","href":"https:\/\/api.w.org\/{rel}","templated":true}]}}