{"id":27,"date":"2016-05-23T06:48:06","date_gmt":"2016-05-23T06:48:06","guid":{"rendered":"http:\/\/blog.espol.edu.ec\/kvergara\/?page_id=27"},"modified":"2016-05-23T07:21:50","modified_gmt":"2016-05-23T07:21:50","slug":"listado-breve-de-novelas-coreanas-mas-populares","status":"publish","type":"page","link":"https:\/\/blog.espol.edu.ec\/kvergara\/listado-breve-de-novelas-coreanas-mas-populares\/","title":{"rendered":"Listado breve de novelas coreanas mas populares"},"content":{"rendered":"<p><span class=\"numero\">1. <\/span>BOYS OVER FLOWERS<\/p>\n<p>Geum Jan Di es una estudiante humilde que va al Instituto Shinhwa para entregar los uniformes de la tintorer\u00eda que el instituto manda a lavar y por casualidad rescata a un estudiante que estaba a punto de suicidarse. Despu\u00e9s de una euforia de quejas y noticias comprometedoras acerca de esta escuela, es reclutada como estudiante especial de nataci\u00f3n en el Instituto Shinhwa (secundaria de ricos) Al principio es maltratada y aislada por los dem\u00e1s estudiantes al recibir la tarjeta roja de los F4 (4 flores), que es un grupo de alumnos que gobiernan cruelmente la escuela por su belleza y riqueza. Gracias a su optimismo, logra superar las dificultades y esto hace que Goo Jun Pyo, l\u00edder de los F4 y sucesor de la Compa\u00f1\u00eda Shinhwa, empiece a tener sentimientos hacia Geum Jan Di, pero ella es atra\u00edda por otro de los F4, Joon Ji Hoo, poniendo en riesgo la integridad y amistad de estos. Tras una cantidad de obst\u00e1culos y situaciones dif\u00edciles, Jan Di logra salir adelante pero la pregunta sigue presente, \u00bfa qui\u00e9n elegir\u00e1? \u00bfqui\u00e9n saldr\u00e1 ganador?<\/p>\n<p><img decoding=\"async\" src=\"https:\/\/1.viki.io\/c\/50c\/Boys-Over-Flowers_780x436.jpg?x=b&amp;s=590x330&amp;q=h&amp;e=t&amp;f=t&amp;cb=1\" alt=\"\" \/><\/p>\n<p><span class=\"numero\">2. <\/span>You\u2019re Beautiful<\/p>\n<p>Go Mi Nyu (Gemma como la conocen en el convento), una chica muy inocente que quiere ser monja, tiene un hermano gemelo llamado Go Mi Nam cuyo sue\u00f1o es ser cantante para poder conocer a su madre, ya que fueron abandonados en un orfanato al morir su padre. Un d\u00eda un hombre misterioso llamado Ma Hon Yi aparece frente a Go Mi Nyu pidi\u00e9ndole que se haga pasar por Go Mi Nam, mientras \u00e9ste se recupera de una operaci\u00f3n en EE.UU, ya que ha sido elegido para convertirse en el cuarto miembro del grupo A.N.JELL: la banda m\u00e1s popular de Corea. Al integrarse a la banda, Go Mi Nyu lucha tratando de mantener oculta su verdadera identidad. Esto le es dif\u00edcil puesto que tiene que convivir con los otros 3 miembros de A.N.JELL, los cuales son hombres con personalidades totalmente opuestas y diferentes entre s\u00ed.<\/p>\n<p><img decoding=\"async\" src=\"https:\/\/1.viki.io\/c\/442c\/Youre-Beautiful_1560x872.jpg?x=b&amp;s=590x330&amp;q=h&amp;e=t&amp;f=t&amp;cb=1\" alt=\"\" \/><\/p>\n<p>3. SECRET GARDEN<\/p>\n<p>Una extra\u00f1a secuencia de eventos hace que intercambien de cuerpos y esto los acerca m\u00e1s. Este intercambio hace que Joo Won vea realmente que esta enamorado de Gil Ra Im y ella poco a poco va d\u00e1ndose cuenta de que un amor tambi\u00e9n nace en ella. Una serie de eventos hace que ellos se metan en l\u00edos debido al cambio de cuerpos, ya sea con familiares, en especial con su primo Oska (Yoon Sang Hyun), ex-novios y amistades. Hasta la peor enemiga es una ficha fundamental para que prosiga su relaci\u00f3n y sobrepasen los grandes obstaculo.<\/p>\n<p><img decoding=\"async\" src=\"http:\/\/vignette2.wikia.nocookie.net\/drama\/images\/a\/a3\/92821.jpg\/revision\/latest?cb=20110528010631&amp;path-prefix=es\" alt=\"\" \/><\/p>\n<p>4.\u00a0BLOOD<\/p>\n<p>Park Ji Sang(Ahn Jae Hyun) es un vampiro, jefe del Departamento de Cirug\u00eda Pancre\u00e1tica, qui\u00e9n tendr\u00e1 que luchar contras sus impulsos b\u00e1sicos mientras cura a los pacientes con enfermedades mortales, mientras en el transcurso de lo sucedido encontrara el amor . Yoo Ri Ta(Goo Hye Sun) es una joven que entr\u00f3 a la escuela de medicina a los 17 a\u00f1os y tiene un car\u00e1cter audaz y maleducado, pero al mismo tiempo alegre y orgullosa. Lee Jae Wook (Ji Jin Hee) es el villano quien combate con Park Ji Sang y busca a toda costa propagar el Virus de Vampiro. Juntos tratar\u00e1n de buscar el ant\u00eddoto para el virus y as\u00ed curar a los pacientes de la sala 21A.<\/p>\n<p><img decoding=\"async\" src=\"http:\/\/vignette1.wikia.nocookie.net\/drama\/images\/1\/1a\/BloodKBS22015.jpg\/revision\/latest?cb=20150210022754&amp;path-prefix=es\" alt=\"\" \/><\/p>\n<p>5.\u00a0CITY HUNTER<\/p>\n<p>Cuando naci\u00f3 Lee Yoon Sung su padre con su mejor amigo fueron a una misi\u00f3n, pero en ella su padre muri\u00f3 , su mejor amigo se lo llev\u00f3 y lo cri\u00f3 para vengar la muerte de su padre biol\u00f3gico. Entonces decide enfrentar a las cinco personas que se vieron involucradas en la desaparici\u00f3n de los miembros de las Fuerzas Especiales de Corea del Sur en Octubre de 1983. Todo se hace m\u00e1s complicado cuando su padre adoptivo Lee Jin Pyo (Kim Sang Jung) decide involucrarse de una manera m\u00e1s efectiva. Por otro lado, est\u00e1 Kim Na Na (Park Min Young), una chica quien despu\u00e9s de la p\u00e9rdida de sus padres en un accidente, ha tenido que sobrevivir haciendo de todo un poco hasta que, debido a su inter\u00e9s en las artes marciales, termina como guardaespaldas en la Casa Azul (Casa Presidencial Coreana). All\u00ed, conoce a Lee Yoon Sung, quien forma parte del Equipo Nacional de Comunicaciones y de quien empieza enamorarse de una manera inconsciente.<\/p>\n<p><img decoding=\"async\" src=\"http:\/\/vignette2.wikia.nocookie.net\/drama\/images\/b\/bc\/City-Hunter-2.jpg\/revision\/latest?cb=20120712223351&amp;path-prefix=es\" alt=\"\" \/><\/p>\n<p>6.\u00a0You Who Came From the Stars<\/p>\n<p>Una interesante historia de un extraterrestre con excelentes habilidades que ha estado viviendo en la Tierra desde la dinast\u00eda Joseon, cuando viaj\u00f3 all\u00ed por un OVNI. 4 siglos m\u00e1s tarde, \u00e9l se enamora de una actriz llamada Chun Song Yi.<\/p>\n<p><img decoding=\"async\" src=\"http:\/\/koreandrama.com\/wp-content\/uploads\/2014\/03\/You-Who-Came-From-the-Stars-Poster3.jpg\" alt=\"\" \/><\/p>\n<p>7.\u00a0 Queen In-hyun\u2019s Man<\/p>\n<p>Kim Boong Do es un erudito que hab\u00eda apoyado el restablecimiento de la reina In Hyun cuando los esquemas de Jang heebin dieron lugar a su ser depuesto y reemplazado por la reina consorte del rey Sukjong. Con la ayuda de un hechizo cuando est\u00e1 por morir en una pelea viaja 300 a\u00f1os en el futuro al Se\u00fal moderno y se re\u00fane con Choi Hee Jin, una actriz sin nombre que est\u00e1 esperando un renacimiento en su carrera a trav\u00e9s de su papel como la Reina In Hyun en un drama de televisi\u00f3n. Ella le ayuda a conocer la historia de su tiempo y cambiar algunos eventos. Despu\u00e9s de que comienzan a desarrollar sentimientos por el otro, pero \u00bfes posible para ellos tener una relaci\u00f3n exitosa?<\/p>\n<p><img decoding=\"async\" src=\"http:\/\/vignette3.wikia.nocookie.net\/drama\/images\/5\/56\/Queen_In-hyun's_Man.jpg\/revision\/latest?cb=20120330223041&amp;path-prefix=es\" alt=\"\" \/><\/p>\n","protected":false},"excerpt":{"rendered":"<p>1. BOYS OVER FLOWERS Geum Jan Di es una estudiante humilde que va al Instituto Shinhwa para entregar los uniformes de la tintorer\u00eda que el instituto manda a lavar y por casualidad rescata a un estudiante que estaba a punto de suicidarse. Despu\u00e9s de una euforia de quejas y noticias comprometedoras acerca de esta escuela, [&hellip;]<\/p>\n","protected":false},"author":10211,"featured_media":0,"parent":0,"menu_order":0,"comment_status":"closed","ping_status":"closed","template":"","meta":{"footnotes":""},"class_list":["post-27","page","type-page","status-publish","hentry"],"_links":{"self":[{"href":"https:\/\/blog.espol.edu.ec\/kvergara\/wp-json\/wp\/v2\/pages\/27","targetHints":{"allow":["GET"]}}],"collection":[{"href":"https:\/\/blog.espol.edu.ec\/kvergara\/wp-json\/wp\/v2\/pages"}],"about":[{"href":"https:\/\/blog.espol.edu.ec\/kvergara\/wp-json\/wp\/v2\/types\/page"}],"author":[{"embeddable":true,"href":"https:\/\/blog.espol.edu.ec\/kvergara\/wp-json\/wp\/v2\/users\/10211"}],"replies":[{"embeddable":true,"href":"https:\/\/blog.espol.edu.ec\/kvergara\/wp-json\/wp\/v2\/comments?post=27"}],"version-history":[{"count":1,"href":"https:\/\/blog.espol.edu.ec\/kvergara\/wp-json\/wp\/v2\/pages\/27\/revisions"}],"predecessor-version":[{"id":28,"href":"https:\/\/blog.espol.edu.ec\/kvergara\/wp-json\/wp\/v2\/pages\/27\/revisions\/28"}],"wp:attachment":[{"href":"https:\/\/blog.espol.edu.ec\/kvergara\/wp-json\/wp\/v2\/media?parent=27"}],"curies":[{"name":"wp","href":"https:\/\/api.w.org\/{rel}","templated":true}]}}