{"id":31,"date":"2016-05-23T07:14:54","date_gmt":"2016-05-23T07:14:54","guid":{"rendered":"http:\/\/blog.espol.edu.ec\/kvergara\/?page_id=31"},"modified":"2016-05-23T07:14:54","modified_gmt":"2016-05-23T07:14:54","slug":"sobre-mi","status":"publish","type":"page","link":"https:\/\/blog.espol.edu.ec\/kvergara\/sobre-mi\/","title":{"rendered":"Sobre m\u00ed"},"content":{"rendered":"<p>Mi nombre es Katiuska Vergara, tengo 19 a\u00f1os, soy de Ecuador, estudie mi primaria en el\u00a0<a href=\"http:\/\/indoaleman.com\/\">Indoaleman<\/a>\u00a0y mi secundaria en el\u00a0<a href=\"http:\/\/www.cebi.com.ec\/\">Cebi<\/a>, graduandome en el bachillerato Ciencias. Luego ingrese a la\u00a0<a href=\"http:\/\/www.espol.edu.ec\/\">Espol<\/a>\u00a0para seguir con mi estudios ya especializ\u00e1ndome en la carrera de Ingenier\u00eda en alimentos, carrera perteneciente a la facultad de mec\u00e1nica, FIMCP.<\/p>\n<p>Soy deportista, especializada en el voleibol desde los 8 a\u00f1os hasta la actualidad. Mi pasatiempo es ver las novelas coreanas, cuando el tiempo me lo permite, en vacaciones ni viajo con tal de ver una novela mas, mi lista de estos dramas es larga que me tardar\u00eda en decirles sobre todas las que ya he visto.<\/p>\n<p>Me considero una persona muy sociable, y muy risue\u00f1a, mis amigos son una parte esencial en mi vida, los cuales me permiten expresarme con libertad sin tener ataduras al momento de hablar. Mi familia es mi sustento de cada d\u00eda, lo cual hace que me levante todas las ma\u00f1ana a seguir esforz\u00e1ndome y a no tirar la toalla.<\/p>\n<p>&nbsp;<\/p>\n<p>&nbsp;<\/p>\n<p>&nbsp;<\/p>\n","protected":false},"excerpt":{"rendered":"<p>Mi nombre es Katiuska Vergara, tengo 19 a\u00f1os, soy de Ecuador, estudie mi primaria en el\u00a0Indoaleman\u00a0y mi secundaria en el\u00a0Cebi, graduandome en el bachillerato Ciencias. Luego ingrese a la\u00a0Espol\u00a0para seguir con mi estudios ya especializ\u00e1ndome en la carrera de Ingenier\u00eda en alimentos, carrera perteneciente a la facultad de mec\u00e1nica, FIMCP. Soy deportista, especializada en el [&hellip;]<\/p>\n","protected":false},"author":10211,"featured_media":0,"parent":0,"menu_order":0,"comment_status":"closed","ping_status":"closed","template":"","meta":{"footnotes":""},"class_list":["post-31","page","type-page","status-publish","hentry"],"_links":{"self":[{"href":"https:\/\/blog.espol.edu.ec\/kvergara\/wp-json\/wp\/v2\/pages\/31","targetHints":{"allow":["GET"]}}],"collection":[{"href":"https:\/\/blog.espol.edu.ec\/kvergara\/wp-json\/wp\/v2\/pages"}],"about":[{"href":"https:\/\/blog.espol.edu.ec\/kvergara\/wp-json\/wp\/v2\/types\/page"}],"author":[{"embeddable":true,"href":"https:\/\/blog.espol.edu.ec\/kvergara\/wp-json\/wp\/v2\/users\/10211"}],"replies":[{"embeddable":true,"href":"https:\/\/blog.espol.edu.ec\/kvergara\/wp-json\/wp\/v2\/comments?post=31"}],"version-history":[{"count":1,"href":"https:\/\/blog.espol.edu.ec\/kvergara\/wp-json\/wp\/v2\/pages\/31\/revisions"}],"predecessor-version":[{"id":32,"href":"https:\/\/blog.espol.edu.ec\/kvergara\/wp-json\/wp\/v2\/pages\/31\/revisions\/32"}],"wp:attachment":[{"href":"https:\/\/blog.espol.edu.ec\/kvergara\/wp-json\/wp\/v2\/media?parent=31"}],"curies":[{"name":"wp","href":"https:\/\/api.w.org\/{rel}","templated":true}]}}