{"id":17,"date":"2023-01-12T03:58:05","date_gmt":"2023-01-12T02:58:05","guid":{"rendered":"http:\/\/blog.espol.edu.ec\/labelectronicafiec\/?page_id=17"},"modified":"2023-01-13T21:08:32","modified_gmt":"2023-01-13T20:08:32","slug":"practicas","status":"publish","type":"page","link":"https:\/\/blog.espol.edu.ec\/labelectronicafiec\/practicas\/","title":{"rendered":"Pr\u00e1cticas PE"},"content":{"rendered":"<p><strong>PRINCIPIOS DE ELECTR\u00d3NICA<\/strong><\/p>\n<p><strong>Pr\u00e1ctica 1<\/strong><\/p>\n<p>Primera sesi\u00f3n presencial abordar\u00e1 el manejo de los equipos de laboratorio que se utilizar\u00e1n en las pr\u00e1cticas presenciales.\u00a0En el siguiente documento encontrar\u00e1 tanto la gu\u00eda de la pr\u00e1ctica y el informe de resultados.<\/p>\n<p><a href=\"http:\/\/blog.espol.edu.ec\/labelectronicafiec\/files\/2023\/01\/PE_Pr\u00e1ctica1-Manejo-de-equipos-de-laboratorio.pdf\">Pr\u00e1ctica 1 - Manejo de Equipos del Laboratorio<\/a><\/p>\n<p>&nbsp;<\/p>\n<p><strong>Pr\u00e1ctica 2<\/strong><\/p>\n<p>Segunda sesi\u00f3n presencial abordar\u00e1 el funcionamiento de diodos y diferentes tipos de de este semiconductor. En el siguiente documento encontrar\u00e1 tanto la gu\u00eda de la pr\u00e1ctica y el informe de resultados.<\/p>\n<p><a href=\"http:\/\/blog.espol.edu.ec\/labelectronicafiec\/files\/2023\/01\/PE_Pr\u00e1ctica2-Diodos-caracteristicas-y-aplicaciones.pdf\">Pr\u00e1ctica 2 - Diodos, Caracter\u00edsticas y Aplicaciones<\/a><\/p>\n<p>&nbsp;<\/p>\n<p><strong>Pr\u00e1ctica 3<\/strong><\/p>\n<p>Tercera sesi\u00f3n presencial abordar\u00e1 el funcionamiento de transistores y sus aplicaciones. En el siguiente documento encontrar\u00e1 tanto la gu\u00eda de la pr\u00e1ctica y el informe de resultados.<\/p>\n<p><a href=\"http:\/\/blog.espol.edu.ec\/labelectronicafiec\/files\/2023\/01\/PE_Pr\u00e1ctica3-Aplicaciones-BJT-y-MOSFET.pdf\">Pr\u00e1ctica 3 - Aplicaciones con BJT y MOSFET<\/a><\/p>\n<p>&nbsp;<\/p>\n<p><strong>Pr\u00e1ctica 4<\/strong><\/p>\n<p>Segunda sesi\u00f3n presencial abordar\u00e1 el funcionamiento de transistores como amplificadores de peque\u00f1a se\u00f1al. En el siguiente documento encontrar\u00e1 tanto la gu\u00eda de la pr\u00e1ctica y el informe de resultados.<\/p>\n<p><a href=\"http:\/\/blog.espol.edu.ec\/labelectronicafiec\/files\/2023\/01\/PE_Pr\u00e1ctica4-Amplificadores-de-peque\u00f1a-se\u00f1al.pdf\">Pr\u00e1ctica 4 - Amplificadores de peque\u00f1a se\u00f1al<\/a><\/p>\n<p>&nbsp;<\/p>\n<p><strong>Pr\u00e1ctica 5<\/strong><\/p>\n<p>Segunda sesi\u00f3n presencial abordar\u00e1 el funcionamiento de Amplificadores Operacionales y sus aplicaciones. En el siguiente documento encontrar\u00e1 tanto la gu\u00eda de la pr\u00e1ctica y el informe de resultados.<\/p>\n<p><a href=\"http:\/\/blog.espol.edu.ec\/labelectronicafiec\/files\/2023\/01\/PE_Pr\u00e1ctica5-Aplicaciones-del-OPAMP.pdf\">Pr\u00e1ctica 5 - Aplicaciones con OPAMP<\/a><\/p>\n<p>&nbsp;<\/p>\n<p><strong>Pr\u00e1ctica 6<\/strong><\/p>\n<p>Segunda sesi\u00f3n presencial abordar\u00e1 el funcionamiento de Tiristores y sus aplicaciones. En el siguiente documento encontrar\u00e1 tanto la gu\u00eda de la pr\u00e1ctica y el informe de resultados.<\/p>\n<p><a href=\"http:\/\/blog.espol.edu.ec\/labelectronicafiec\/files\/2023\/01\/PE_Pr\u00e1ctica6-Tiristores.pdf\">Pr\u00e1ctica 6 - Tiristores<\/a><\/p>\n<p>&nbsp;<\/p>\n<p><strong>Pr\u00e1ctica 7<\/strong><\/p>\n<p>Segunda sesi\u00f3n presencial abordar\u00e1 el funcionamiento de fuentes conmutadas. En el siguiente documento encontrar\u00e1 tanto la gu\u00eda de la pr\u00e1ctica y el informe de resultados.<\/p>\n<p><a href=\"http:\/\/blog.espol.edu.ec\/labelectronicafiec\/files\/2023\/01\/PE_Pr\u00e1ctica7-Fuentes-Conmutadas.pdf\">Pr\u00e1ctica 7 - Fuentes Conmutadas<\/a><\/p>\n<p>&nbsp;<\/p>\n","protected":false},"excerpt":{"rendered":"<p>PRINCIPIOS DE ELECTR\u00d3NICA Pr\u00e1ctica 1 Primera sesi\u00f3n presencial abordar\u00e1 el manejo de los equipos de laboratorio que se utilizar\u00e1n en las pr\u00e1cticas presenciales.\u00a0En el siguiente documento encontrar\u00e1 tanto la gu\u00eda de la pr\u00e1ctica y el informe de resultados. Pr\u00e1ctica 1 - Manejo de Equipos del Laboratorio &nbsp; Pr\u00e1ctica 2 Segunda sesi\u00f3n presencial abordar\u00e1 el funcionamiento &hellip; <\/p>\n<p class=\"link-more\"><a href=\"https:\/\/blog.espol.edu.ec\/labelectronicafiec\/practicas\/\" class=\"more-link\">Continuar leyendo<span class=\"screen-reader-text\"> \"Pr\u00e1cticas PE\"<\/span><\/a><\/p>\n","protected":false},"author":11264,"featured_media":0,"parent":0,"menu_order":0,"comment_status":"closed","ping_status":"closed","template":"","meta":{"footnotes":""},"class_list":["post-17","page","type-page","status-publish","hentry"],"_links":{"self":[{"href":"https:\/\/blog.espol.edu.ec\/labelectronicafiec\/wp-json\/wp\/v2\/pages\/17","targetHints":{"allow":["GET"]}}],"collection":[{"href":"https:\/\/blog.espol.edu.ec\/labelectronicafiec\/wp-json\/wp\/v2\/pages"}],"about":[{"href":"https:\/\/blog.espol.edu.ec\/labelectronicafiec\/wp-json\/wp\/v2\/types\/page"}],"author":[{"embeddable":true,"href":"https:\/\/blog.espol.edu.ec\/labelectronicafiec\/wp-json\/wp\/v2\/users\/11264"}],"replies":[{"embeddable":true,"href":"https:\/\/blog.espol.edu.ec\/labelectronicafiec\/wp-json\/wp\/v2\/comments?post=17"}],"version-history":[{"count":7,"href":"https:\/\/blog.espol.edu.ec\/labelectronicafiec\/wp-json\/wp\/v2\/pages\/17\/revisions"}],"predecessor-version":[{"id":135,"href":"https:\/\/blog.espol.edu.ec\/labelectronicafiec\/wp-json\/wp\/v2\/pages\/17\/revisions\/135"}],"wp:attachment":[{"href":"https:\/\/blog.espol.edu.ec\/labelectronicafiec\/wp-json\/wp\/v2\/media?parent=17"}],"curies":[{"name":"wp","href":"https:\/\/api.w.org\/{rel}","templated":true}]}}