{"id":26,"date":"2023-01-12T04:02:27","date_gmt":"2023-01-12T03:02:27","guid":{"rendered":"http:\/\/blog.espol.edu.ec\/labelectronicafiec\/?page_id=26"},"modified":"2023-01-13T21:08:58","modified_gmt":"2023-01-13T20:08:58","slug":"politicas","status":"publish","type":"page","link":"https:\/\/blog.espol.edu.ec\/labelectronicafiec\/politicas\/","title":{"rendered":"Pol\u00edticas y Planificaci\u00f3n PE"},"content":{"rendered":"<p>A continuaci\u00f3n encontrar\u00e1 la informaci\u00f3n correspondiente a las pol\u00edticas y planificaci\u00f3n del componente pr\u00e1ctico correspondiente a Principios de Electr\u00f3nica:<\/p>\n<p><a href=\"http:\/\/blog.espol.edu.ec\/labelectronicafiec\/files\/2023\/01\/PE_Politicas_IIPAO2022.docx.pdf\">Pol\u00edticas II-PAO 2022<\/a><\/p>\n","protected":false},"excerpt":{"rendered":"<p>A continuaci\u00f3n encontrar\u00e1 la informaci\u00f3n correspondiente a las pol\u00edticas y planificaci\u00f3n del componente pr\u00e1ctico correspondiente a Principios de Electr\u00f3nica: Pol\u00edticas II-PAO 2022<\/p>\n","protected":false},"author":11264,"featured_media":0,"parent":0,"menu_order":0,"comment_status":"closed","ping_status":"closed","template":"","meta":{"footnotes":""},"class_list":["post-26","page","type-page","status-publish","hentry"],"_links":{"self":[{"href":"https:\/\/blog.espol.edu.ec\/labelectronicafiec\/wp-json\/wp\/v2\/pages\/26","targetHints":{"allow":["GET"]}}],"collection":[{"href":"https:\/\/blog.espol.edu.ec\/labelectronicafiec\/wp-json\/wp\/v2\/pages"}],"about":[{"href":"https:\/\/blog.espol.edu.ec\/labelectronicafiec\/wp-json\/wp\/v2\/types\/page"}],"author":[{"embeddable":true,"href":"https:\/\/blog.espol.edu.ec\/labelectronicafiec\/wp-json\/wp\/v2\/users\/11264"}],"replies":[{"embeddable":true,"href":"https:\/\/blog.espol.edu.ec\/labelectronicafiec\/wp-json\/wp\/v2\/comments?post=26"}],"version-history":[{"count":4,"href":"https:\/\/blog.espol.edu.ec\/labelectronicafiec\/wp-json\/wp\/v2\/pages\/26\/revisions"}],"predecessor-version":[{"id":137,"href":"https:\/\/blog.espol.edu.ec\/labelectronicafiec\/wp-json\/wp\/v2\/pages\/26\/revisions\/137"}],"wp:attachment":[{"href":"https:\/\/blog.espol.edu.ec\/labelectronicafiec\/wp-json\/wp\/v2\/media?parent=26"}],"curies":[{"name":"wp","href":"https:\/\/api.w.org\/{rel}","templated":true}]}}