{"id":67,"date":"2023-01-12T16:59:08","date_gmt":"2023-01-12T15:59:08","guid":{"rendered":"http:\/\/blog.espol.edu.ec\/labelectronicafiec\/?page_id=67"},"modified":"2023-01-12T17:00:04","modified_gmt":"2023-01-12T16:00:04","slug":"normas-de-seguridad","status":"publish","type":"page","link":"https:\/\/blog.espol.edu.ec\/labelectronicafiec\/normas-de-seguridad\/","title":{"rendered":"Normas de seguridad"},"content":{"rendered":"<ul>\n<li>El uso de guantes diel\u00e9ctricos y gafas de protecci\u00f3n es <strong>obligatorio <\/strong>para el desarrollo de las pr\u00e1cticas. Personal que no tenga estos medios no podr\u00e1 formar parte del desarrollo de la pr\u00e1ctica.<\/li>\n<li>Est\u00e1 prohibido usar durante la pr\u00e1ctica art\u00edculos de joyer\u00eda y otros similares como: anillos, pulseras, collares, brazaletes, cadenas, relojes, etc.; as\u00ed como el cabello recogido.<\/li>\n<li>Esta prohibido el uso de pantalonetas, bermudas, faldas o prendas similares. As\u00ed como calzado tipo zapatillas, sandalias o similares.<\/li>\n<li>En caso de usar chompas con mangas largas se debe de recoger a una altura de \u00be del antebrazo aproximadamente o quit\u00e1rsela.<\/li>\n<li>Est\u00e1 prohibido ubicar en las mesas de trabajo mochila, bolsos. Estos deben de ser ubicados en las bancas.<\/li>\n<li>Conocer la ubicaci\u00f3n del extintor para actuar en caso de un incendio<\/li>\n<li>Tener cuidado con los elementos energizados, interruptores, tomacorrientes y dem\u00e1s<\/li>\n<\/ul>\n<p>No se podr\u00e1 ingresar al laboratorio si no se cubren estos requisitos<\/p>\n<p>Por cuestiones de seguridad el docente de la pr\u00e1ctica del laboratorio podr\u00e1 solicitar algunos requisitos adicionales al grupo previo al inicio de la pr\u00e1ctica.<\/p>\n","protected":false},"excerpt":{"rendered":"<p>El uso de guantes diel\u00e9ctricos y gafas de protecci\u00f3n es obligatorio para el desarrollo de las pr\u00e1cticas. Personal que no tenga estos medios no podr\u00e1 formar parte del desarrollo de la pr\u00e1ctica. Est\u00e1 prohibido usar durante la pr\u00e1ctica art\u00edculos de joyer\u00eda y otros similares como: anillos, pulseras, collares, brazaletes, cadenas, relojes, etc.; as\u00ed como el &hellip; <\/p>\n<p class=\"link-more\"><a href=\"https:\/\/blog.espol.edu.ec\/labelectronicafiec\/normas-de-seguridad\/\" class=\"more-link\">Continuar leyendo<span class=\"screen-reader-text\"> \"Normas de seguridad\"<\/span><\/a><\/p>\n","protected":false},"author":11264,"featured_media":0,"parent":0,"menu_order":0,"comment_status":"closed","ping_status":"closed","template":"","meta":{"footnotes":""},"class_list":["post-67","page","type-page","status-publish","hentry"],"_links":{"self":[{"href":"https:\/\/blog.espol.edu.ec\/labelectronicafiec\/wp-json\/wp\/v2\/pages\/67","targetHints":{"allow":["GET"]}}],"collection":[{"href":"https:\/\/blog.espol.edu.ec\/labelectronicafiec\/wp-json\/wp\/v2\/pages"}],"about":[{"href":"https:\/\/blog.espol.edu.ec\/labelectronicafiec\/wp-json\/wp\/v2\/types\/page"}],"author":[{"embeddable":true,"href":"https:\/\/blog.espol.edu.ec\/labelectronicafiec\/wp-json\/wp\/v2\/users\/11264"}],"replies":[{"embeddable":true,"href":"https:\/\/blog.espol.edu.ec\/labelectronicafiec\/wp-json\/wp\/v2\/comments?post=67"}],"version-history":[{"count":2,"href":"https:\/\/blog.espol.edu.ec\/labelectronicafiec\/wp-json\/wp\/v2\/pages\/67\/revisions"}],"predecessor-version":[{"id":72,"href":"https:\/\/blog.espol.edu.ec\/labelectronicafiec\/wp-json\/wp\/v2\/pages\/67\/revisions\/72"}],"wp:attachment":[{"href":"https:\/\/blog.espol.edu.ec\/labelectronicafiec\/wp-json\/wp\/v2\/media?parent=67"}],"curies":[{"name":"wp","href":"https:\/\/api.w.org\/{rel}","templated":true}]}}