{"id":35,"date":"2025-04-01T22:57:52","date_gmt":"2025-04-01T20:57:52","guid":{"rendered":"http:\/\/blog.espol.edu.ec\/labmaquinariaelectrica\/?page_id=35"},"modified":"2025-04-22T23:53:11","modified_gmt":"2025-04-22T21:53:11","slug":"laboratorio","status":"publish","type":"page","link":"https:\/\/blog.espol.edu.ec\/labmaquinariaelectrica\/","title":{"rendered":"Laboratorio"},"content":{"rendered":"<div id=\"pl-35\"  class=\"panel-layout\" ><div id=\"pg-35-0\"  class=\"panel-grid panel-has-style\" ><div class=\"siteorigin-panels-stretch panel-row-style panel-row-style-for-35-0\" data-stretch-type=\"full\" ><div id=\"pgc-35-0-0\"  class=\"panel-grid-cell\" ><div id=\"panel-35-0-0-0\" class=\"so-panel widget widget_sow-slider panel-first-child panel-last-child\" data-index=\"0\" ><div\n\t\t\t\n\t\t\tclass=\"so-widget-sow-slider so-widget-sow-slider-default-6d39609536fd-35\"\n\t\t\t\n\t\t>\t\t\t\t<div class=\"sow-slider-base\" style=\"display: none\" tabindex=\"0\">\n\t\t\t\t\t<ul\n\t\t\t\t\tclass=\"sow-slider-images\"\n\t\t\t\t\tdata-settings=\"{&quot;pagination&quot;:true,&quot;speed&quot;:800,&quot;timeout&quot;:8000,&quot;paused&quot;:false,&quot;pause_on_hover&quot;:false,&quot;swipe&quot;:true,&quot;nav_always_show_desktop&quot;:&quot;&quot;,&quot;nav_always_show_mobile&quot;:&quot;&quot;,&quot;breakpoint&quot;:&quot;780px&quot;,&quot;unmute&quot;:false,&quot;anchor&quot;:null}\"\n\t\t\t\t\t\t\t\t\t\tdata-anchor-id=\"\"\n\t\t\t\t>\t\t<li class=\"sow-slider-image\" style=\"visibility: visible;;background-color: #383838\" >\n\t\t\t\t\t\t<img loading=\"lazy\" decoding=\"async\" width=\"1918\" height=\"784\" src=\"https:\/\/blog.espol.edu.ec\/labmaquinariaelectrica\/files\/2025\/04\/Maquinarias-El\u00e9ctricas_1-2.jpg\" class=\"sow-slider-background-image\" alt=\"\" style=\"\" srcset=\"https:\/\/blog.espol.edu.ec\/labmaquinariaelectrica\/files\/2025\/04\/Maquinarias-El\u00e9ctricas_1-2.jpg 1918w, https:\/\/blog.espol.edu.ec\/labmaquinariaelectrica\/files\/2025\/04\/Maquinarias-El\u00e9ctricas_1-2-300x123.jpg 300w, https:\/\/blog.espol.edu.ec\/labmaquinariaelectrica\/files\/2025\/04\/Maquinarias-El\u00e9ctricas_1-2-768x314.jpg 768w, https:\/\/blog.espol.edu.ec\/labmaquinariaelectrica\/files\/2025\/04\/Maquinarias-El\u00e9ctricas_1-2-1024x419.jpg 1024w\" sizes=\"auto, 100vw\" \/>\t\t<\/li>\n\t\t\t\t<li class=\"sow-slider-image\" style=\"visibility: hidden;\" >\n\t\t\t\t\t\t<img loading=\"lazy\" decoding=\"async\" width=\"4032\" height=\"2268\" src=\"https:\/\/blog.espol.edu.ec\/labmaquinariaelectrica\/files\/2025\/04\/Lab.-maquinaria-el\u00e9ctrica-2.jpg\" class=\"sow-slider-background-image\" alt=\"\" style=\"\" srcset=\"https:\/\/blog.espol.edu.ec\/labmaquinariaelectrica\/files\/2025\/04\/Lab.-maquinaria-el\u00e9ctrica-2.jpg 4032w, https:\/\/blog.espol.edu.ec\/labmaquinariaelectrica\/files\/2025\/04\/Lab.-maquinaria-el\u00e9ctrica-2-300x169.jpg 300w, https:\/\/blog.espol.edu.ec\/labmaquinariaelectrica\/files\/2025\/04\/Lab.-maquinaria-el\u00e9ctrica-2-768x432.jpg 768w, https:\/\/blog.espol.edu.ec\/labmaquinariaelectrica\/files\/2025\/04\/Lab.-maquinaria-el\u00e9ctrica-2-1024x576.jpg 1024w\" sizes=\"auto, 100vw\" \/>\t\t<\/li>\n\t\t<\/ul>\t\t\t\t<ol class=\"sow-slider-pagination\">\n\t\t\t\t\t\t\t\t\t\t\t<li><a href=\"#\" data-goto=\"0\" aria-label=\"mostrar diapositiva 1\"><\/a><\/li>\n\t\t\t\t\t\t\t\t\t\t\t<li><a href=\"#\" data-goto=\"1\" aria-label=\"mostrar diapositiva 2\"><\/a><\/li>\n\t\t\t\t\t\t\t\t\t<\/ol>\n\n\t\t\t\t<div class=\"sow-slide-nav sow-slide-nav-next\">\n\t\t\t\t\t<a href=\"#\" data-goto=\"next\" aria-label=\"diapositiva siguiente\" data-action=\"next\">\n\t\t\t\t\t\t<em class=\"sow-sld-icon-thin-right\"><\/em>\n\t\t\t\t\t<\/a>\n\t\t\t\t<\/div>\n\n\t\t\t\t<div class=\"sow-slide-nav sow-slide-nav-prev\">\n\t\t\t\t\t<a href=\"#\" data-goto=\"previous\" aria-label=\"diapositiva anterior\" data-action=\"prev\">\n\t\t\t\t\t\t<em class=\"sow-sld-icon-thin-left\"><\/em>\n\t\t\t\t\t<\/a>\n\t\t\t\t<\/div>\n\t\t\t\t<\/div><\/div><\/div><\/div><\/div><\/div><div id=\"pg-35-1\"  class=\"panel-grid panel-has-style\" ><div class=\"siteorigin-panels-stretch panel-row-style panel-row-style-for-35-1\" data-stretch-type=\"full\" ><div id=\"pgc-35-1-0\"  class=\"panel-grid-cell\" ><div id=\"panel-35-1-0-0\" class=\"so-panel widget widget_sow-headline panel-first-child panel-last-child\" data-index=\"1\" ><div class=\"panel-widget-style panel-widget-style-for-35-1-0-0\" ><div\n\t\t\t\n\t\t\tclass=\"so-widget-sow-headline so-widget-sow-headline-default-afb0cabcb1cd-35 so-widget-fittext-wrapper\"\n\t\t\t data-fit-text-compressor=\"0.85\"\n\t\t><div class=\"sow-headline-container \">\n\t\t\t\t\t\t\t<h2 class=\"sow-headline\">\n\t\t\t\t\t\tBIENVENIDOS\t\t\t\t\t\t<\/h2>\n\t\t\t\t\t\t\t\t\t\t\t\t<p class=\"sow-sub-headline\">\n\t\t\t\t\t\tEn el laboratorio de maquinarias se desarrollan las pr\u00e1cticas correspondientes a Maquinaria El\u00e9ctrica I y II y a M\u00e1quinas y Transformadores \t\t\t\t\t\t<\/p>\n\t\t\t\t\t\t<\/div>\n<\/div><\/div><\/div><\/div><\/div><\/div><div id=\"pg-35-2\"  class=\"panel-grid panel-has-style\" ><div class=\"siteorigin-panels-stretch panel-row-style panel-row-style-for-35-2\" data-stretch-type=\"full\" ><div id=\"pgc-35-2-0\"  class=\"panel-grid-cell\" ><div id=\"panel-35-2-0-0\" class=\"so-panel widget widget_sow-headline panel-first-child panel-last-child\" data-index=\"2\" ><div class=\"panel-widget-style panel-widget-style-for-35-2-0-0\" ><div\n\t\t\t\n\t\t\tclass=\"so-widget-sow-headline so-widget-sow-headline-default-f13d52b92bd1-35\"\n\t\t\t\n\t\t><div class=\"sow-headline-container \">\n\t\t\t\t\t\t\t<h2 class=\"sow-headline\">\n\t\t\t\t\t\tCorreo del Laboratorio \t\t\t\t\t\t<\/h2>\n\t\t\t\t\t\t\t\t\t\t\t\t<p class=\"sow-sub-headline\">\n\t\t\t\t\t\tlab-maqelec@fiec.espol.edu.ec\t\t\t\t\t\t<\/p>\n\t\t\t\t\t\t<\/div>\n<\/div><\/div><\/div><\/div><\/div><\/div><div id=\"pg-35-3\"  class=\"panel-grid panel-has-style\" ><div class=\"panel-row-style panel-row-style-for-35-3\" ><div id=\"pgc-35-3-0\"  class=\"panel-grid-cell\" ><div id=\"panel-35-3-0-0\" class=\"so-panel widget widget_sow-headline panel-first-child panel-last-child\" data-index=\"3\" ><div\n\t\t\t\n\t\t\tclass=\"so-widget-sow-headline so-widget-sow-headline-default-ea0af4cf39ae-35\"\n\t\t\t\n\t\t><div class=\"sow-headline-container \">\n\t\t\t\t\t\t\t<h1 class=\"sow-headline\">\n\t\t\t\t\t\t\u00bfC\u00f3mo llegar?\t\t\t\t\t\t<\/h1>\n\t\t\t\t\t\t\t\t\t\t\t<div class=\"decoration\">\n\t\t\t\t\t\t<div class=\"decoration-inside\"><\/div>\n\t\t\t\t\t<\/div>\n\t\t\t\t\t\t\t\t\t\t\t<h3 class=\"sow-sub-headline\">\n\t\t\t\t\t\tEl laboratorio de Maquinaria El\u00e9ctrica LAB-007, se encuentra en el bloque 11C, planta baja\t\t\t\t\t\t<\/h3>\n\t\t\t\t\t\t<\/div>\n<\/div><\/div><\/div><\/div><\/div><div id=\"pg-35-4\"  class=\"panel-grid panel-has-style\" ><div class=\"siteorigin-panels-stretch panel-row-style panel-row-style-for-35-4\" data-stretch-type=\"full\" ><div id=\"pgc-35-4-0\"  class=\"panel-grid-cell\" ><div id=\"panel-35-4-0-0\" class=\"so-panel widget widget_sow-slider panel-first-child panel-last-child\" data-index=\"4\" ><div\n\t\t\t\n\t\t\tclass=\"so-widget-sow-slider so-widget-sow-slider-default-6d39609536fd-35\"\n\t\t\t\n\t\t>\t\t\t\t<div class=\"sow-slider-base\" style=\"display: none\" tabindex=\"0\">\n\t\t\t\t\t<ul\n\t\t\t\t\tclass=\"sow-slider-images\"\n\t\t\t\t\tdata-settings=\"{&quot;pagination&quot;:true,&quot;speed&quot;:800,&quot;timeout&quot;:8000,&quot;paused&quot;:false,&quot;pause_on_hover&quot;:false,&quot;swipe&quot;:true,&quot;nav_always_show_desktop&quot;:&quot;&quot;,&quot;nav_always_show_mobile&quot;:&quot;&quot;,&quot;breakpoint&quot;:&quot;780px&quot;,&quot;unmute&quot;:false,&quot;anchor&quot;:null}\"\n\t\t\t\t\t\t\t\t\t\tdata-anchor-id=\"\"\n\t\t\t\t><\/ul>\t\t\t\t<ol class=\"sow-slider-pagination\">\n\t\t\t\t\t\t\t\t\t<\/ol>\n\n\t\t\t\t<div class=\"sow-slide-nav sow-slide-nav-next\">\n\t\t\t\t\t<a href=\"#\" data-goto=\"next\" aria-label=\"diapositiva siguiente\" data-action=\"next\">\n\t\t\t\t\t\t<em class=\"sow-sld-icon-thin-right\"><\/em>\n\t\t\t\t\t<\/a>\n\t\t\t\t<\/div>\n\n\t\t\t\t<div class=\"sow-slide-nav sow-slide-nav-prev\">\n\t\t\t\t\t<a href=\"#\" data-goto=\"previous\" aria-label=\"diapositiva anterior\" data-action=\"prev\">\n\t\t\t\t\t\t<em class=\"sow-sld-icon-thin-left\"><\/em>\n\t\t\t\t\t<\/a>\n\t\t\t\t<\/div>\n\t\t\t\t<\/div><\/div><\/div><\/div><div id=\"pgc-35-4-1\"  class=\"panel-grid-cell\" ><div id=\"panel-35-4-1-0\" class=\"so-panel widget widget_sow-google-map panel-first-child panel-last-child\" data-index=\"5\" ><div\n\t\t\t\n\t\t\tclass=\"so-widget-sow-google-map so-widget-sow-google-map-default-6b23895f316e-35\"\n\t\t\t\n\t\t>\n<div class=\"sow-google-map-canvas\"\n\tstyle=\"\"\n\tid=\"map-canvas-eb6a5e18db60ed678d3580f6bbd52442\"\n\tdata-options=\"{&quot;address&quot;:&quot;Laboratorio de Maquinaria El\\u00e9ctrica - FIEC&quot;,&quot;zoom&quot;:16,&quot;mobileZoom&quot;:16,&quot;gestureHandling&quot;:&quot;none&quot;,&quot;disableUi&quot;:false,&quot;markerIcon&quot;:false,&quot;markersDraggable&quot;:false,&quot;markerAtCenter&quot;:true,&quot;markerInfoDisplay&quot;:&quot;click&quot;,&quot;markerInfoMultiple&quot;:true,&quot;markerPositions&quot;:false,&quot;mapName&quot;:&quot;Mapa personalizado&quot;,&quot;mapStyles&quot;:[{&quot;featureType&quot;:&quot;all&quot;,&quot;elementType&quot;:&quot;labels.text.fill&quot;,&quot;stylers&quot;:[{&quot;saturation&quot;:36},{&quot;color&quot;:&quot;#000000&quot;},{&quot;lightness&quot;:40}]},{&quot;featureType&quot;:&quot;all&quot;,&quot;elementType&quot;:&quot;labels.text.stroke&quot;,&quot;stylers&quot;:[{&quot;visibility&quot;:&quot;on&quot;},{&quot;color&quot;:&quot;#000000&quot;},{&quot;lightness&quot;:16}]},{&quot;featureType&quot;:&quot;all&quot;,&quot;elementType&quot;:&quot;labels.icon&quot;,&quot;stylers&quot;:[{&quot;visibility&quot;:&quot;off&quot;}]},{&quot;featureType&quot;:&quot;administrative&quot;,&quot;elementType&quot;:&quot;geometry.fill&quot;,&quot;stylers&quot;:[{&quot;color&quot;:&quot;#000000&quot;},{&quot;lightness&quot;:20}]},{&quot;featureType&quot;:&quot;administrative&quot;,&quot;elementType&quot;:&quot;geometry.stroke&quot;,&quot;stylers&quot;:[{&quot;color&quot;:&quot;#000000&quot;},{&quot;lightness&quot;:17},{&quot;weight&quot;:1.2}]},{&quot;featureType&quot;:&quot;landscape&quot;,&quot;elementType&quot;:&quot;geometry&quot;,&quot;stylers&quot;:[{&quot;color&quot;:&quot;#000000&quot;},{&quot;lightness&quot;:20}]},{&quot;featureType&quot;:&quot;poi&quot;,&quot;elementType&quot;:&quot;geometry&quot;,&quot;stylers&quot;:[{&quot;color&quot;:&quot;#000000&quot;},{&quot;lightness&quot;:21}]},{&quot;featureType&quot;:&quot;road.highway&quot;,&quot;elementType&quot;:&quot;geometry.fill&quot;,&quot;stylers&quot;:[{&quot;color&quot;:&quot;#000000&quot;},{&quot;lightness&quot;:17}]},{&quot;featureType&quot;:&quot;road.highway&quot;,&quot;elementType&quot;:&quot;geometry.stroke&quot;,&quot;stylers&quot;:[{&quot;color&quot;:&quot;#000000&quot;},{&quot;lightness&quot;:29},{&quot;weight&quot;:0.2}]},{&quot;featureType&quot;:&quot;road.arterial&quot;,&quot;elementType&quot;:&quot;geometry&quot;,&quot;stylers&quot;:[{&quot;color&quot;:&quot;#000000&quot;},{&quot;lightness&quot;:18}]},{&quot;featureType&quot;:&quot;road.local&quot;,&quot;elementType&quot;:&quot;geometry&quot;,&quot;stylers&quot;:[{&quot;color&quot;:&quot;#000000&quot;},{&quot;lightness&quot;:16}]},{&quot;featureType&quot;:&quot;transit&quot;,&quot;elementType&quot;:&quot;geometry&quot;,&quot;stylers&quot;:[{&quot;color&quot;:&quot;#000000&quot;},{&quot;lightness&quot;:19}]},{&quot;featureType&quot;:&quot;water&quot;,&quot;elementType&quot;:&quot;geometry&quot;,&quot;stylers&quot;:[{&quot;color&quot;:&quot;#000000&quot;},{&quot;lightness&quot;:17}]}],&quot;directions&quot;:&quot;&quot;,&quot;apiKey&quot;:&quot;AIzaSyAWV9Vw5OAe5LE5I3dPa38ZbBUudD92PVw&quot;,&quot;breakpoint&quot;:780}\"\n\tdata-fallback-image=\"{&quot;img&quot;:&quot;&quot;}\"><\/div>\n<\/div><\/div><\/div><\/div><\/div><\/div>","protected":false},"excerpt":{"rendered":"<p>BIENVENIDOS En el laboratorio de maquinarias se desarrollan las pr\u00e1cticas correspondientes a Maquinaria El\u00e9ctrica I y II y a M\u00e1quinas y Transformadores Correo del Laboratorio lab-maqelec@fiec.espol.edu.ec \u00bfC\u00f3mo llegar? El laboratorio de Maquinaria El\u00e9ctrica LAB-007, se encuentra en el bloque 11C, planta baja<\/p>\n","protected":false},"author":11027,"featured_media":0,"parent":0,"menu_order":0,"comment_status":"closed","ping_status":"closed","template":"","meta":{"footnotes":""},"class_list":["post-35","page","type-page","status-publish","hentry"],"_links":{"self":[{"href":"https:\/\/blog.espol.edu.ec\/labmaquinariaelectrica\/wp-json\/wp\/v2\/pages\/35","targetHints":{"allow":["GET"]}}],"collection":[{"href":"https:\/\/blog.espol.edu.ec\/labmaquinariaelectrica\/wp-json\/wp\/v2\/pages"}],"about":[{"href":"https:\/\/blog.espol.edu.ec\/labmaquinariaelectrica\/wp-json\/wp\/v2\/types\/page"}],"author":[{"embeddable":true,"href":"https:\/\/blog.espol.edu.ec\/labmaquinariaelectrica\/wp-json\/wp\/v2\/users\/11027"}],"replies":[{"embeddable":true,"href":"https:\/\/blog.espol.edu.ec\/labmaquinariaelectrica\/wp-json\/wp\/v2\/comments?post=35"}],"version-history":[{"count":14,"href":"https:\/\/blog.espol.edu.ec\/labmaquinariaelectrica\/wp-json\/wp\/v2\/pages\/35\/revisions"}],"predecessor-version":[{"id":80,"href":"https:\/\/blog.espol.edu.ec\/labmaquinariaelectrica\/wp-json\/wp\/v2\/pages\/35\/revisions\/80"}],"wp:attachment":[{"href":"https:\/\/blog.espol.edu.ec\/labmaquinariaelectrica\/wp-json\/wp\/v2\/media?parent=35"}],"curies":[{"name":"wp","href":"https:\/\/api.w.org\/{rel}","templated":true}]}}