{"id":2,"date":"2025-11-20T19:44:25","date_gmt":"2025-11-20T18:44:25","guid":{"rendered":"https:\/\/blog.espol.edu.ec\/laboratorio\/?page_id=2"},"modified":"2025-11-20T20:11:22","modified_gmt":"2025-11-20T19:11:22","slug":"practicaslaboratorio","status":"publish","type":"page","link":"https:\/\/blog.espol.edu.ec\/laboratorio\/practicaslaboratorio\/","title":{"rendered":"Pr\u00e1cticas de Laboratorio"},"content":{"rendered":"<div id=\"pl-gb2-69d311c6a08db\"  class=\"panel-layout\" ><div id=\"pg-gb2-69d311c6a08db-0\"  class=\"panel-grid panel-no-style\" ><div id=\"pgc-gb2-69d311c6a08db-0-0\"  class=\"panel-grid-cell\" ><div id=\"panel-gb2-69d311c6a08db-0-0-0\" class=\"so-panel widget widget_sow-editor panel-first-child\" data-index=\"0\" ><div\n\t\t\t\n\t\t\tclass=\"so-widget-sow-editor so-widget-sow-editor-base\"\n\t\t\t\n\t\t><h3 class=\"widget-title\">Pr\u00e1ctica1<\/h3>\n<div class=\"siteorigin-widget-tinymce textwidget\">\n\t<p><a href=\"http:\/\/blog.espol.edu.ec\/laboratorio\/files\/2025\/11\/Practica_1_Familiarizacion_Robots_Lab.pdf\">Pr\u00e1ctica_1_Familiarizaci\u00f3n_Robots_Lab<\/a><\/p>\n<\/div>\n<\/div><\/div><div id=\"panel-gb2-69d311c6a08db-0-0-1\" class=\"so-panel widget widget_sow-editor\" data-index=\"1\" ><div\n\t\t\t\n\t\t\tclass=\"so-widget-sow-editor so-widget-sow-editor-base\"\n\t\t\t\n\t\t><h3 class=\"widget-title\">Pr\u00e1ctica2<\/h3>\n<div class=\"siteorigin-widget-tinymce textwidget\">\n\t<p><a href=\"http:\/\/blog.espol.edu.ec\/laboratorio\/files\/2025\/11\/Practica-2_Kawasaki_TP_AS-1-1.pdf\">Pr\u00e1ctica 2_Kawasaki_TP_AS 1 (1)<\/a><\/p>\n<\/div>\n<\/div><\/div><div id=\"panel-gb2-69d311c6a08db-0-0-2\" class=\"so-panel widget widget_sow-editor\" data-index=\"2\" ><div\n\t\t\t\n\t\t\tclass=\"so-widget-sow-editor so-widget-sow-editor-base\"\n\t\t\t\n\t\t><h3 class=\"widget-title\">Pr\u00e1ctica3<\/h3>\n<div class=\"siteorigin-widget-tinymce textwidget\">\n\t<p><a href=\"http:\/\/blog.espol.edu.ec\/laboratorio\/files\/2025\/11\/Practica-3_Introduccion_RoboDk.pdf\">Pr\u00e1ctica 3_Introduccion_RoboDk<\/a><\/p>\n<\/div>\n<\/div><\/div><div id=\"panel-gb2-69d311c6a08db-0-0-3\" class=\"so-panel widget widget_sow-editor\" data-index=\"3\" ><div\n\t\t\t\n\t\t\tclass=\"so-widget-sow-editor so-widget-sow-editor-base\"\n\t\t\t\n\t\t><h3 class=\"widget-title\">Pr\u00e1ctica4<\/h3>\n<div class=\"siteorigin-widget-tinymce textwidget\">\n\t<p><a href=\"http:\/\/blog.espol.edu.ec\/laboratorio\/files\/2025\/11\/Practica_4_Dobot.pdf\">Pr\u00e1ctica_4_Dobot<\/a><\/p>\n<\/div>\n<\/div><\/div><div id=\"panel-gb2-69d311c6a08db-0-0-4\" class=\"so-panel widget widget_sow-editor\" data-index=\"4\" ><div\n\t\t\t\n\t\t\tclass=\"so-widget-sow-editor so-widget-sow-editor-base\"\n\t\t\t\n\t\t><h3 class=\"widget-title\">Pr\u00e1ctica5<\/h3>\n<div class=\"siteorigin-widget-tinymce textwidget\">\n\t<p><a href=\"http:\/\/blog.espol.edu.ec\/laboratorio\/files\/2025\/11\/PRACTICA_5-PARAMETRIZABLE.pdf\">PR\u00c1CTICA_5 PARAMETRIZABLE<\/a><\/p>\n<\/div>\n<\/div><\/div><div id=\"panel-gb2-69d311c6a08db-0-0-5\" class=\"so-panel widget widget_sow-editor panel-last-child\" data-index=\"5\" ><div\n\t\t\t\n\t\t\tclass=\"so-widget-sow-editor so-widget-sow-editor-base\"\n\t\t\t\n\t\t><h3 class=\"widget-title\">Pr\u00e1ctica6<\/h3>\n<div class=\"siteorigin-widget-tinymce textwidget\">\n\t<p><a href=\"http:\/\/blog.espol.edu.ec\/laboratorio\/files\/2025\/11\/Practica6_Dobot.pdf\">Pr\u00e1ctica6_Dobot<\/a><\/p>\n<\/div>\n<\/div><\/div><\/div><\/div><\/div>","protected":false},"excerpt":{"rendered":"<p>Pr\u00e1ctica_1_Familiarizaci\u00f3n_Robots_Lab Pr\u00e1ctica 2_Kawasaki_TP_AS 1 (1) Pr\u00e1ctica 3_Introduccion_RoboDk Pr\u00e1ctica_4_Dobot PR\u00c1CTICA_5 PARAMETRIZABLE Pr\u00e1ctica6_Dobot<\/p>\n","protected":false},"author":7157,"featured_media":0,"parent":0,"menu_order":0,"comment_status":"closed","ping_status":"open","template":"","meta":{"footnotes":""},"class_list":["post-2","page","type-page","status-publish","hentry"],"_links":{"self":[{"href":"https:\/\/blog.espol.edu.ec\/laboratorio\/wp-json\/wp\/v2\/pages\/2","targetHints":{"allow":["GET"]}}],"collection":[{"href":"https:\/\/blog.espol.edu.ec\/laboratorio\/wp-json\/wp\/v2\/pages"}],"about":[{"href":"https:\/\/blog.espol.edu.ec\/laboratorio\/wp-json\/wp\/v2\/types\/page"}],"author":[{"embeddable":true,"href":"https:\/\/blog.espol.edu.ec\/laboratorio\/wp-json\/wp\/v2\/users\/7157"}],"replies":[{"embeddable":true,"href":"https:\/\/blog.espol.edu.ec\/laboratorio\/wp-json\/wp\/v2\/comments?post=2"}],"version-history":[{"count":3,"href":"https:\/\/blog.espol.edu.ec\/laboratorio\/wp-json\/wp\/v2\/pages\/2\/revisions"}],"predecessor-version":[{"id":39,"href":"https:\/\/blog.espol.edu.ec\/laboratorio\/wp-json\/wp\/v2\/pages\/2\/revisions\/39"}],"wp:attachment":[{"href":"https:\/\/blog.espol.edu.ec\/laboratorio\/wp-json\/wp\/v2\/media?parent=2"}],"curies":[{"name":"wp","href":"https:\/\/api.w.org\/{rel}","templated":true}]}}