{"id":29,"date":"2025-11-20T20:09:21","date_gmt":"2025-11-20T19:09:21","guid":{"rendered":"https:\/\/blog.espol.edu.ec\/laboratorio\/?page_id=29"},"modified":"2025-11-20T20:10:34","modified_gmt":"2025-11-20T19:10:34","slug":"practicas-seguras","status":"publish","type":"page","link":"https:\/\/blog.espol.edu.ec\/laboratorio\/practicas-seguras\/","title":{"rendered":"Pr\u00e1cticas Seguras"},"content":{"rendered":"<div id=\"pl-gb29-69d38e1f28bbf\"  class=\"panel-layout\" ><div id=\"pg-gb29-69d38e1f28bbf-0\"  class=\"panel-grid panel-no-style\" ><div id=\"pgc-gb29-69d38e1f28bbf-0-0\"  class=\"panel-grid-cell\" ><div id=\"panel-gb29-69d38e1f28bbf-0-0-0\" class=\"so-panel widget widget_sow-editor panel-first-child panel-last-child\" data-index=\"0\" ><div\n\t\t\t\n\t\t\tclass=\"so-widget-sow-editor so-widget-sow-editor-base\"\n\t\t\t\n\t\t><h3 class=\"widget-title\">Gu\u00edas de pr\u00e1cticas seguras<\/h3>\n<div class=\"siteorigin-widget-tinymce textwidget\">\n\t<p><a href=\"http:\/\/blog.espol.edu.ec\/laboratorio\/files\/2025\/11\/PSeguras_Practica1.docx\">PSeguras_Pr\u00e1ctica1<\/a><\/p>\n<p><a href=\"http:\/\/blog.espol.edu.ec\/laboratorio\/files\/2025\/11\/PSeguras_Practica2.docx\">PSeguras_Pr\u00e1ctica2<\/a><\/p>\n<p><a href=\"http:\/\/blog.espol.edu.ec\/laboratorio\/files\/2025\/11\/PSeguras_Practica3.docx\">PSeguras_Pr\u00e1ctica3<\/a><\/p>\n<p><a href=\"http:\/\/blog.espol.edu.ec\/laboratorio\/files\/2025\/11\/PSeguras_Practica4.docx\">PSeguras_Pr\u00e1ctica4<\/a><\/p>\n<p><a href=\"http:\/\/blog.espol.edu.ec\/laboratorio\/files\/2025\/11\/PSeguras_Practica5.docx\">PSeguras_Pr\u00e1ctica5<\/a><\/p>\n<p><a href=\"http:\/\/blog.espol.edu.ec\/laboratorio\/files\/2025\/11\/PSeguras_Practica6.docx\">PSeguras_Pr\u00e1ctica6<\/a><\/p>\n<\/div>\n<\/div><\/div><\/div><\/div><\/div>","protected":false},"excerpt":{"rendered":"<p>PSeguras_Pr\u00e1ctica1 PSeguras_Pr\u00e1ctica2 PSeguras_Pr\u00e1ctica3 PSeguras_Pr\u00e1ctica4 PSeguras_Pr\u00e1ctica5 PSeguras_Pr\u00e1ctica6<\/p>\n","protected":false},"author":7157,"featured_media":0,"parent":0,"menu_order":0,"comment_status":"closed","ping_status":"closed","template":"","meta":{"footnotes":""},"class_list":["post-29","page","type-page","status-publish","hentry"],"_links":{"self":[{"href":"https:\/\/blog.espol.edu.ec\/laboratorio\/wp-json\/wp\/v2\/pages\/29","targetHints":{"allow":["GET"]}}],"collection":[{"href":"https:\/\/blog.espol.edu.ec\/laboratorio\/wp-json\/wp\/v2\/pages"}],"about":[{"href":"https:\/\/blog.espol.edu.ec\/laboratorio\/wp-json\/wp\/v2\/types\/page"}],"author":[{"embeddable":true,"href":"https:\/\/blog.espol.edu.ec\/laboratorio\/wp-json\/wp\/v2\/users\/7157"}],"replies":[{"embeddable":true,"href":"https:\/\/blog.espol.edu.ec\/laboratorio\/wp-json\/wp\/v2\/comments?post=29"}],"version-history":[{"count":3,"href":"https:\/\/blog.espol.edu.ec\/laboratorio\/wp-json\/wp\/v2\/pages\/29\/revisions"}],"predecessor-version":[{"id":38,"href":"https:\/\/blog.espol.edu.ec\/laboratorio\/wp-json\/wp\/v2\/pages\/29\/revisions\/38"}],"wp:attachment":[{"href":"https:\/\/blog.espol.edu.ec\/laboratorio\/wp-json\/wp\/v2\/media?parent=29"}],"curies":[{"name":"wp","href":"https:\/\/api.w.org\/{rel}","templated":true}]}}