{"id":133,"date":"2009-03-30T11:50:57","date_gmt":"2009-03-30T16:50:57","guid":{"rendered":"http:\/\/blog.espol.edu.ec\/laboratoriodemaquinariaelectrica\/?page_id=133"},"modified":"2009-04-20T15:04:37","modified_gmt":"2009-04-20T20:04:37","slug":"bienvenida","status":"publish","type":"page","link":"https:\/\/blog.espol.edu.ec\/laboratoriodemaquinariaelectrica\/","title":{"rendered":"Bienvenida"},"content":{"rendered":"<p><a title=\"Palabras del Profesor\" href=\"http:\/\/blog.espol.edu.ec\/laboratoriodemaquinariaelectrica\/palabras-del-profesor\/\"><strong>Palabras del Profesor<\/strong><\/a><\/p>\n<p><a title=\"Misi\u00f3n - Objetivos Generales - Visi\u00f3n\" href=\"http:\/\/blog.espol.edu.ec\/laboratoriodemaquinariaelectrica\/mision-objetivos-vision\/\"><strong>Misi\u00f3n<\/strong><\/a><\/p>\n<p><a title=\"Misi\u00f3n - Objetivos Generales - Visi\u00f3n\" href=\"http:\/\/blog.espol.edu.ec\/laboratoriodemaquinariaelectrica\/mision-objetivos-vision\/\"><strong>Objetivos Generales<\/strong><\/a><\/p>\n<p><a title=\"Misi\u00f3n - Objetivos Generales - Visi\u00f3n\" href=\"http:\/\/blog.espol.edu.ec\/laboratoriodemaquinariaelectrica\/mision-objetivos-vision\/\"><strong>Visi\u00f3n<\/strong><\/a><\/p>\n<p><strong><a title=\"Politicas - Forma de Calificar - Formato de Reportes\" href=\"http:\/\/blog.espol.edu.ec\/laboratoriodemaquinariaelectrica\/politicas\/\">Pol\u00edticas del Curso : Formas de Calificar y Formato de Reportes<\/a><br \/>\n<\/strong><\/p>\n","protected":false},"excerpt":{"rendered":"<p>Palabras del Profesor Misi\u00f3n Objetivos Generales Visi\u00f3n Pol\u00edticas del Curso : Formas de Calificar y Formato de Reportes<\/p>\n","protected":false},"author":645,"featured_media":0,"parent":0,"menu_order":0,"comment_status":"closed","ping_status":"closed","template":"","meta":{"_monsterinsights_skip_tracking":false,"_monsterinsights_sitenote_active":false,"_monsterinsights_sitenote_note":"","_monsterinsights_sitenote_category":0,"footnotes":""},"class_list":["post-133","page","type-page","status-publish","hentry"],"_links":{"self":[{"href":"https:\/\/blog.espol.edu.ec\/laboratoriodemaquinariaelectrica\/wp-json\/wp\/v2\/pages\/133","targetHints":{"allow":["GET"]}}],"collection":[{"href":"https:\/\/blog.espol.edu.ec\/laboratoriodemaquinariaelectrica\/wp-json\/wp\/v2\/pages"}],"about":[{"href":"https:\/\/blog.espol.edu.ec\/laboratoriodemaquinariaelectrica\/wp-json\/wp\/v2\/types\/page"}],"author":[{"embeddable":true,"href":"https:\/\/blog.espol.edu.ec\/laboratoriodemaquinariaelectrica\/wp-json\/wp\/v2\/users\/645"}],"replies":[{"embeddable":true,"href":"https:\/\/blog.espol.edu.ec\/laboratoriodemaquinariaelectrica\/wp-json\/wp\/v2\/comments?post=133"}],"version-history":[{"count":8,"href":"https:\/\/blog.espol.edu.ec\/laboratoriodemaquinariaelectrica\/wp-json\/wp\/v2\/pages\/133\/revisions"}],"predecessor-version":[{"id":137,"href":"https:\/\/blog.espol.edu.ec\/laboratoriodemaquinariaelectrica\/wp-json\/wp\/v2\/pages\/133\/revisions\/137"}],"wp:attachment":[{"href":"https:\/\/blog.espol.edu.ec\/laboratoriodemaquinariaelectrica\/wp-json\/wp\/v2\/media?parent=133"}],"curies":[{"name":"wp","href":"https:\/\/api.w.org\/{rel}","templated":true}]}}