{"id":9,"date":"2009-03-19T16:50:35","date_gmt":"2009-03-19T21:50:35","guid":{"rendered":"http:\/\/blog.espol.edu.ec\/laboratoriodemaquinariaelectrica\/?page_id=9"},"modified":"2009-06-12T21:23:54","modified_gmt":"2009-06-13T02:23:54","slug":"material-del-curso-videos","status":"publish","type":"page","link":"https:\/\/blog.espol.edu.ec\/laboratoriodemaquinariaelectrica\/material-del-curso-videos\/","title":{"rendered":"Material del Curso (Videos)"},"content":{"rendered":"<p style=\"text-align: left\">\n<p style=\"text-align: left\">El material de este curso fue desarrollado por los estudiantes que\u00a0aprobaron la materia en los t\u00e9rminos anteriores, el profesor no se responsabiliza por el contenido del mismo.<\/p>\n<p style=\"text-align: left\">\n<table style=\"height: 142px\" border=\"1\" cellspacing=\"0\" cellpadding=\"0\" width=\"546\">\n<tbody>\n<tr>\n<td width=\"59\" valign=\"bottom\">\n<p align=\"center\">Paralelo<\/p>\n<\/td>\n<td width=\"127\" valign=\"bottom\">\n<p align=\"center\">Nombres<\/p>\n<\/td>\n<td width=\"59\" valign=\"bottom\">\n<p align=\"center\">Paralelo<\/p>\n<\/td>\n<td width=\"116\" valign=\"bottom\">\n<p align=\"center\">Nombres<\/p>\n<\/td>\n<td width=\"59\" valign=\"bottom\">\n<p align=\"center\">Paralelo<\/p>\n<\/td>\n<td width=\"127\" valign=\"bottom\">\n<p align=\"center\">Nombres<\/p>\n<\/td>\n<\/tr>\n<tr>\n<td width=\"59\" valign=\"bottom\">\n<p align=\"center\">8<\/p>\n<\/td>\n<td width=\"127\" valign=\"bottom\">\n<p align=\"center\">Humberto Acero<\/p>\n<\/td>\n<td width=\"59\" valign=\"bottom\">\n<p align=\"center\">9<\/p>\n<\/td>\n<td width=\"116\" valign=\"bottom\">\n<p align=\"center\">Castro Adriana<\/p>\n<\/td>\n<td width=\"59\" valign=\"bottom\">\n<p align=\"center\">10<\/p>\n<\/td>\n<td width=\"127\" valign=\"bottom\">\n<p align=\"center\">Buenaventura Julitza<\/p>\n<\/td>\n<\/tr>\n<tr>\n<td width=\"59\" valign=\"bottom\">\n<p align=\"center\">8<\/p>\n<\/td>\n<td width=\"127\" valign=\"bottom\">\n<p align=\"center\">Fernando Rodr\u00edguez<\/p>\n<\/td>\n<td width=\"59\" valign=\"bottom\">\n<p align=\"center\">9<\/p>\n<\/td>\n<td width=\"116\" valign=\"bottom\">\n<p align=\"center\">Gabilanez Marcelo<\/p>\n<\/td>\n<td width=\"59\" valign=\"bottom\">\n<p align=\"center\">10<\/p>\n<\/td>\n<td width=\"127\" valign=\"bottom\">\n<p align=\"center\">Cabrera\u00a0   Manuel<\/p>\n<\/td>\n<\/tr>\n<tr>\n<td width=\"59\" valign=\"bottom\">\n<p align=\"center\">8<\/p>\n<\/td>\n<td width=\"127\" valign=\"bottom\">\n<p align=\"center\">Miguel Berm\u00fadez<\/p>\n<\/td>\n<td width=\"59\" valign=\"bottom\">\n<p align=\"center\">9<\/p>\n<\/td>\n<td width=\"116\" valign=\"bottom\">\n<p align=\"center\">Llerena\u00a0   Ronny<\/p>\n<\/td>\n<td width=\"59\" valign=\"bottom\">\n<p align=\"center\">10<\/p>\n<\/td>\n<td width=\"127\" valign=\"bottom\">\n<p align=\"center\">Choez\u00a0   Diana<\/p>\n<\/td>\n<\/tr>\n<tr>\n<td width=\"59\" valign=\"bottom\">\n<p align=\"center\">8<\/p>\n<\/td>\n<td width=\"127\" valign=\"bottom\">\n<p align=\"center\">Daniel Flores<\/p>\n<\/td>\n<td width=\"59\" valign=\"bottom\">\n<p align=\"center\">9<\/p>\n<\/td>\n<td width=\"116\" valign=\"bottom\">\n<p align=\"center\">Morales Vicente<\/p>\n<\/td>\n<td width=\"59\" valign=\"bottom\">\n<p align=\"center\">10<\/p>\n<\/td>\n<td width=\"127\" valign=\"bottom\">\n<p align=\"center\">Espinoza\u00a0   Harol<\/p>\n<\/td>\n<\/tr>\n<tr>\n<td width=\"59\" valign=\"bottom\">\n<p align=\"center\">8<\/p>\n<\/td>\n<td width=\"127\" valign=\"bottom\">\n<p align=\"center\">Guillermo Le\u00f3n<\/p>\n<\/td>\n<td width=\"59\" valign=\"bottom\">\n<p align=\"center\">9<\/p>\n<\/td>\n<td width=\"116\" valign=\"bottom\">\n<p align=\"center\">Ordo\u00f1ez Eber<\/p>\n<\/td>\n<td width=\"59\" valign=\"bottom\">\n<p align=\"center\">10<\/p>\n<\/td>\n<td width=\"127\" valign=\"bottom\">\n<p style=\"text-align: center\">Gallegos Danny<\/p>\n<\/td>\n<\/tr>\n<tr>\n<td width=\"59\" valign=\"bottom\">\n<p align=\"center\">8<\/p>\n<\/td>\n<td width=\"127\" valign=\"bottom\">\n<p align=\"center\">Gustavo Sampedro<\/p>\n<\/td>\n<td width=\"59\" valign=\"bottom\">\n<p align=\"center\">9<\/p>\n<\/td>\n<td width=\"116\" valign=\"bottom\">\n<p align=\"center\">Tamayo\u00a0   Sergio<\/p>\n<\/td>\n<td width=\"59\" valign=\"bottom\">\n<p align=\"center\">10<\/p>\n<\/td>\n<td width=\"127\" valign=\"bottom\">\n<p align=\"center\">Ibarra\u00a0   Guianella<\/p>\n<\/td>\n<\/tr>\n<tr>\n<td width=\"59\" valign=\"bottom\">\n<p align=\"center\">8<\/p>\n<\/td>\n<td width=\"127\" valign=\"bottom\">\n<p align=\"center\">Mariuxi S\u00e1nchez<\/p>\n<\/td>\n<td width=\"59\" valign=\"bottom\">\n<p align=\"center\">9<\/p>\n<\/td>\n<td width=\"116\" valign=\"bottom\">\n<p align=\"center\">Torres Ronnie<\/p>\n<\/td>\n<td width=\"59\" valign=\"bottom\">\n<p align=\"center\">10<\/p>\n<\/td>\n<td width=\"127\" valign=\"bottom\">\n<p align=\"center\">Peralta\u00a0   Alberto<\/p>\n<\/td>\n<\/tr>\n<tr>\n<td width=\"59\" valign=\"bottom\">\n<p align=\"center\">8<\/p>\n<\/td>\n<td width=\"127\" valign=\"bottom\">\n<p align=\"center\">Washington Mora<\/p>\n<\/td>\n<td width=\"59\" valign=\"bottom\">\n<p align=\"center\">9<\/p>\n<\/td>\n<td width=\"116\" valign=\"bottom\">\n<p align=\"center\">Valverde Marlon<\/p>\n<\/td>\n<td width=\"59\" valign=\"bottom\">\n<p align=\"center\">10<\/p>\n<\/td>\n<td width=\"127\" valign=\"bottom\">\n<p align=\"center\">Proa\u00f1o Carlos<\/p>\n<\/td>\n<\/tr>\n<tr>\n<td width=\"59\" valign=\"bottom\">\n<p align=\"center\">8<\/p>\n<\/td>\n<td width=\"127\" valign=\"bottom\">\n<p align=\"center\">Freddy Piguave<\/p>\n<\/td>\n<td width=\"59\" valign=\"bottom\">\n<p align=\"center\">9<\/p>\n<\/td>\n<td width=\"116\" valign=\"bottom\">\n<p align=\"center\">Velazquez Mar\u00eda<\/p>\n<\/td>\n<td width=\"59\" valign=\"bottom\">\n<p align=\"center\">10<\/p>\n<\/td>\n<td width=\"127\" valign=\"bottom\">\n<p align=\"center\">Vasconcellos Jose<\/p>\n<\/td>\n<\/tr>\n<\/tbody>\n<\/table>\n<p style=\"text-align: left\">\n<p style=\"text-align: left\"><strong>Gu\u00eda del Curso (en cada pr\u00e1ctica est\u00e1n los videos)<br \/>\n<\/strong><\/p>\n<table border=\"0\" cellspacing=\"0\" cellpadding=\"0\" width=\"537\">\n<tbody>\n<tr>\n<td width=\"134\" valign=\"bottom\">\n<ul type=\"disc\">\n<li><a href=\"http:\/\/blog.espol.edu.ec\/laboratoriodemaquinariaelectrica\/practica\/\"><strong>Pr\u00e1ctica # 1<\/strong><\/a><\/li>\n<\/ul>\n<\/td>\n<td width=\"134\" valign=\"bottom\">\n<ul type=\"disc\">\n<li><a href=\"http:\/\/blog.espol.edu.ec\/laboratoriodemaquinariaelectrica\/practica-4\/\"><strong>Pr\u00e1ctica # 4<\/strong><\/a><\/li>\n<\/ul>\n<\/td>\n<td width=\"134\" valign=\"bottom\">\n<ul type=\"disc\">\n<li><a href=\"http:\/\/blog.espol.edu.ec\/laboratoriodemaquinariaelectrica\/practica-7\/\"><strong>Pr\u00e1ctica # 7<\/strong><\/a><\/li>\n<\/ul>\n<\/td>\n<td width=\"134\" valign=\"bottom\">\n<ul type=\"disc\">\n<li><a href=\"http:\/\/blog.espol.edu.ec\/laboratoriodemaquinariaelectrica\/practica-10\/\"><strong>Pr\u00e1ctica # 10<\/strong><\/a><\/li>\n<\/ul>\n<\/td>\n<\/tr>\n<tr>\n<td width=\"134\" valign=\"bottom\">\n<ul type=\"disc\">\n<li><a href=\"http:\/\/blog.espol.edu.ec\/laboratoriodemaquinariaelectrica\/practica-2\/\"><strong>Pr\u00e1ctica # 2<\/strong><\/a><\/li>\n<\/ul>\n<\/td>\n<td width=\"134\" valign=\"bottom\">\n<ul type=\"disc\">\n<li><a href=\"http:\/\/blog.espol.edu.ec\/laboratoriodemaquinariaelectrica\/practica-5\/\"><strong>Pr\u00e1ctica # 5<\/strong><\/a><\/li>\n<\/ul>\n<\/td>\n<td width=\"134\" valign=\"bottom\">\n<ul type=\"disc\">\n<li><a href=\"http:\/\/blog.espol.edu.ec\/laboratoriodemaquinariaelectrica\/practica-8\/\"><strong>Pr\u00e1ctica # 8<\/strong><\/a><\/li>\n<\/ul>\n<\/td>\n<td width=\"134\" valign=\"bottom\">\n<ul type=\"disc\">\n<li><a href=\"http:\/\/blog.espol.edu.ec\/laboratoriodemaquinariaelectrica\/practica-11\/\"><strong>Pr\u00e1ctica # 11<\/strong><\/a><\/li>\n<\/ul>\n<\/td>\n<\/tr>\n<tr>\n<td width=\"134\" valign=\"bottom\">\n<ul type=\"disc\">\n<li><a href=\"http:\/\/blog.espol.edu.ec\/laboratoriodemaquinariaelectrica\/practica-3\/\"><strong>Pr\u00e1ctica # 3<\/strong><\/a><\/li>\n<\/ul>\n<\/td>\n<td width=\"134\" valign=\"bottom\">\n<ul type=\"disc\">\n<li><a href=\"http:\/\/blog.espol.edu.ec\/laboratoriodemaquinariaelectrica\/practica-6\/\"><strong>Pr\u00e1ctica # 6<\/strong><\/a><\/li>\n<\/ul>\n<\/td>\n<td width=\"134\" valign=\"bottom\">\n<ul type=\"disc\">\n<li><a href=\"http:\/\/blog.espol.edu.ec\/laboratoriodemaquinariaelectrica\/practica-9\/\"><strong>Pr\u00e1ctica # 9<\/strong><\/a><\/li>\n<\/ul>\n<\/td>\n<td width=\"134\" valign=\"bottom\">\n<ul type=\"disc\">\n<li><a href=\"http:\/\/blog.espol.edu.ec\/laboratoriodemaquinariaelectrica\/teoria\/\"><strong>Informaci\u00f3n Te\u00f3rica<\/strong><\/a><\/li>\n<\/ul>\n<\/td>\n<\/tr>\n<\/tbody>\n<\/table>\n","protected":false},"excerpt":{"rendered":"<p>El material de este curso fue desarrollado por los estudiantes que\u00a0aprobaron la materia en los t\u00e9rminos anteriores, el profesor no se responsabiliza por el contenido del mismo. Paralelo Nombres Paralelo Nombres Paralelo Nombres 8 Humberto Acero 9 Castro Adriana 10 Buenaventura Julitza 8 Fernando Rodr\u00edguez 9 Gabilanez Marcelo 10 Cabrera\u00a0 Manuel 8 Miguel Berm\u00fadez 9 [&hellip;]<\/p>\n","protected":false},"author":645,"featured_media":0,"parent":0,"menu_order":0,"comment_status":"closed","ping_status":"open","template":"","meta":{"_monsterinsights_skip_tracking":false,"_monsterinsights_sitenote_active":false,"_monsterinsights_sitenote_note":"","_monsterinsights_sitenote_category":0,"footnotes":""},"class_list":["post-9","page","type-page","status-publish","hentry"],"_links":{"self":[{"href":"https:\/\/blog.espol.edu.ec\/laboratoriodemaquinariaelectrica\/wp-json\/wp\/v2\/pages\/9","targetHints":{"allow":["GET"]}}],"collection":[{"href":"https:\/\/blog.espol.edu.ec\/laboratoriodemaquinariaelectrica\/wp-json\/wp\/v2\/pages"}],"about":[{"href":"https:\/\/blog.espol.edu.ec\/laboratoriodemaquinariaelectrica\/wp-json\/wp\/v2\/types\/page"}],"author":[{"embeddable":true,"href":"https:\/\/blog.espol.edu.ec\/laboratoriodemaquinariaelectrica\/wp-json\/wp\/v2\/users\/645"}],"replies":[{"embeddable":true,"href":"https:\/\/blog.espol.edu.ec\/laboratoriodemaquinariaelectrica\/wp-json\/wp\/v2\/comments?post=9"}],"version-history":[{"count":22,"href":"https:\/\/blog.espol.edu.ec\/laboratoriodemaquinariaelectrica\/wp-json\/wp\/v2\/pages\/9\/revisions"}],"predecessor-version":[{"id":199,"href":"https:\/\/blog.espol.edu.ec\/laboratoriodemaquinariaelectrica\/wp-json\/wp\/v2\/pages\/9\/revisions\/199"}],"wp:attachment":[{"href":"https:\/\/blog.espol.edu.ec\/laboratoriodemaquinariaelectrica\/wp-json\/wp\/v2\/media?parent=9"}],"curies":[{"name":"wp","href":"https:\/\/api.w.org\/{rel}","templated":true}]}}