{"id":20,"date":"2016-03-15T21:04:41","date_gmt":"2016-03-16T02:04:41","guid":{"rendered":"http:\/\/blog.espol.edu.ec\/labpetrologia\/?page_id=20"},"modified":"2016-08-17T08:59:48","modified_gmt":"2016-08-17T13:59:48","slug":"nosotros","status":"publish","type":"page","link":"https:\/\/blog.espol.edu.ec\/labpetrologia\/","title":{"rendered":"Inicio"},"content":{"rendered":"<p style=\"text-align: justify\">El Laboratorio de Petrolog\u00eda pertenece a la Facultad de Ingenier\u00eda en Ciencia de la Tierra(FICT) \u00a0de la Escuela Superior Polit\u00e9cnica del Litoral \u00a0(ESPOL), fue creado en 1964, en ese a\u00f1o la ESPOL se encontraba en el Campus Pe\u00f1as. El Laboratorio inicio en aquellos a\u00f1os con la direcci\u00f3n del Ing. Jorge Rengel Espinosa, quien adem\u00e1s ense\u00f1o las materias de Mineralog\u00eda \u00d3ptica y Petrograf\u00eda en las carrera de Ingenier\u00eda en Geolog\u00eda y Minas.\u00a0Desde 1992 hasta la actualidad el Laboratorio se encuentra en el Campus Gustavo Galindo ubicado en la Prosperina al noroeste de la ciudad de Guayaquil.<\/p>\n<p style=\"text-align: justify\">La caracterizaci\u00f3n y descripci\u00f3n petrogr\u00e1fica de las rocas, tanto macrosc\u00f3pica como microsc\u00f3pica, es de mucha importancia en el estudio de las diferentes disciplinas de la Geolog\u00eda, ya que permite estudiar la g\u00e9nesis, propiedades f\u00edsicas, qu\u00edmicas, mineral\u00f3gicas y cronol\u00f3gicas de las asociaciones rocosas.<\/p>\n<p style=\"text-align: justify\">En el\u00a0Laboratorio se pueden analizar muestras de l\u00e1minas delgadas de rocas para as\u00ed identificar sus composici\u00f3n mineral\u00f3gica y determinar si la roca que se analiza es \u00cdgnea, Sedimentaria y\/o Metam\u00f3rfica. Esta dirigido a la Docencia e Investigaci\u00f3n, primordialmente a estudiantes de pregrado \u00a0tanto de la FICT, como tambien a las demas Facultades y Departamentos de la ESPOL.<\/p>\n<p>El laboratorio presta los siguientes servicios para la docencia:<\/p>\n<ul>\n<li style=\"text-align: justify\">Estudio petrogr\u00e1fico de l\u00e1minas por microscop\u00eda de transmisi\u00f3n con determinaci\u00f3n de sus componentes minereales, estudio textural, clasificaci\u00f3n de la roca, estudio de alteraciones, etc.<\/li>\n<li>Estudio petrogr\u00e1fico de materiales de construcci\u00f3n<\/li>\n<li>Estudio petrogr\u00e1fico de piedra natural ornamental<\/li>\n<\/ul>\n<p style=\"text-align: justify\">El laboratorio cuenta con muestras de rocas macrosc\u00f3picas y sus respectivas l\u00e1minas, optimas para impartir las c\u00e1tedras siguientes:<\/p>\n<ul>\n<li><a href=\"http:\/\/blog.espol.edu.ec\/labpetrologia\/mineralogia-optica\/\">Mineralog\u00eda \u00d3ptica<\/a><\/li>\n<li><a href=\"http:\/\/blog.espol.edu.ec\/labpetrologia\/petrologia-ignea-y-metamorfica\/\">Petrolog\u00eda \u00cdgnea y Metam\u00f3rfica<\/a><\/li>\n<li><a href=\"http:\/\/blog.espol.edu.ec\/labpetrologia\/petrografia-sedimentaria\/\">Petrolog\u00eda Sedimentaria<\/a><\/li>\n<li><a href=\"http:\/\/blog.espol.edu.ec\/labpetrologia\/petrografia\/\">Petrograf\u00eda<\/a><\/li>\n<\/ul>\n","protected":false},"excerpt":{"rendered":"<p>El Laboratorio de Petrolog\u00eda pertenece a la Facultad de Ingenier\u00eda en Ciencia de la Tierra(FICT) \u00a0de la Escuela Superior Polit\u00e9cnica del Litoral \u00a0(ESPOL), fue creado en 1964, en ese a\u00f1o la ESPOL se encontraba en el Campus Pe\u00f1as. El Laboratorio inicio en aquellos a\u00f1os con la direcci\u00f3n del Ing. Jorge Rengel Espinosa, quien adem\u00e1s ense\u00f1o &hellip; <a href=\"https:\/\/blog.espol.edu.ec\/labpetrologia\/\" class=\"more-link\">Sigue leyendo <span class=\"screen-reader-text\">Inicio<\/span><\/a><\/p>\n","protected":false},"author":3956,"featured_media":82,"parent":0,"menu_order":0,"comment_status":"closed","ping_status":"closed","template":"","meta":{"footnotes":""},"class_list":["post-20","page","type-page","status-publish","has-post-thumbnail","hentry"],"_links":{"self":[{"href":"https:\/\/blog.espol.edu.ec\/labpetrologia\/wp-json\/wp\/v2\/pages\/20","targetHints":{"allow":["GET"]}}],"collection":[{"href":"https:\/\/blog.espol.edu.ec\/labpetrologia\/wp-json\/wp\/v2\/pages"}],"about":[{"href":"https:\/\/blog.espol.edu.ec\/labpetrologia\/wp-json\/wp\/v2\/types\/page"}],"author":[{"embeddable":true,"href":"https:\/\/blog.espol.edu.ec\/labpetrologia\/wp-json\/wp\/v2\/users\/3956"}],"replies":[{"embeddable":true,"href":"https:\/\/blog.espol.edu.ec\/labpetrologia\/wp-json\/wp\/v2\/comments?post=20"}],"version-history":[{"count":13,"href":"https:\/\/blog.espol.edu.ec\/labpetrologia\/wp-json\/wp\/v2\/pages\/20\/revisions"}],"predecessor-version":[{"id":116,"href":"https:\/\/blog.espol.edu.ec\/labpetrologia\/wp-json\/wp\/v2\/pages\/20\/revisions\/116"}],"wp:featuredmedia":[{"embeddable":true,"href":"https:\/\/blog.espol.edu.ec\/labpetrologia\/wp-json\/wp\/v2\/media\/82"}],"wp:attachment":[{"href":"https:\/\/blog.espol.edu.ec\/labpetrologia\/wp-json\/wp\/v2\/media?parent=20"}],"curies":[{"name":"wp","href":"https:\/\/api.w.org\/{rel}","templated":true}]}}