{"id":40,"date":"2016-03-15T21:03:19","date_gmt":"2016-03-16T02:03:19","guid":{"rendered":"http:\/\/blog.espol.edu.ec\/labpetrologia\/?page_id=40"},"modified":"2016-03-17T15:06:57","modified_gmt":"2016-03-17T20:06:57","slug":"colecciones","status":"publish","type":"page","link":"https:\/\/blog.espol.edu.ec\/labpetrologia\/colecciones\/","title":{"rendered":"Colecciones"},"content":{"rendered":"<p>Actualmente el Laboratorio de Petrologia de la ESPOL, cuenta con las siguientes colecciones:<\/p>\n<p>Colecci\u00f3n de Rocas Ward<\/p>\n<ul>\n<li>Colecci\u00f3n de 100 \u00a0rocas \u00edgneas, metam\u00f3rficas y sedimentarias.<\/li>\n<li>Colecci\u00f3n de 50 rocas \u00edgneas, metam\u00f3rficas y sedimentarias.<\/li>\n<\/ul>\n<p>Colecci\u00f3n de Minerales Ward<\/p>\n<ul>\n<li>Colecci\u00f3n acad\u00e9mica de Minerales<\/li>\n<li>Colecci\u00f3n de 700 minerales.<\/li>\n<\/ul>\n<p>Colecci\u00f3n de Rocas Ecuador<\/p>\n<p>&nbsp;<\/p>\n","protected":false},"excerpt":{"rendered":"<p>Actualmente el Laboratorio de Petrologia de la ESPOL, cuenta con las siguientes colecciones: Colecci\u00f3n de Rocas Ward Colecci\u00f3n de 100 \u00a0rocas \u00edgneas, metam\u00f3rficas y sedimentarias. Colecci\u00f3n de 50 rocas \u00edgneas, metam\u00f3rficas y sedimentarias. Colecci\u00f3n de Minerales Ward Colecci\u00f3n acad\u00e9mica de Minerales Colecci\u00f3n de 700 minerales. Colecci\u00f3n de Rocas Ecuador &nbsp;<\/p>\n","protected":false},"author":3956,"featured_media":0,"parent":0,"menu_order":0,"comment_status":"closed","ping_status":"closed","template":"","meta":{"footnotes":""},"class_list":["post-40","page","type-page","status-publish","hentry"],"_links":{"self":[{"href":"https:\/\/blog.espol.edu.ec\/labpetrologia\/wp-json\/wp\/v2\/pages\/40","targetHints":{"allow":["GET"]}}],"collection":[{"href":"https:\/\/blog.espol.edu.ec\/labpetrologia\/wp-json\/wp\/v2\/pages"}],"about":[{"href":"https:\/\/blog.espol.edu.ec\/labpetrologia\/wp-json\/wp\/v2\/types\/page"}],"author":[{"embeddable":true,"href":"https:\/\/blog.espol.edu.ec\/labpetrologia\/wp-json\/wp\/v2\/users\/3956"}],"replies":[{"embeddable":true,"href":"https:\/\/blog.espol.edu.ec\/labpetrologia\/wp-json\/wp\/v2\/comments?post=40"}],"version-history":[{"count":5,"href":"https:\/\/blog.espol.edu.ec\/labpetrologia\/wp-json\/wp\/v2\/pages\/40\/revisions"}],"predecessor-version":[{"id":58,"href":"https:\/\/blog.espol.edu.ec\/labpetrologia\/wp-json\/wp\/v2\/pages\/40\/revisions\/58"}],"wp:attachment":[{"href":"https:\/\/blog.espol.edu.ec\/labpetrologia\/wp-json\/wp\/v2\/media?parent=40"}],"curies":[{"name":"wp","href":"https:\/\/api.w.org\/{rel}","templated":true}]}}