{"id":2,"date":"2010-11-15T18:09:40","date_gmt":"2010-11-15T18:09:40","guid":{"rendered":""},"modified":"2018-05-18T22:38:44","modified_gmt":"2018-05-18T22:38:44","slug":"about","status":"publish","type":"page","link":"https:\/\/blog.espol.edu.ec\/lacocinadelulu\/","title":{"rendered":"LA COCINA DE LUL\u00da"},"content":{"rendered":"<div id=\"attachment_1054\" style=\"width: 720px\" class=\"wp-caption aligncenter\"><a href=\"http:\/\/blog.espol.edu.ec\/lacocinadelulu\/files\/2010\/11\/mujer-chef1.jpg\"><img loading=\"lazy\" decoding=\"async\" aria-describedby=\"caption-attachment-1054\" class=\"wp-image-1054 \" src=\"http:\/\/blog.espol.edu.ec\/lacocinadelulu\/files\/2010\/11\/mujer-chef1.jpg\" alt=\"\" width=\"710\" height=\"713\" srcset=\"https:\/\/blog.espol.edu.ec\/lacocinadelulu\/files\/2010\/11\/mujer-chef1-150x150.jpg 150w, https:\/\/blog.espol.edu.ec\/lacocinadelulu\/files\/2010\/11\/mujer-chef1-300x300.jpg 300w\" sizes=\"auto, (max-width: 710px) 100vw, 710px\" \/><\/a><p id=\"caption-attachment-1054\" class=\"wp-caption-text\">A disfrutar con las recetas de lacocinadelul\u00fa<\/p><\/div>\n<h2 style=\"text-align: justify\"><span style=\"color: #ff6600\">Bienvenidos a este fant\u00e1stico mundo; se que ha sido muy explorado, pero\u00a0 aqu\u00ed, tratar\u00e9 de presentarlo de la forma m\u00e1s f\u00e1cil, entretenida e interesante con la finalidad de que\u00a0 logres dejarte llevar por tu intuici\u00f3n y tu sentido del buen gusto.<\/span><\/h2>\n<h2 style=\"text-align: justify\"><span style=\"color: #ff6600\">No te prometo que pasar\u00e1s a ser una persona experta, pero si, que vas a salir del paso con resultados positivos.<\/span><\/h2>\n<h2 style=\"text-align: justify\"><span style=\"color: #ff6600\">Te sugiero que de ahora en adelante, cualquier fin de semana\u00a0 te des tiempo de preparar algo para tu familia, por muy sencillo que sea el plato, convi\u00e9rtelo en algo especial, digno de las mejores galas...<br \/>\n<\/span><\/h2>\n<h2 style=\"text-align: justify\"><span style=\"color: #ff6600\">Saludos,<\/span><\/h2>\n<h2 style=\"text-align: justify\"><span style=\"color: #ff6600\"><em>La cocina de lul\u00fa<\/em><\/span><\/h2>\n<h1 style=\"text-align: justify\"><em><span style=\"color: #ff6600\"><a href=\"http:\/\/www.blog.espol.edu.ec\/lacocinadelulu\/\">http:\/\/www.blog.espol.edu.ec\/lacocinadelulu\/<\/a><\/span><\/em><\/h1>\n","protected":false},"excerpt":{"rendered":"<p>Bienvenidos a este fant\u00e1stico mundo; se que ha sido muy explorado, pero\u00a0 aqu\u00ed, tratar\u00e9 de presentarlo de la forma m\u00e1s f\u00e1cil, entretenida e interesante con la finalidad de que\u00a0 logres dejarte llevar por tu intuici\u00f3n y tu sentido del buen gusto. No te prometo que pasar\u00e1s a ser una persona experta, pero si, que vas <a href=\"https:\/\/blog.espol.edu.ec\/lacocinadelulu\/\">Continue reading &#8594;<\/a><\/p>\n","protected":false},"author":247,"featured_media":0,"parent":0,"menu_order":1,"comment_status":"open","ping_status":"open","template":"","meta":{"footnotes":""},"class_list":["post-2","page","type-page","status-publish","hentry"],"_links":{"self":[{"href":"https:\/\/blog.espol.edu.ec\/lacocinadelulu\/wp-json\/wp\/v2\/pages\/2","targetHints":{"allow":["GET"]}}],"collection":[{"href":"https:\/\/blog.espol.edu.ec\/lacocinadelulu\/wp-json\/wp\/v2\/pages"}],"about":[{"href":"https:\/\/blog.espol.edu.ec\/lacocinadelulu\/wp-json\/wp\/v2\/types\/page"}],"author":[{"embeddable":true,"href":"https:\/\/blog.espol.edu.ec\/lacocinadelulu\/wp-json\/wp\/v2\/users\/247"}],"replies":[{"embeddable":true,"href":"https:\/\/blog.espol.edu.ec\/lacocinadelulu\/wp-json\/wp\/v2\/comments?post=2"}],"version-history":[{"count":23,"href":"https:\/\/blog.espol.edu.ec\/lacocinadelulu\/wp-json\/wp\/v2\/pages\/2\/revisions"}],"predecessor-version":[{"id":1142,"href":"https:\/\/blog.espol.edu.ec\/lacocinadelulu\/wp-json\/wp\/v2\/pages\/2\/revisions\/1142"}],"wp:attachment":[{"href":"https:\/\/blog.espol.edu.ec\/lacocinadelulu\/wp-json\/wp\/v2\/media?parent=2"}],"curies":[{"name":"wp","href":"https:\/\/api.w.org\/{rel}","templated":true}]}}