{"id":539,"date":"2012-02-10T02:51:28","date_gmt":"2012-02-10T02:51:28","guid":{"rendered":"http:\/\/blog.espol.edu.ec\/lacocinadelulu\/?page_id=539"},"modified":"2012-02-04T03:30:46","modified_gmt":"2012-02-04T03:30:46","slug":"dia-de-san-valentin-14-de-febrero","status":"publish","type":"page","link":"https:\/\/blog.espol.edu.ec\/lacocinadelulu\/dia-de-san-valentin-14-de-febrero","title":{"rendered":"SAN VALENT\u00cdN  - FELIZ DIA DEL AMOR Y LA AMISTAD"},"content":{"rendered":"<h2 style=\"text-align: justify\"><span style=\"color: #ff0000\"><em><a href=\"http:\/\/blog.espol.edu.ec\/lacocinadelulu\/files\/2011\/01\/otro-cupido.jpg\"><img loading=\"lazy\" decoding=\"async\" class=\"alignright size-full wp-image-557\" src=\"http:\/\/blog.espol.edu.ec\/lacocinadelulu\/files\/2011\/01\/otro-cupido.jpg\" alt=\"\" width=\"101\" height=\"120\" \/><\/a><a href=\"http:\/\/blog.espol.edu.ec\/lacocinadelulu\/files\/2011\/01\/coraz\u00f3n-de-arandano.jpg\"><img loading=\"lazy\" decoding=\"async\" class=\"alignleft size-full wp-image-540\" src=\"http:\/\/blog.espol.edu.ec\/lacocinadelulu\/files\/2011\/01\/coraz\u00f3n-de-arandano.jpg\" alt=\"\" width=\"261\" height=\"207\" \/><\/a><\/em><\/span><\/h2>\n<h2 style=\"text-align: justify\">\u00a0<\/h2>\n<h2 style=\"text-align: justify\">\u00a0<\/h2>\n<h2 style=\"text-align: justify\"><span style=\"color: #ff0000\"><em>Con ilusiones y sentimientos, estimulados con las flechas del peque\u00f1o Cupido, \u00a0nos preparamos a caminar junto a la persona que amamos, \u00a0un nuevo d\u00eda de San Valent\u00edn.<\/em><\/span><\/h2>\n<h2 style=\"text-align: justify\"><span style=\"color: #ff0000\"><em><a href=\"http:\/\/blog.espol.edu.ec\/lacocinadelulu\/files\/2011\/01\/mundo.gif\"><img loading=\"lazy\" decoding=\"async\" class=\"alignright size-full wp-image-544\" src=\"http:\/\/blog.espol.edu.ec\/lacocinadelulu\/files\/2011\/01\/mundo.gif\" alt=\"\" width=\"225\" height=\"169\" \/><\/a>Estas manifestaciones de amor y amistad no son exclusivas del \u00a014 de febrero; \u00a0el amor debe ser expresado cada d\u00eda, cada instante, cada oportunidad que tengamos de departir \u00a0con los que nos rodean, con los hijos, con la familia, con los amigos, con el mundo en general y de manera especial con nuestro compa\u00f1ero de vida.<\/em><\/span><\/h2>\n<h2 style=\"text-align: justify\"><span style=\"color: #ff0000\"><em><a href=\"http:\/\/blog.espol.edu.ec\/lacocinadelulu\/files\/2011\/01\/cupido.jpg\"><img loading=\"lazy\" decoding=\"async\" class=\"alignleft size-full wp-image-542\" src=\"http:\/\/blog.espol.edu.ec\/lacocinadelulu\/files\/2011\/01\/cupido.jpg\" alt=\"\" width=\"160\" height=\"187\" \/><\/a><\/em><\/span><\/h2>\n<h2 style=\"text-align: justify\"><span style=\"color: #ff0000\"><em>Qu\u00e9 mejor que tener la dulce idea de preparar una cena llena de peque\u00f1os detalles que pasar\u00e1n a ser la delicia de los dos y el deleite de la ocasi\u00f3n. <\/em><\/span><\/h2>\n<h2 style=\"text-align: justify\">\u00a0<\/h2>\n<h2 style=\"text-align: justify\"><span style=\"color: #ff0000\"><em>Deja que tu imaginaci\u00f3n se recree creando un ambiente rom\u00e1ntico, utiliza lo que tengas a \u00a0mano y escoge detalles color rojo. Arregla una peque\u00f1a mesa en el patio de tu casa, al aire libre, <a href=\"http:\/\/blog.espol.edu.ec\/lacocinadelulu\/files\/2011\/01\/otro-cupido.jpg\"><img loading=\"lazy\" decoding=\"async\" class=\"alignright size-full wp-image-557\" src=\"http:\/\/blog.espol.edu.ec\/lacocinadelulu\/files\/2011\/01\/otro-cupido.jpg\" alt=\"\" width=\"101\" height=\"120\" \/><\/a>contemplando la luna, o que te parece si lo haces dentro de casa, enciende velas, un\u00a0 sencillo y delicioso c\u00f3ctel rojo, una rosa, m\u00fasica suave, un detalle original que sientas y veas que favorece el entorno y una buena sugerencia: apaguen los celulares mientras dure la cena.<\/em><\/span><\/h2>\n<h2 style=\"text-align: center\"><span style=\"color: #ff0000\"><em><a href=\"http:\/\/blog.espol.edu.ec\/lacocinadelulu\/files\/2011\/01\/angeles1.jpg\"><img loading=\"lazy\" decoding=\"async\" class=\"aligncenter size-medium wp-image-563\" src=\"http:\/\/blog.espol.edu.ec\/lacocinadelulu\/files\/2011\/01\/angeles1-300x262.jpg\" alt=\"\" width=\"415\" height=\"306\" \/><\/a><\/em><\/span><\/h2>\n<h2 style=\"text-align: justify\"><span style=\"color: #ff0000\"><em>Para complementar esta escena m\u00e1gica del cuento de las mil y un noches, les invito a visitar nuestras p\u00e1ginas donde encontrar\u00e1n una infinidad de recetas de platillos sencillos y postres dignos de un paladar exquisito. \u00a0Sigue nuestras instrucciones y \u00a0con un poco esfuerzo lograr\u00e1s una cena llena de encantamiento y tu pareja se sentir\u00e1\u00a0 en las nubes, por supuesto que contigo.<\/em><\/span><\/h2>\n<h2 style=\"text-align: justify\"><span style=\"color: #ff0000\"><em><a href=\"http:\/\/blog.espol.edu.ec\/lacocinadelulu\/files\/2011\/01\/angel-valentin.gif\"><img loading=\"lazy\" decoding=\"async\" class=\"alignleft size-full wp-image-548\" src=\"http:\/\/blog.espol.edu.ec\/lacocinadelulu\/files\/2011\/01\/angel-valentin.gif\" alt=\"\" width=\"120\" height=\"160\" \/><\/a>Feliz D\u00eda de San Valent\u00edn<\/em><\/span><\/h2>\n<h2 style=\"text-align: justify\">\u00a0<\/h2>\n<h2 style=\"text-align: justify\"><span style=\"color: #ff0000\"><em>DE LA COCINA DE LULU<\/em><\/span><\/h2>\n<h3 style=\"text-align: justify\"><a href=\"http:\/\/www.blog.espol.edu.ec\/lacocinadelulu\/\"><span style=\"color: #ff0000\">http:\/\/www.blog.espol.edu.ec\/lacocinadelulu\/<\/span><\/a><\/h3>\n","protected":false},"excerpt":{"rendered":"<p>\u00a0 \u00a0 Con ilusiones y sentimientos, estimulados con las flechas del peque\u00f1o Cupido, \u00a0nos preparamos a caminar junto a la persona que amamos, \u00a0un nuevo d\u00eda de San Valent\u00edn. Estas manifestaciones de amor y amistad no son exclusivas del \u00a014 de febrero; \u00a0el amor debe ser expresado cada d\u00eda, cada instante, cada oportunidad que tengamos <a href=\"https:\/\/blog.espol.edu.ec\/lacocinadelulu\/dia-de-san-valentin-14-de-febrero\">Continue reading &#8594;<\/a><\/p>\n","protected":false},"author":247,"featured_media":0,"parent":0,"menu_order":0,"comment_status":"open","ping_status":"open","template":"","meta":{"footnotes":""},"class_list":["post-539","page","type-page","status-publish","hentry"],"_links":{"self":[{"href":"https:\/\/blog.espol.edu.ec\/lacocinadelulu\/wp-json\/wp\/v2\/pages\/539","targetHints":{"allow":["GET"]}}],"collection":[{"href":"https:\/\/blog.espol.edu.ec\/lacocinadelulu\/wp-json\/wp\/v2\/pages"}],"about":[{"href":"https:\/\/blog.espol.edu.ec\/lacocinadelulu\/wp-json\/wp\/v2\/types\/page"}],"author":[{"embeddable":true,"href":"https:\/\/blog.espol.edu.ec\/lacocinadelulu\/wp-json\/wp\/v2\/users\/247"}],"replies":[{"embeddable":true,"href":"https:\/\/blog.espol.edu.ec\/lacocinadelulu\/wp-json\/wp\/v2\/comments?post=539"}],"version-history":[{"count":26,"href":"https:\/\/blog.espol.edu.ec\/lacocinadelulu\/wp-json\/wp\/v2\/pages\/539\/revisions"}],"predecessor-version":[{"id":885,"href":"https:\/\/blog.espol.edu.ec\/lacocinadelulu\/wp-json\/wp\/v2\/pages\/539\/revisions\/885"}],"wp:attachment":[{"href":"https:\/\/blog.espol.edu.ec\/lacocinadelulu\/wp-json\/wp\/v2\/media?parent=539"}],"curies":[{"name":"wp","href":"https:\/\/api.w.org\/{rel}","templated":true}]}}