{"id":727,"date":"2011-05-02T01:02:15","date_gmt":"2011-05-02T01:02:15","guid":{"rendered":"http:\/\/blog.espol.edu.ec\/lacocinadelulu\/?page_id=727"},"modified":"2011-05-02T01:02:15","modified_gmt":"2011-05-02T01:02:15","slug":"dia-universal-de-la-madre","status":"publish","type":"page","link":"https:\/\/blog.espol.edu.ec\/lacocinadelulu\/dia-universal-de-la-madre","title":{"rendered":"D\u00cdA UNIVERSAL DE LA MADRE"},"content":{"rendered":"<h2 style=\"text-align: center\"><span style=\"color: #800080\"><a href=\"http:\/\/blog.espol.edu.ec\/lacocinadelulu\/files\/2011\/05\/orquidea-rose.jpg\"><\/a><a href=\"http:\/\/blog.espol.edu.ec\/lacocinadelulu\/files\/2011\/05\/orquidea-rose.jpg\"><\/a><a href=\"http:\/\/blog.espol.edu.ec\/lacocinadelulu\/files\/2011\/05\/orquidea-rose.jpg\"><img loading=\"lazy\" decoding=\"async\" class=\"aligncenter size-medium wp-image-728\" title=\"orquidea rose\" src=\"http:\/\/blog.espol.edu.ec\/lacocinadelulu\/files\/2011\/05\/orquidea-rose-300x225.jpg\" alt=\"\" width=\"525\" height=\"294\" \/><\/a><\/span><\/h2>\n<h2 style=\"text-align: justify\"><span style=\"color: #800080\">Un nuevo d\u00eda de la madre. Para todas las mujeres que hemos tenido la bendici\u00f3n de ser madres, j\u00f3venes, maduras y mayorcitas, una m\u00e1s especial que otra,\u00a0 con distintos nombres, rostros y facetas de sus vidas, de car\u00e1cter dulce, afable o matriarcas posesivas. Para todas nosotras un merecido homenaje en nuestro d\u00eda y que mejor que ir pensando en grandes inspiraciones culinarias para rendirles un merecido\u00a0homenaje. Les invito a visitar este blog en el af\u00e1n de planificar y elegir platillos deliciosos, f\u00e1ciles y nutritivos que\u00a0puedes prepararlos con antelaci\u00f3n y si a\u00fan tienes la dicha de tenerla contigo, hazla\u00a0\u00a0sentir hoy como siempre, reina y se\u00f1ora.<\/span><\/h2>\n<h2 style=\"text-align: justify\"><span style=\"color: #800080\">De la cocina de Lul\u00fa<\/span><\/h2>\n<h2 style=\"text-align: justify\"><a href=\"http:\/\/www.blog.espol.edu.ec\/lacocinadelulu\/\"><span style=\"color: #800080\">http:\/\/www.blog.espol.edu.ec\/lacocinadelulu\/<\/span><\/a><\/h2>\n","protected":false},"excerpt":{"rendered":"<p>Un nuevo d\u00eda de la madre. Para todas las mujeres que hemos tenido la bendici\u00f3n de ser madres, j\u00f3venes, maduras y mayorcitas, una m\u00e1s especial que otra,\u00a0 con distintos nombres, rostros y facetas de sus vidas, de car\u00e1cter dulce, afable o matriarcas posesivas. Para todas nosotras un merecido homenaje en nuestro d\u00eda y que mejor <a href=\"https:\/\/blog.espol.edu.ec\/lacocinadelulu\/dia-universal-de-la-madre\">Continue reading &#8594;<\/a><\/p>\n","protected":false},"author":247,"featured_media":0,"parent":0,"menu_order":0,"comment_status":"open","ping_status":"open","template":"","meta":{"footnotes":""},"class_list":["post-727","page","type-page","status-publish","hentry"],"_links":{"self":[{"href":"https:\/\/blog.espol.edu.ec\/lacocinadelulu\/wp-json\/wp\/v2\/pages\/727","targetHints":{"allow":["GET"]}}],"collection":[{"href":"https:\/\/blog.espol.edu.ec\/lacocinadelulu\/wp-json\/wp\/v2\/pages"}],"about":[{"href":"https:\/\/blog.espol.edu.ec\/lacocinadelulu\/wp-json\/wp\/v2\/types\/page"}],"author":[{"embeddable":true,"href":"https:\/\/blog.espol.edu.ec\/lacocinadelulu\/wp-json\/wp\/v2\/users\/247"}],"replies":[{"embeddable":true,"href":"https:\/\/blog.espol.edu.ec\/lacocinadelulu\/wp-json\/wp\/v2\/comments?post=727"}],"version-history":[{"count":2,"href":"https:\/\/blog.espol.edu.ec\/lacocinadelulu\/wp-json\/wp\/v2\/pages\/727\/revisions"}],"predecessor-version":[{"id":730,"href":"https:\/\/blog.espol.edu.ec\/lacocinadelulu\/wp-json\/wp\/v2\/pages\/727\/revisions\/730"}],"wp:attachment":[{"href":"https:\/\/blog.espol.edu.ec\/lacocinadelulu\/wp-json\/wp\/v2\/media?parent=727"}],"curies":[{"name":"wp","href":"https:\/\/api.w.org\/{rel}","templated":true}]}}