{"id":833,"date":"2011-09-27T19:14:48","date_gmt":"2011-09-27T19:14:48","guid":{"rendered":"http:\/\/blog.espol.edu.ec\/lacocinadelulu\/?page_id=833"},"modified":"2011-09-27T19:16:53","modified_gmt":"2011-09-27T19:16:53","slug":"guia-basica-para-comer-saludable","status":"publish","type":"page","link":"https:\/\/blog.espol.edu.ec\/lacocinadelulu\/guia-basica-para-comer-saludable","title":{"rendered":"COMER SALUDABLE"},"content":{"rendered":"<h1 style=\"text-align: center\"><span style=\"color: #ff6600\"><a href=\"http:\/\/blog.espol.edu.ec\/lacocinadelulu\/files\/2011\/09\/corazon-que-gira.gif\"><img loading=\"lazy\" decoding=\"async\" class=\"aligncenter size-full wp-image-834\" title=\"corazon que gira\" src=\"http:\/\/blog.espol.edu.ec\/lacocinadelulu\/files\/2011\/09\/corazon-que-gira.gif\" alt=\"\" width=\"256\" height=\"228\" \/><\/a>Guia b\u00e1sica para comer saludable<\/span><\/h1>\n<h2 style=\"text-align: justify\"><span style=\"color: #ff6600\">No es tanto lo que se come, sino la manera como se lo hace, con qu\u00e9 predisposici\u00f3n e inclusive en qu\u00e9 ambiente.\u00a0 <\/span><\/h2>\n<h2 style=\"text-align: justify\"><span style=\"color: #ff6600\">Si lees los siguientes consejos, estoy segura que lograr\u00e1s que lo que est\u00e1s comiendo, sea bien digerido y sirva de provecho para tu organismo:<\/span><\/h2>\n<h2 style=\"text-align: justify\"><span style=\"color: #ff6600\">La energ\u00eda de la cocina es captada por los alimentos.\u00a0 Estos deben ser preparados con amor y de forma cari\u00f1osa, porque al ingerirlos, estamos tomando esa energ\u00eda. <\/span><\/h2>\n<h2 style=\"text-align: justify\"><span style=\"color: #ff6600\">Recordar que comer es algo sagrado y antes de hacerlo, debemos dar\u00a0gracias a Dios por los alimentos que nos vamos a servir, bendiciendo \u00a0las manos que los prepararon.<\/span><\/h2>\n<h2 style=\"text-align: justify\"><span style=\"color: #ff6600\">Comer con el televisor encendido, leer mientras come y hablar excesivamente mientras lo hace, es terriblemente perjudicial.<\/span><\/h2>\n<h2 style=\"text-align: justify\"><span style=\"color: #ff6600\">Masticar bien antes de tragar, cada porci\u00f3n de alimento que lleve a su boca. <\/span><\/h2>\n<h2 style=\"text-align: justify\"><span style=\"color: #ff6600\">Beber l\u00edquidos fr\u00edos antes de comer, debilita la digesti\u00f3n. No bebas grandes cantidades de l\u00edquidos mientras come, suficiente es tomar poco a poco, una copa de vino, agua o jugo. \u00a0El exceso diluye los jugos g\u00e1stricos y la digesti\u00f3n se ve alterada.<\/span><\/h2>\n<h2 style=\"text-align: justify\"><span style=\"color: #ff6600\">Comer a un ritmo moderado y jam\u00e1s llenarse por completo. Despu\u00e9s de comer descanse un poco para permitir que los alimentos comiencen a digerirse adecuadamente y no ingiera nada hasta que haya pasado m\u00ednimo 3 horas.<\/span><\/h2>\n<h2><span style=\"color: #ff6600\">Por la ma\u00f1ana lo recomendable es desayunar de manera ligera.<\/span><\/h2>\n<h2 style=\"text-align: justify\"><span style=\"color: #ff6600\">Al medio d\u00eda, cuando el sol est\u00e1 en su esplendor, se debe hacer una buena comida. Recordemos que nuestros cuerpos siguen ritmos similares del Universo.<\/span><\/h2>\n<h2 style=\"text-align: justify\"><span style=\"color: #ff6600\">Cenar es una de las comidas m\u00e1s ligeras que debemos realizar.<\/span><\/h2>\n<h2 style=\"text-align: justify\"><span style=\"color: #ff6600\">Durante el d\u00eda se puede tomar toda el agua y bebidas que desee, pero a temperatura ambiente o caliente.<\/span><\/h2>\n<h2 style=\"text-align: justify\"><span style=\"color: #ff6600\">Tu organismo te lo agradecer\u00e1. Comienza a hacerlo desde hoy y ma\u00f1ana te comenzar\u00e1s a sentir mejor, ya que ning\u00fan alimento ser\u00e1 rechazado por tu cuerpo...<\/span><\/h2>\n<h2 style=\"text-align: justify\"><span style=\"color: #ff6600\">\u00a0<\/span><\/h2>\n<p style=\"text-align: center\">\u00a0<a href=\"http:\/\/blog.espol.edu.ec\/lacocinadelulu\/files\/2011\/09\/manzana-y-mariposa.jpg\"><img loading=\"lazy\" decoding=\"async\" class=\"size-medium wp-image-835  aligncenter\" title=\"manzana y mariposa\" src=\"http:\/\/blog.espol.edu.ec\/lacocinadelulu\/files\/2011\/09\/manzana-y-mariposa-300x252.jpg\" alt=\"\" width=\"300\" height=\"252\" srcset=\"https:\/\/blog.espol.edu.ec\/lacocinadelulu\/files\/2011\/09\/manzana-y-mariposa-300x252.jpg 300w, https:\/\/blog.espol.edu.ec\/lacocinadelulu\/files\/2011\/09\/manzana-y-mariposa.jpg 500w\" sizes=\"auto, (max-width: 300px) 100vw, 300px\" \/><\/a><a href=\"http:\/\/blog.espol.edu.ec\/lacocinadelulu\/files\/2011\/09\/manzana-y-mariposa.jpg\"><\/a><\/p>\n","protected":false},"excerpt":{"rendered":"<p>Guia b\u00e1sica para comer saludable No es tanto lo que se come, sino la manera como se lo hace, con qu\u00e9 predisposici\u00f3n e inclusive en qu\u00e9 ambiente.\u00a0 Si lees los siguientes consejos, estoy segura que lograr\u00e1s que lo que est\u00e1s comiendo, sea bien digerido y sirva de provecho para tu organismo: La energ\u00eda de la <a href=\"https:\/\/blog.espol.edu.ec\/lacocinadelulu\/guia-basica-para-comer-saludable\">Continue reading &#8594;<\/a><\/p>\n","protected":false},"author":247,"featured_media":0,"parent":0,"menu_order":0,"comment_status":"open","ping_status":"open","template":"","meta":{"footnotes":""},"class_list":["post-833","page","type-page","status-publish","hentry"],"_links":{"self":[{"href":"https:\/\/blog.espol.edu.ec\/lacocinadelulu\/wp-json\/wp\/v2\/pages\/833","targetHints":{"allow":["GET"]}}],"collection":[{"href":"https:\/\/blog.espol.edu.ec\/lacocinadelulu\/wp-json\/wp\/v2\/pages"}],"about":[{"href":"https:\/\/blog.espol.edu.ec\/lacocinadelulu\/wp-json\/wp\/v2\/types\/page"}],"author":[{"embeddable":true,"href":"https:\/\/blog.espol.edu.ec\/lacocinadelulu\/wp-json\/wp\/v2\/users\/247"}],"replies":[{"embeddable":true,"href":"https:\/\/blog.espol.edu.ec\/lacocinadelulu\/wp-json\/wp\/v2\/comments?post=833"}],"version-history":[{"count":5,"href":"https:\/\/blog.espol.edu.ec\/lacocinadelulu\/wp-json\/wp\/v2\/pages\/833\/revisions"}],"predecessor-version":[{"id":840,"href":"https:\/\/blog.espol.edu.ec\/lacocinadelulu\/wp-json\/wp\/v2\/pages\/833\/revisions\/840"}],"wp:attachment":[{"href":"https:\/\/blog.espol.edu.ec\/lacocinadelulu\/wp-json\/wp\/v2\/media?parent=833"}],"curies":[{"name":"wp","href":"https:\/\/api.w.org\/{rel}","templated":true}]}}