{"id":31,"date":"2009-06-11T12:33:50","date_gmt":"2009-06-11T16:33:50","guid":{"rendered":"http:\/\/blog.espol.edu.ec\/lady\/?page_id=31"},"modified":"2009-10-22T22:21:20","modified_gmt":"2009-10-23T02:21:20","slug":"bibliografia-sobre-mi","status":"publish","type":"page","link":"https:\/\/blog.espol.edu.ec\/lady\/bibliografia-sobre-mi\/","title":{"rendered":"Bibliograf\u00eca sobre m\u00ec"},"content":{"rendered":"<p class=\"MsoNormal\" style=\"text-align: justify;margin: 0cm 0cm 0pt\"><span style=\"color: #ff6600;font-family: Times New Roman\"><strong>Hola chicos mi nombre es Lady Molina, estudio licenciatura\u00a0en Nutrici\u00f2n.<\/strong><\/span><\/p>\n<p class=\"MsoNormal\" style=\"text-align: justify;margin: 0cm 0cm 0pt\"><span style=\"color: #ff6600;font-family: Times New Roman\"><strong>Soy divertida, amigable, un poco impaciente, sincera,\u00a0me estreso mucho a veces, me gusta hacer muchas cosas; es decir experimentar nuevas cosas. Me gustaria aprender 2 idiomas aparte del espa\u00f1ol. No me gusta las mentiras y me gusta mucho la sinceridad.<\/strong><\/span><\/p>\n<p class=\"MsoNormal\" style=\"text-align: justify;margin: 0cm 0cm 0pt\"><span style=\"color: #ff6600;font-family: Times New Roman\"><strong>La persona que m\u00e0s admiro es mi mami, la cual quiero much\u00ecsimo. Soy hogare\u00f1a, pero tambi\u00e8n me gusta salir con mis amigos a molestar un rato.<\/strong><\/span><\/p>\n<p class=\"MsoNormal\" style=\"text-align: justify;margin: 0cm 0cm 0pt\"><span style=\"color: #ff6600;font-family: Times New Roman\"><strong>No tengo mascotas pero me encantas sobretodo los perritos. <\/strong><\/span><\/p>\n<p class=\"MsoNormal\" style=\"text-align: justify;margin: 0cm 0cm 0pt\"><span style=\"color: #ff6600;font-family: Times New Roman\"><strong>Gracias por escribirme, porfis dejen un comentario bye.<\/strong><\/span><\/p>\n","protected":false},"excerpt":{"rendered":"<p>Hola chicos mi nombre es Lady Molina, estudio licenciatura\u00a0en Nutrici\u00f2n. Soy divertida, amigable, un poco impaciente, sincera,\u00a0me estreso mucho a veces, me gusta hacer muchas cosas; es decir experimentar nuevas cosas. Me gustaria aprender 2 idiomas aparte del espa\u00f1ol. No me gusta las mentiras y me gusta mucho la sinceridad. La persona que m\u00e0s admiro [&hellip;]<\/p>\n","protected":false},"author":1881,"featured_media":0,"parent":0,"menu_order":0,"comment_status":"open","ping_status":"open","template":"","meta":{"footnotes":""},"class_list":["post-31","page","type-page","status-publish","hentry"],"_links":{"self":[{"href":"https:\/\/blog.espol.edu.ec\/lady\/wp-json\/wp\/v2\/pages\/31","targetHints":{"allow":["GET"]}}],"collection":[{"href":"https:\/\/blog.espol.edu.ec\/lady\/wp-json\/wp\/v2\/pages"}],"about":[{"href":"https:\/\/blog.espol.edu.ec\/lady\/wp-json\/wp\/v2\/types\/page"}],"author":[{"embeddable":true,"href":"https:\/\/blog.espol.edu.ec\/lady\/wp-json\/wp\/v2\/users\/1881"}],"replies":[{"embeddable":true,"href":"https:\/\/blog.espol.edu.ec\/lady\/wp-json\/wp\/v2\/comments?post=31"}],"version-history":[{"count":10,"href":"https:\/\/blog.espol.edu.ec\/lady\/wp-json\/wp\/v2\/pages\/31\/revisions"}],"predecessor-version":[{"id":34,"href":"https:\/\/blog.espol.edu.ec\/lady\/wp-json\/wp\/v2\/pages\/31\/revisions\/34"}],"wp:attachment":[{"href":"https:\/\/blog.espol.edu.ec\/lady\/wp-json\/wp\/v2\/media?parent=31"}],"curies":[{"name":"wp","href":"https:\/\/api.w.org\/{rel}","templated":true}]}}