{"id":65,"date":"2009-08-15T18:28:02","date_gmt":"2009-08-15T22:28:02","guid":{"rendered":"http:\/\/blog.espol.edu.ec\/lady\/?page_id=65"},"modified":"2009-08-16T13:00:26","modified_gmt":"2009-08-16T17:00:26","slug":"recuerdas-los-animaniacs-de-antes","status":"publish","type":"page","link":"https:\/\/blog.espol.edu.ec\/lady\/recuerdas-los-animaniacs-de-antes\/","title":{"rendered":"Recuerdas los animaniacs de antes"},"content":{"rendered":"<p><strong>Caballeros del zod\u00edaco<br \/>\n<\/strong>Saint Seiya, conocido como Los Caballeros del Zodiaco en buena parte de Hispanoam\u00e9rica y en Espa\u00f1a, creado originalmente por Masami Kurumada.<\/p>\n<p>Publicado inicialmente desde enero de 1986 en formato manga en la revista Shonen Jump, posteriormente se realiz\u00f3 la adaptaci\u00f3n en un serie televisiva de 114 episodios, 5 pel\u00edculas.<br \/>\nEl argumento de esta serie se centra en la historia de un grupo de j\u00f3venes guerreros denominados Santos (o caballeros en varias traducciones), quienes luchan por proteger a la diosa griega Atenea de las fuerzas del mal. Para luchar, los Santos s\u00f3lo utilizan su energ\u00eda interior (denominada cosmos), sus pu\u00f1os y armaduras que les sirven de protecci\u00f3n y que adem\u00e1s est\u00e1n inspiradas en constelaciones o seres de la mitolog\u00eda griega.<\/p>\n<p>En esta direcci\u00f2n encontrar\u00e0s m\u00e0s informaci\u00f2n sobre los caballeros del zodiaco:\u00a0\u00a0\u00a0\u00a0\u00a0\u00a0\u00a0\u00a0\u00a0\u00a0\u00a0\u00a0\u00a0\u00a0\u00a0\u00a0\u00a0\u00a0\u00a0\u00a0\u00a0\u00a0\u00a0\u00a0\u00a0\u00a0\u00a0\u00a0\u00a0\u00a0\u00a0\u00a0\u00a0\u00a0\u00a0\u00a0\u00a0\u00a0\u00a0\u00a0\u00a0\u00a0\u00a0\u00a0\u00a0\u00a0\u00a0\u00a0\u00a0\u00a0\u00a0\u00a0\u00a0\u00a0\u00a0\u00a0\u00a0\u00a0\u00a0\u00a0\u00a0\u00a0\u00a0\u00a0\u00a0\u00a0\u00a0\u00a0\u00a0 <a href=\"http:\/\/caballerosdelzodiaco.net\/\" target=\"_blank\"><span style=\"font-size: small;font-family: Times New Roman\">http:\/\/caballerosdelzodiaco.net\/<\/span><\/a><\/p>\n<p><strong>Thundercats<\/strong><\/p>\n<p><strong>(Los Felinos C\u00f3smicos)<\/strong> fue una serie animada de televisi\u00f3n, que mezcla estilo de dibujos estadounidense (cartoon y c\u00f3mic) y japon\u00e9s (anim\u00e9 y manga)esta serie animada fue creada por Ted Wolf y dirigido por el japon\u00e9s Katsuhito Akiyama.<\/p>\n<p>La primera temporada fue transmitida de 1985 a 1986 constando de 65 episodios y la segunda de 1986 a 1987, con la misma cantidad. Tambi\u00e9n se produjeron varias series de c\u00f3mics por Marvel Comics de 1985 a 1988 y dos series por Wildstorm e impresas por DC Comics, una en el 2004 y otra del 2003 al 2004. \u00c9sta \u00faltima fue creada con un amplio sentido de mercadotecnia que recordara la caricatura. Ropa dise\u00f1ada con logos de los ThunderCats resurgi\u00f3 m\u00e1s tarde.<\/p>\n<p>Para los fan\u00e1ticos de los thundercats sab\u00edas que proximamente habr\u00e1 una pel\u00edcula de ellos pues en\u00e9terate aqu\u00ed:<\/p>\n<p><a href=\"http:\/\/www.thundercatsperu.com\/\" target=\"_blank\">http:\/\/www.thundercatsperu.com\/<\/a><\/p>\n<p><strong>He-man and the masters of the Universe<\/strong><\/p>\n<p><strong>He-Man and the Masters of the Universe<\/strong>, (conocido como <strong>Masters del Universo<\/strong> en Espa\u00f1a y <strong>Amos del Universo<\/strong> en Hispanoam\u00e9rica, tambi\u00e9n como <strong>He-Man<\/strong> debido al nombre de su protagonista) fue una serie de dibujos animados de principios de los a\u00f1os 80. Transcurr\u00eda en el fant\u00e1stico reino de <em>Eternia<\/em>, donde <em>He-Man<\/em>, el hombre m\u00e1s poderoso del Universo, luchaba contra <em>Skeletor<\/em> para proteger al reino y salvaguardar los secretos del <em>Castillo de Grayskull<\/em>.<\/p>\n<p>Aqu\u00ed encontrar\u00e1s m\u00e1s informaci\u00f3n de He-Man:<\/p>\n<p><a href=\"http:\/\/perso.wanadoo.es\/mastersuniverso\/\" target=\"_blank\">http:\/\/perso.wanadoo.es\/mastersuniverso\/<\/a><\/p>\n<p><strong>Tortugas Ninja<\/strong><\/p>\n<p>Las <strong>Tortugas Ninja<\/strong> o formalmente las <strong>Tortugas Ninja Mutantes Adolescentes<\/strong> (TNMA) son un grupo ficticio de cuatro hermanos tortugas antropomorfos, que, como uno puede deducir del nombre, son tambi\u00e9n adolescentes, mutantes y ninjas. Cada una de las tortugas est\u00e1 nombrada en honor de artistas famosos del Renacimiento italiano: Leonardo (de Leonardo da Vinci), Raphael (Raffael Sanzio), Michelangelo (Michelangelo Buonarroti), y Donatello (Donato di Betto Bardi); incluso su maestro, Splinter o Astilla, lleva el apodo de un importante pintor del Quattrocento, (Giovanni di Ser Giovanni, llamado \u00abScheggia\u00bb, es decir <em>\"el Astilla\"<\/em>). Las TNMA viven a menudo en las alcantarillas de Nueva York, pero tambi\u00e9n han vivido en otros lugares, como la granja de la abuela de Abril O'Neil en Northampton, Massachusetts, viejas estaciones del metro subterr\u00e1neo y el apartamento de Abril O'Neil.<\/p>\n<p>En esta direcci\u00f3n encontrar\u00e1s m\u00e1s sobre las tortugas ninja:<\/p>\n<p class=\"MsoNormal\" style=\"margin: 0cm 0cm 0pt\"><span style=\"font-size: small;font-family: Times New Roman\"><a href=\"http:\/\/www.ninjaturtles.com\/frames\/2k3\/main.htm\" target=\"_blank\">http:\/\/www.ninjaturtles.com\/frames\/2k3\/main.htm<\/a><\/span><\/p>\n<p class=\"MsoNormal\" style=\"margin: 0cm 0cm 0pt\"><strong>\u00a0Mazinger Z<\/strong><\/p>\n<div><span style=\"font-size: small;font-family: Times New Roman\"><strong>Mazinger Z<\/strong> <span style=\"font-weight: normal\">(<span class=\"t_nihongo_kanji\" lang=\"ja\">\u30de\u30b8\u30f3\u30ac\u30fcZ<\/span><span class=\"t_nihongo_comma\">,<\/span> <span class=\"t_nihongo_romaji\"><em>majing\u0101 zetto<\/em><\/span><span class=\"t_nihongo_help\"><sup><a title=\"Ayuda:Idioma japon\u00e9s\" href=\"http:\/\/blog.espol.edu.ec\/wiki\/Ayuda:Idioma_japon%C3%A9s\"><span class=\"t_nihongo_icon\" style=\"padding-right: 0.1em;padding-left: 0.1em;padding-bottom: 0px;font: bold 80% sans-serif;color: darkblue;padding-top: 0px;text-decoration: none\">?<\/span><\/a><\/sup><\/span>)<\/span> es un manga y anime del dibujante japon\u00e9s Go Nagai. Como en muchos otros casos, empez\u00f3 siendo un manga para posteriormente trasladarse a la televisi\u00f3n. Es uno de los precursores del g\u00e9nero Mecha (se pronuncia \"meca\") de robots gigantes y manipulados por seres humanos.<\/span><\/div>\n<div><span style=\"font-size: small;font-family: Times New Roman\">El manga se public\u00f3 en la revista semanal Sh\u014dnen Jump entre el #42 de 1972 y el #35 de 1973, antes de publicarse en tomos separados. En Jap\u00f3n fue un \u00e9xito.En Latinoam\u00e9rica y Europa la serie goz\u00f3 de gran popularidad, (a pesar de que no se emitieron todos los episodios y los que fueron emitidos no llevaban el orden correlativo). A Estados Unidos lleg\u00f3 en el a\u00f1o 1985con el nombre de <strong>Tranzo Z.<\/strong><\/span><\/div>\n<p><span style=\"font-size: small;font-family: Times New Roman\">Aqu\u00ed encontrar\u00e1s m\u00e1s sobre mazinger:<\/span><a href=\"http:\/\/www.geocities.com\/Tokyo\/Club\/7099\/\" target=\"_blank\">http:\/\/www.geocities.com\/Tokyo\/Club\/7099\/<\/a><\/p>\n","protected":false},"excerpt":{"rendered":"<p>Caballeros del zod\u00edaco Saint Seiya, conocido como Los Caballeros del Zodiaco en buena parte de Hispanoam\u00e9rica y en Espa\u00f1a, creado originalmente por Masami Kurumada. Publicado inicialmente desde enero de 1986 en formato manga en la revista Shonen Jump, posteriormente se realiz\u00f3 la adaptaci\u00f3n en un serie televisiva de 114 episodios, 5 pel\u00edculas. El argumento de [&hellip;]<\/p>\n","protected":false},"author":1881,"featured_media":0,"parent":0,"menu_order":0,"comment_status":"open","ping_status":"open","template":"","meta":{"footnotes":""},"class_list":["post-65","page","type-page","status-publish","hentry"],"_links":{"self":[{"href":"https:\/\/blog.espol.edu.ec\/lady\/wp-json\/wp\/v2\/pages\/65","targetHints":{"allow":["GET"]}}],"collection":[{"href":"https:\/\/blog.espol.edu.ec\/lady\/wp-json\/wp\/v2\/pages"}],"about":[{"href":"https:\/\/blog.espol.edu.ec\/lady\/wp-json\/wp\/v2\/types\/page"}],"author":[{"embeddable":true,"href":"https:\/\/blog.espol.edu.ec\/lady\/wp-json\/wp\/v2\/users\/1881"}],"replies":[{"embeddable":true,"href":"https:\/\/blog.espol.edu.ec\/lady\/wp-json\/wp\/v2\/comments?post=65"}],"version-history":[{"count":18,"href":"https:\/\/blog.espol.edu.ec\/lady\/wp-json\/wp\/v2\/pages\/65\/revisions"}],"predecessor-version":[{"id":71,"href":"https:\/\/blog.espol.edu.ec\/lady\/wp-json\/wp\/v2\/pages\/65\/revisions\/71"}],"wp:attachment":[{"href":"https:\/\/blog.espol.edu.ec\/lady\/wp-json\/wp\/v2\/media?parent=65"}],"curies":[{"name":"wp","href":"https:\/\/api.w.org\/{rel}","templated":true}]}}