{"id":2,"date":"2010-06-11T22:03:27","date_gmt":"2010-06-11T22:03:27","guid":{"rendered":"http:\/\/blog.espol.edu.ec\/ladylis\/about\/"},"modified":"2010-11-25T10:54:41","modified_gmt":"2010-11-25T15:54:41","slug":"about","status":"publish","type":"page","link":"https:\/\/blog.espol.edu.ec\/ladylis\/about\/","title":{"rendered":"Perfil"},"content":{"rendered":"<p style=\"text-align: center\"><a href=\"http:\/\/blog.espol.edu.ec\/ladylis\/files\/2010\/06\/lady3.jpg\"><img loading=\"lazy\" decoding=\"async\" class=\"size-full wp-image-28  aligncenter\" title=\"lady\" src=\"http:\/\/blog.espol.edu.ec\/ladylis\/files\/2010\/06\/lady3.jpg\" alt=\"\" width=\"540\" height=\"720\" srcset=\"https:\/\/blog.espol.edu.ec\/ladylis\/files\/2010\/06\/lady3.jpg 540w, https:\/\/blog.espol.edu.ec\/ladylis\/files\/2010\/06\/lady3-225x300.jpg 225w\" sizes=\"auto, (max-width: 540px) 100vw, 540px\" \/><\/a><\/p>\n<p>Soy Lady tengo 18 a\u00f1os, soy de la Parroquia Guale perteneciente al Canton Pajan-Manab\u00ed, estudi\u00e9 en la escuela Particular Mixta \"Eugenio Espejo\" en la misma parroquia, fu\u00ec abanderada del pabellon Nacional,\u00a0 vivo en Guayaquil hace 7 a\u00f1os con mis tios y primas.<\/p>\n<p><a href=\"http:\/\/blog.espol.edu.ec\/ladylis\/files\/2010\/06\/fotico.jpg\"><\/a><\/p>\n<p>me cost\u00f3 mucho alejarme del ceno de mi familia, pero por buscar mejores oportunidades tuve que hacerlo.<br \/>\nEstudie en el colegio Experimental T\u00e9cnico de Comercio y Administraci\u00f3n Veintiocho de Mayo, hice mis pr\u00e0cticas empresariales en la F\u00e1brica Mabe Ecuador, conoc\u00ed personas que me ense\u00f1aron mucho, me gradu\u00e9 como Bachiller T\u00e9cnico en Comercio y Administracion Especializaci\u00f3n Comercializac\u00edon Y ventas el dia 8 de febrero del presente a\u00f1o, conoc\u00ec a personas muy importantes en mi vida como lo son MIS AMIGAS, siempre tendr\u00e9 presente hermosos momentos que viv\u00ed con ellas.<\/p>\n<p><a href=\"http:\/\/blog.espol.edu.ec\/ladylis\/files\/2010\/06\/lll.jpg\"><img loading=\"lazy\" decoding=\"async\" class=\"size-full wp-image-30 alignnone\" title=\"lll\" src=\"http:\/\/blog.espol.edu.ec\/ladylis\/files\/2010\/06\/lll.jpg\" alt=\"\" width=\"466\" height=\"604\" srcset=\"https:\/\/blog.espol.edu.ec\/ladylis\/files\/2010\/06\/lll.jpg 466w, https:\/\/blog.espol.edu.ec\/ladylis\/files\/2010\/06\/lll-231x300.jpg 231w\" sizes=\"auto, (max-width: 466px) 100vw, 466px\" \/><\/a><\/p>\n<p><a href=\"http:\/\/blog.espol.edu.ec\/ladylis\/files\/2010\/06\/zzzz.jpg\"><img loading=\"lazy\" decoding=\"async\" class=\"size-full wp-image-31 alignnone\" title=\"zzzz\" src=\"http:\/\/blog.espol.edu.ec\/ladylis\/files\/2010\/06\/zzzz.jpg\" alt=\"\" width=\"483\" height=\"342\" srcset=\"https:\/\/blog.espol.edu.ec\/ladylis\/files\/2010\/06\/zzzz.jpg 604w, https:\/\/blog.espol.edu.ec\/ladylis\/files\/2010\/06\/zzzz-300x212.jpg 300w\" sizes=\"auto, (max-width: 483px) 100vw, 483px\" \/><\/a>Los nombres de mis pap\u00e1s son Cecilia y Joffre\u00a0 viven en Manab\u00ec, al igual que mis dos hermanos menores, llamados Jarny y Jodix de 10 y 2 a\u00f1os respectivamente, son dos peque\u00f1os traviesos, que se hacen querer rapidamente, los adoro a ambos.<\/p>\n<p><a href=\"http:\/\/blog.espol.edu.ec\/ladylis\/files\/2010\/06\/famyli.jpg\"><img loading=\"lazy\" decoding=\"async\" class=\"size-full wp-image-32 alignnone\" title=\"famyli\" src=\"http:\/\/blog.espol.edu.ec\/ladylis\/files\/2010\/06\/famyli.jpg\" alt=\"\" width=\"576\" height=\"386\" srcset=\"https:\/\/blog.espol.edu.ec\/ladylis\/files\/2010\/06\/famyli.jpg 720w, https:\/\/blog.espol.edu.ec\/ladylis\/files\/2010\/06\/famyli-300x200.jpg 300w\" sizes=\"auto, (max-width: 576px) 100vw, 576px\" \/><\/a><br \/>\nSoy una chica tranquila, responsable, amistosa, sincera, me gusta mucho bailar, ir al cine y montar caballos lo cual aprendi hacer desde muy perque\u00f1a ya que viv\u00ec en el campo hasta los 11 a\u00f1os, me encantan los caballos.<\/p>\n<p><a href=\"http:\/\/blog.espol.edu.ec\/ladylis\/files\/2010\/06\/caballitos.jpg\"><img loading=\"lazy\" decoding=\"async\" class=\"size-full wp-image-33 alignnone\" title=\"caballitos\" src=\"http:\/\/blog.espol.edu.ec\/ladylis\/files\/2010\/06\/caballitos.jpg\" alt=\"\" width=\"500\" height=\"540\" srcset=\"https:\/\/blog.espol.edu.ec\/ladylis\/files\/2010\/06\/caballitos.jpg 500w, https:\/\/blog.espol.edu.ec\/ladylis\/files\/2010\/06\/caballitos-277x300.jpg 277w\" sizes=\"auto, (max-width: 500px) 100vw, 500px\" \/><\/a><br \/>\nEn cuanto a musica se refiere me encanta escuchar salsa romantica, Eddy Santiago, Willie Gonzales, Frankie Ruiz, Tito G\u00f3mez, Viti Ruiz, La Suprema Corte, Willie Col\u00f3n, David Pav\u00f3n, \u00c9dgar Joel y su Orquesta, Ray Sep\u00falveda, Johnny Rivera, V\u00edctor Manuelle, Marc Anthony, Tito Nieves, Tony Vega, Gabino Pampini, La India y Jerry Rivera<\/p>\n<p style=\"text-align: center\"><a href=\"..\/files\/2010\/06\/SalsaExhibition.jpg\"><img loading=\"lazy\" decoding=\"async\" class=\"size-full wp-image-34   aligncenter\" title=\"SalsaExhibition\" src=\"..\/files\/2010\/06\/SalsaExhibition.jpg\" alt=\"\" width=\"142\" height=\"155\" \/><\/a><\/p>\n","protected":false},"excerpt":{"rendered":"<p>Soy Lady tengo 18 a\u00f1os, soy de la Parroquia Guale perteneciente al Canton Pajan-Manab\u00ed, estudi\u00e9 en la escuela Particular Mixta \"Eugenio Espejo\" en la misma parroquia, fu\u00ec abanderada del pabellon Nacional,\u00a0 vivo en Guayaquil hace 7 a\u00f1os con mis tios y primas. me cost\u00f3 mucho alejarme del ceno de mi familia, pero por buscar mejores [&hellip;]<\/p>\n","protected":false},"author":4717,"featured_media":0,"parent":0,"menu_order":0,"comment_status":"open","ping_status":"open","template":"","meta":{"footnotes":""},"class_list":["post-2","page","type-page","status-publish","hentry"],"_links":{"self":[{"href":"https:\/\/blog.espol.edu.ec\/ladylis\/wp-json\/wp\/v2\/pages\/2","targetHints":{"allow":["GET"]}}],"collection":[{"href":"https:\/\/blog.espol.edu.ec\/ladylis\/wp-json\/wp\/v2\/pages"}],"about":[{"href":"https:\/\/blog.espol.edu.ec\/ladylis\/wp-json\/wp\/v2\/types\/page"}],"author":[{"embeddable":true,"href":"https:\/\/blog.espol.edu.ec\/ladylis\/wp-json\/wp\/v2\/users\/4717"}],"replies":[{"embeddable":true,"href":"https:\/\/blog.espol.edu.ec\/ladylis\/wp-json\/wp\/v2\/comments?post=2"}],"version-history":[{"count":8,"href":"https:\/\/blog.espol.edu.ec\/ladylis\/wp-json\/wp\/v2\/pages\/2\/revisions"}],"predecessor-version":[{"id":24,"href":"https:\/\/blog.espol.edu.ec\/ladylis\/wp-json\/wp\/v2\/pages\/2\/revisions\/24"}],"wp:attachment":[{"href":"https:\/\/blog.espol.edu.ec\/ladylis\/wp-json\/wp\/v2\/media?parent=2"}],"curies":[{"name":"wp","href":"https:\/\/api.w.org\/{rel}","templated":true}]}}