{"id":25,"date":"2010-08-08T00:57:31","date_gmt":"2010-08-08T00:57:31","guid":{"rendered":"http:\/\/blog.espol.edu.ec\/lauracat\/%e2%99%a5frasecitas%e2%99%a5\/"},"modified":"2010-08-10T04:00:16","modified_gmt":"2010-08-10T04:00:16","slug":"%e2%99%a5frasecitas%e2%99%a5","status":"publish","type":"page","link":"https:\/\/blog.espol.edu.ec\/lauracat\/%e2%99%a5frasecitas%e2%99%a5\/","title":{"rendered":"\u2665Frasecitas\u2665"},"content":{"rendered":"<p style=\"text-align: center\"><span style=\"color: #1c43e3\"><strong><span style=\"color: #ff00ff\"><span style=\"color: #99ccff\">LA AMISTAD es una palabra capaz de salvar el mundo.<br \/>\nAmistad es aparecer justo cuando se necesita.<br \/>\nEs llamar por tel\u00e9fono sin motivo alguno, para ver como estas.<br \/>\nEs caer a la casa a la hora menos esperada, el d\u00eda menos pensado; con una flor, con un libro, con un beso, con una sonrisa.<\/span><br \/>\nEs dar sin medir y sin esperar recompensa.<br \/>\nEs mirar a los ojos con amor, sin malicia ni temor.<br \/>\nAmistad es un sentimiento que limita con el amor por el norte, la felicidad por el sur, la satisfacci\u00f3n por el occidente y la entrega por el oriente.<br \/>\nUna amistad tiene todo el tiempo para ti; te dice la verdad sin temor a perderte, te aprieta la mano sin temblar, y te pide perd\u00f3n cuando te ofende, te aconseja y te pide consejo.<br \/>\n<span style=\"color: #ffff99\">En la amistad nadie es mas que t\u00fa ni menos que t\u00fa.<br \/>\nAmigos hay pocos, pero hasta uno basta\u2026 si es aut\u00e9ntico.<br \/>\nLa amistad no mide, no regatea, no pone plazos; la amistad es paciente, es austero, es abierto, no es ego\u00edsta.<br \/>\nCuando tienes un amigo el universo es peque\u00f1o, los sue\u00f1os se realizan, la alegr\u00eda vive de fiesta.<br \/>\nPor una amistad hay que caminar hasta el fin del mundo, hay que esperar hasta el fin del tiempo.<br \/>\nLa amistad no se compra con todo el oro del mundo.<br \/>\nCuando los amigos se separan no se olvidan; se mantienen unidos porque en ellos siempre existe el deseo y la voluntad de estar al lado de la persona que quieres<\/span>.<br \/>\nLa amistad goza con los triunfos del otro y sufre con las angustias; no se puede fingir la amistad, porque es aut\u00e9ntica y sincera; la amistad distingue claramente entre las alabanzas y la adulaci\u00f3n, el lenguaje preferido de la amistad es el silencio\u2026 muchas veces m\u00e1s elocuente que las palabras.<br \/>\nLa amistad perdona y ense\u00f1a a perdonar; la amistad olvida r\u00e1pido lo malo y recuerda para siempre lo bueno.<br \/>\n<span style=\"color: #99ccff\">En toda amistad se convive sin destruirse mutuamente; la amistad y el amor son un estado ideal en donde dos almas se entregan sin desintegrarse, sin perder nada de s\u00ed mismas.<br \/>\nLa amistad es un motor que nos hace caminar por la vida con dulzura y optimismo.<br \/>\nLa amistad y el amor son en el fondo un pedazo de Dios\u2026<br \/>\nDichosos los amigos, porque queri\u00e9ndose\u2026 le encuentran sentido a la vida.<\/span><\/span><\/strong> <strong><a href=\"http:\/\/blog.espol.edu.ec\/lauracat\/bibliografia\/\">[3]<\/a><\/strong><br \/>\n<\/span><\/p>\n","protected":false},"excerpt":{"rendered":"<p>LA AMISTAD es una palabra capaz de salvar el mundo. Amistad es aparecer justo cuando se necesita. Es llamar por tel\u00e9fono sin motivo alguno, para ver como estas. Es caer a la casa a la hora menos esperada, el d\u00eda menos pensado; con una flor, con un libro, con un beso, con una sonrisa. Es [&hellip;]<\/p>\n","protected":false},"author":3984,"featured_media":0,"parent":0,"menu_order":0,"comment_status":"open","ping_status":"open","template":"","meta":{"footnotes":""},"class_list":["post-25","page","type-page","status-publish","hentry"],"_links":{"self":[{"href":"https:\/\/blog.espol.edu.ec\/lauracat\/wp-json\/wp\/v2\/pages\/25","targetHints":{"allow":["GET"]}}],"collection":[{"href":"https:\/\/blog.espol.edu.ec\/lauracat\/wp-json\/wp\/v2\/pages"}],"about":[{"href":"https:\/\/blog.espol.edu.ec\/lauracat\/wp-json\/wp\/v2\/types\/page"}],"author":[{"embeddable":true,"href":"https:\/\/blog.espol.edu.ec\/lauracat\/wp-json\/wp\/v2\/users\/3984"}],"replies":[{"embeddable":true,"href":"https:\/\/blog.espol.edu.ec\/lauracat\/wp-json\/wp\/v2\/comments?post=25"}],"version-history":[{"count":3,"href":"https:\/\/blog.espol.edu.ec\/lauracat\/wp-json\/wp\/v2\/pages\/25\/revisions"}],"predecessor-version":[{"id":92,"href":"https:\/\/blog.espol.edu.ec\/lauracat\/wp-json\/wp\/v2\/pages\/25\/revisions\/92"}],"wp:attachment":[{"href":"https:\/\/blog.espol.edu.ec\/lauracat\/wp-json\/wp\/v2\/media?parent=25"}],"curies":[{"name":"wp","href":"https:\/\/api.w.org\/{rel}","templated":true}]}}