{"id":67,"date":"2009-02-04T02:16:03","date_gmt":"2009-02-04T07:16:03","guid":{"rendered":"http:\/\/blog.espol.edu.ec\/laysocho\/?page_id=67"},"modified":"2009-02-04T02:16:03","modified_gmt":"2009-02-04T07:16:03","slug":"como-evitar-el-calentamiento","status":"publish","type":"page","link":"https:\/\/blog.espol.edu.ec\/laysocho\/como-evitar-el-calentamiento\/","title":{"rendered":"Como evitar el Calentamiento"},"content":{"rendered":"<p><strong>1. EL AGUA: Consume la justa.<\/strong><\/p>\n<p>Evita gastos innecesarios de agua con estos consejos:<br \/>\nMejor ducha que ba\u00f1o. Ahorras 7.000 litros al a\u00f1o.<br \/>\nManten la ducha abierta s\u00f3lo el tiempo indispensable, cerr\u00e1ndola mientras te enjabonas.<br \/>\nNo dejes la llave abierta mientras te lava los dientes o te afeitas.<br \/>\nNo laves los alimentos con la llave abierta, utiliza un recipiente. Al terminar, esta agua se\u00a0 puede aprovechar para regar las plantas.<br \/>\nNo te enjabones bajo el chorro de agua,<br \/>\nUtiliza la lavadora y el lavavajillas s\u00f3lo cuando est\u00e9n completamente llenos.<br \/>\nNo arrojes al inodoro bastoncillos, papeles,colillas, compresas, tampones o preservativos, no es el cubo de la basura.<br \/>\nRepara inmediatamente las fugas, 10 gotas de agua por minuto suponen 2.000 litros de agua al a\u00f1o desperdiciados.<br \/>\nUtiliza plantas aut\u00f3ctonas, que requieren menos cuidados y menos agua.<br \/>\nReutiliza parte del agua que usa tu lavadora de ropa, esta te podr\u00e1 servir para los ba\u00f1os, limpiar pisos, hacer aseo o lavar el frente de tu casa.<br \/>\nNo vac\u00edes el estanque del ba\u00f1o sin necesidad.<br \/>\nNo tires el aceite usado por los lavaplatos,env\u00e1salos en pl\u00e1stico desechable. Flota sobre el agua y es muy dif\u00edcil de eliminar.<br \/>\nNo arrojes ning\u00fan tipo basura al mar, r\u00edos o lagos.<br \/>\nRiega los jardines y calles con agua no potable.<br \/>\nEl mejor momento para regar es la \u00faltima hora de la tarde ya que evita la evaporaci\u00f3n<br \/>\nEl agua de cocer alimentos se puede utilizar para regar las plantas<br \/>\nEl gel, el champ\u00fa y los detergentes son contaminantes. Hay que usarlos con moderaci\u00f3n y de ser posible optar por productos ecol\u00f3gicos.No olvides plantar un \u00e1rbol por lo menos una vez en tu vida.<\/p>\n<p style=\"text-align: center\"><a href=\"http:\/\/blog.espol.edu.ec\/laysocho\/files\/2009\/02\/proginfantil_clip_image034.jpg\"><img loading=\"lazy\" decoding=\"async\" class=\"size-medium wp-image-68     aligncenter\" src=\"http:\/\/blog.espol.edu.ec\/laysocho\/files\/2009\/02\/proginfantil_clip_image034-270x300.jpg\" alt=\"\" width=\"148\" height=\"154\" \/><\/a><\/p>\n<p><strong>2. BASURAS: M\u00e1s de la mitad son reciclables \u00bfPor qu\u00e9 no las RECICLAMOS y AHORRAMOS?<\/strong><\/p>\n<p>La ley de las 3 Erres: RECICLAR, REDUCIR el consumo innecesario e irresponsable y REUTILIZAR los bienes.<br \/>\nAl recuperar cajas de cart\u00f3n o envases que tambi\u00e9n son hechos con papel contribuyes a que se talen menos \u00e1rboles, encargados de capturar metano y de purificar el aire. Al reutilizar 100 kilogramos de papel se salva la vida de al menos 7 \u00e1rboles.<br \/>\nSepara las basuras que generas. Debes consultar en tu administraci\u00f3n local o en tu unidad residencial si disponen de un sistema de selecci\u00f3n de basuras.<br \/>\nUsa siempre papel reciclado y escribe siempre por los dos lados.<br \/>\nUsa RETORNABLES.<br \/>\nNo derroches servilletas, pa\u00f1uelos, papel higi\u00e9nico u otra forma de papel.<br \/>\nElije siempre que puedas envases de VIDRIO en lugar de Pl\u00e1stico, Tetrapack y Aluminio.<br \/>\nRecuerda que hay empresas dedicadas a la compra de materiales reciclables como papel peri\u00f3dico, libros viejos, botellas etc.<\/p>\n<p style=\"text-align: center\"><a href=\"http:\/\/blog.espol.edu.ec\/laysocho\/files\/2009\/02\/reciclar.jpg\"><img loading=\"lazy\" decoding=\"async\" class=\"size-medium wp-image-69   aligncenter\" src=\"http:\/\/blog.espol.edu.ec\/laysocho\/files\/2009\/02\/reciclar-300x275.jpg\" alt=\"\" width=\"207\" height=\"144\" \/><\/a><\/p>\n<p>\u00a0<\/p>\n<p><strong>3. ALIMENTACI\u00d3N: Disminuye el consumo de carnes rojas<\/strong><\/p>\n<p>Disminuye el consumo de carnes rojas ya que la cr\u00eda de vacas contribuye al calentamiento global, a la tala de \u00e1rbolesy la disminuci\u00f3n de los r\u00edos. Producir un<br \/>\nkilo de carne gasta m\u00e1s agua que 365 duchas.\u00a0Los productos enlatados consumen muchos recursos y energ\u00eda. No consumas alimentos en lata especialmente<br \/>\nat\u00fan porque esta en v\u00eda de extinci\u00f3n. Evita consumir alimentos \u201ctransgenicos\u201d (OMG<br \/>\nOrganismos manipulados gen\u00e9ticamente) ya que su producci\u00f3n contamina los ecosistemas deteriorando el medio ambiente<br \/>\nNo consumas animales ex\u00f3ticos como tortugas, chig\u00fciros, iguanas, etc.<br \/>\nConsume m\u00e1s frutas, verduras y legumbres que carnes.<br \/>\nNunca compres pescados de tama\u00f1os peque\u00f1os para consumir.<br \/>\nSi puedes consume alimentos ecol\u00f3gicos (sin pesticidas, sin insecticidas, etc.)<\/p>\n<p style=\"text-align: center\"><a href=\"http:\/\/blog.espol.edu.ec\/laysocho\/files\/2009\/02\/alimentos1.jpg\"><img loading=\"lazy\" decoding=\"async\" class=\"size-medium wp-image-71 aligncenter\" src=\"http:\/\/blog.espol.edu.ec\/laysocho\/files\/2009\/02\/alimentos1-300x284.jpg\" alt=\"\" width=\"164\" height=\"160\" \/><\/a><\/p>\n<p>\u00a0<\/p>\n<p><strong>4. ENERG\u00cdA: No consumas de m\u00e1s<\/strong><\/p>\n<p>Usa agua caliente solo de ser necesario o solo la necesaria, conecta el calentador solo dos horas al d\u00eda, grad\u00faalo entre 50 y 60 grados y si puedes intenta ba\u00f1arte con agua fr\u00eda es mas saludable.<br \/>\nEvita usar en exceso la plancha, el calentador de agua o la lavadora, que gastan mucha energ\u00eda y agotan los recursos para generarla. Esto lleva a que los pa\u00edses se vean en la necesidad de usar petr\u00f3leo,carb\u00f3n o gas para copar la oferta energ\u00e9tica,combustibles que generan gases como el di\u00f3xido de carbono, que suben la temperatura.<br \/>\nMejor cocinar con gas que con energ\u00eda el\u00e9ctrica.\u00a0APAGA el TV, radio, luces, computador (pantalla) sino los estas usando.<br \/>\nEn tu lugar de trabajo apaga las luces de zonas<br \/>\ncomunes poco utilizadas.<br \/>\nUtiliza bombillos de bajo consumo de energ\u00eda.<br \/>\nModera el consumo de latas de aluminio.<br \/>\nNo uses o compres productos de PVC para nada,contamina much\u00edsimo en su contaminaci\u00f3n, contamina much\u00edsimo y no es reciclable.<\/p>\n<p style=\"text-align: center\"><a href=\"http:\/\/blog.espol.edu.ec\/laysocho\/files\/2009\/02\/2.png\"><img loading=\"lazy\" decoding=\"async\" class=\"size-medium wp-image-72 aligncenter\" src=\"http:\/\/blog.espol.edu.ec\/laysocho\/files\/2009\/02\/2-264x300.png\" alt=\"\" width=\"159\" height=\"149\" \/><\/a><\/p>\n<p>\u00a0<\/p>\n<p><strong>5. TRANSPORTE:<\/strong><\/p>\n<p>Modera el uso del vehiculo particular,haz un uso eficiente del autom\u00f3vil<br \/>\nNo viajes solo, organiza traslados en grupo o en transporte p\u00fablico. Infla bien las llantas de tu carro para que ahorre gasolina y el motor no la queme en exceso.<br \/>\nEmpieza a utilizar la bicicleta en la medida lo posible.<br \/>\nRevisa la emisi\u00f3n de gases de tu vehiculo.<br \/>\nNo aceleres cuando el vehiculo no este en movimiento.<br \/>\nReduce el consumo de Aire Acondicionado pues este reduce la potencia y eleva el consumo de la gasolina.<br \/>\nModera tu Velocidad: En carretera nunca sobrepases los 110 kil\u00f3metros por hora ya que mas arriba produce un exagerado consumo de combustible.<br \/>\nNunca cargues innecesariamente t\u00fa vehiculo con mucho peso: A mayor carga mayor consumo de combustible.<\/p>\n<p style=\"text-align: center\"><a href=\"http:\/\/blog.espol.edu.ec\/laysocho\/files\/2009\/02\/bike1.jpg\"><img loading=\"lazy\" decoding=\"async\" class=\"size-medium wp-image-74 aligncenter\" src=\"http:\/\/blog.espol.edu.ec\/laysocho\/files\/2009\/02\/bike1-300x267.jpg\" alt=\"\" width=\"177\" height=\"149\" \/><\/a><a href=\"http:\/\/blog.espol.edu.ec\/laysocho\/files\/2009\/02\/bike.jpg\"><\/a><\/p>\n<p><strong>6. PAPEL<\/strong><\/p>\n<p>Usa habitualmente papel reciclado<br \/>\nFomenta el uso de productos hechos a partir de papel\u00a0 usado<br \/>\nReduce el consumo de papel<br \/>\nUsa las hojas por las dos caras<br \/>\nHaz s\u00f3lo las fotocopias imprescindibles<br \/>\nReutiliza los sobres, cajas, etc.<br \/>\nRechaza productos de un s\u00f3lo uso<\/p>\n<p style=\"text-align: center\"><a href=\"http:\/\/blog.espol.edu.ec\/laysocho\/files\/2009\/02\/papel.png\"><img loading=\"lazy\" decoding=\"async\" class=\"alignnone size-medium wp-image-75\" src=\"http:\/\/blog.espol.edu.ec\/laysocho\/files\/2009\/02\/papel.png\" alt=\"\" width=\"172\" height=\"145\" \/><\/a><\/p>\n<p>\u00a0<\/p>\n<p><strong>7. EDUCACI\u00d3N:<\/strong><\/p>\n<p>Educa a los m\u00e1s j\u00f3venes y a todo los que conozcas en el respeto a la naturaleza.<\/p>\n","protected":false},"excerpt":{"rendered":"<p>1. EL AGUA: Consume la justa. Evita gastos innecesarios de agua con estos consejos: Mejor ducha que ba\u00f1o. Ahorras 7.000 litros al a\u00f1o. Manten la ducha abierta s\u00f3lo el tiempo indispensable, cerr\u00e1ndola mientras te enjabonas. No dejes la llave abierta mientras te lava los dientes o te afeitas. No laves los alimentos con la llave [&hellip;]<\/p>\n","protected":false},"author":810,"featured_media":0,"parent":0,"menu_order":0,"comment_status":"open","ping_status":"open","template":"","meta":{"footnotes":""},"class_list":["post-67","page","type-page","status-publish","hentry"],"_links":{"self":[{"href":"https:\/\/blog.espol.edu.ec\/laysocho\/wp-json\/wp\/v2\/pages\/67","targetHints":{"allow":["GET"]}}],"collection":[{"href":"https:\/\/blog.espol.edu.ec\/laysocho\/wp-json\/wp\/v2\/pages"}],"about":[{"href":"https:\/\/blog.espol.edu.ec\/laysocho\/wp-json\/wp\/v2\/types\/page"}],"author":[{"embeddable":true,"href":"https:\/\/blog.espol.edu.ec\/laysocho\/wp-json\/wp\/v2\/users\/810"}],"replies":[{"embeddable":true,"href":"https:\/\/blog.espol.edu.ec\/laysocho\/wp-json\/wp\/v2\/comments?post=67"}],"version-history":[{"count":2,"href":"https:\/\/blog.espol.edu.ec\/laysocho\/wp-json\/wp\/v2\/pages\/67\/revisions"}],"predecessor-version":[{"id":77,"href":"https:\/\/blog.espol.edu.ec\/laysocho\/wp-json\/wp\/v2\/pages\/67\/revisions\/77"}],"wp:attachment":[{"href":"https:\/\/blog.espol.edu.ec\/laysocho\/wp-json\/wp\/v2\/media?parent=67"}],"curies":[{"name":"wp","href":"https:\/\/api.w.org\/{rel}","templated":true}]}}