{"id":37,"date":"2013-06-05T21:54:44","date_gmt":"2013-06-05T21:54:44","guid":{"rendered":"http:\/\/blog.espol.edu.ec\/lbermeo\/?page_id=37"},"modified":"2013-06-05T23:51:58","modified_gmt":"2013-06-05T23:51:58","slug":"acerca-del-blog","status":"publish","type":"page","link":"https:\/\/blog.espol.edu.ec\/lbermeo\/acerca-del-blog\/","title":{"rendered":"Acerca del Blog"},"content":{"rendered":"<p>&nbsp;<\/p>\n<p style=\"text-align: center\"><a href=\"http:\/\/blog.espol.edu.ec\/lbermeo\/files\/2013\/06\/aventura.jpg\"><img loading=\"lazy\" decoding=\"async\" class=\"size-full wp-image-38 aligncenter\" src=\"http:\/\/blog.espol.edu.ec\/lbermeo\/files\/2013\/06\/aventura.jpg\" alt=\"\" width=\"425\" height=\"269\" srcset=\"https:\/\/blog.espol.edu.ec\/lbermeo\/files\/2013\/06\/aventura.jpg 425w, https:\/\/blog.espol.edu.ec\/lbermeo\/files\/2013\/06\/aventura-300x189.jpg 300w\" sizes=\"auto, (max-width: 425px) 100vw, 425px\" \/><\/a><\/p>\n<p style=\"text-align: justify\">He construido este blog, para presentar el Turismo de Aventura que se da en <a title=\"ecuador\" href=\"http:\/\/www.ecuador.travel\/\" target=\"_blank\">Ecuador<\/a>, los diferentes exportes extremos que marcan tendencias dentro de nuestro querido y hermoso pa\u00eds y en el resto del mundo, ya que no es necesario viajar a otro pa\u00eds cuando aqu\u00ed mismo lo podemos disfrutar sin hacer gastos excesivos. Espero que encuentren entretenido y completo este aporte que he echo.<\/p>\n<p>Gracias<\/p>\n","protected":false},"excerpt":{"rendered":"<p>&nbsp; He construido este blog, para presentar el Turismo de Aventura que se da en Ecuador, los diferentes exportes extremos que marcan tendencias dentro de nuestro querido y hermoso pa\u00eds y en el resto del mundo, ya que no es necesario viajar a otro pa\u00eds cuando aqu\u00ed mismo lo podemos disfrutar sin hacer gastos excesivos. &hellip; <\/p>\n<p><a class=\"more-link btn\" href=\"https:\/\/blog.espol.edu.ec\/lbermeo\/acerca-del-blog\/\">Seguir leyendo<\/a><\/p>\n","protected":false},"author":8568,"featured_media":0,"parent":0,"menu_order":0,"comment_status":"open","ping_status":"open","template":"","meta":{"footnotes":""},"class_list":["post-37","page","type-page","status-publish","hentry","nodate","item-wrap"],"_links":{"self":[{"href":"https:\/\/blog.espol.edu.ec\/lbermeo\/wp-json\/wp\/v2\/pages\/37","targetHints":{"allow":["GET"]}}],"collection":[{"href":"https:\/\/blog.espol.edu.ec\/lbermeo\/wp-json\/wp\/v2\/pages"}],"about":[{"href":"https:\/\/blog.espol.edu.ec\/lbermeo\/wp-json\/wp\/v2\/types\/page"}],"author":[{"embeddable":true,"href":"https:\/\/blog.espol.edu.ec\/lbermeo\/wp-json\/wp\/v2\/users\/8568"}],"replies":[{"embeddable":true,"href":"https:\/\/blog.espol.edu.ec\/lbermeo\/wp-json\/wp\/v2\/comments?post=37"}],"version-history":[{"count":2,"href":"https:\/\/blog.espol.edu.ec\/lbermeo\/wp-json\/wp\/v2\/pages\/37\/revisions"}],"predecessor-version":[{"id":85,"href":"https:\/\/blog.espol.edu.ec\/lbermeo\/wp-json\/wp\/v2\/pages\/37\/revisions\/85"}],"wp:attachment":[{"href":"https:\/\/blog.espol.edu.ec\/lbermeo\/wp-json\/wp\/v2\/media?parent=37"}],"curies":[{"name":"wp","href":"https:\/\/api.w.org\/{rel}","templated":true}]}}