{"id":56,"date":"2013-06-05T23:18:15","date_gmt":"2013-06-05T23:18:15","guid":{"rendered":"http:\/\/blog.espol.edu.ec\/lbermeo\/?page_id=56"},"modified":"2013-06-05T23:51:44","modified_gmt":"2013-06-05T23:51:44","slug":"turismo-de-aventura","status":"publish","type":"page","link":"https:\/\/blog.espol.edu.ec\/lbermeo\/turismo-de-aventura\/","title":{"rendered":"Turismo de Aventura"},"content":{"rendered":"<p style=\"text-align: justify\">La estructura geogr\u00e1fica de nuestro pa\u00eds nos brinda un excelente entorno para la realizaci\u00f3n de m\u00faltiples actividades relacionadas con la aventura.<br \/>\nEl follaje natural de las diferentes zonas del territorio nacional es propicio para vivir experiencias inigualables.<a href=\"http:\/\/blog.espol.edu.ec\/lbermeo\/files\/2013\/06\/Paseo_1698554528.jpg\"><img loading=\"lazy\" decoding=\"async\" class=\"aligncenter size-large wp-image-46\" src=\"http:\/\/blog.espol.edu.ec\/lbermeo\/files\/2013\/06\/Paseo_1698554528-1024x682.jpg\" alt=\"\" width=\"620\" height=\"412\" srcset=\"https:\/\/blog.espol.edu.ec\/lbermeo\/files\/2013\/06\/Paseo_1698554528-1024x682.jpg 1024w, https:\/\/blog.espol.edu.ec\/lbermeo\/files\/2013\/06\/Paseo_1698554528-300x200.jpg 300w, https:\/\/blog.espol.edu.ec\/lbermeo\/files\/2013\/06\/Paseo_1698554528.jpg 1200w\" sizes=\"auto, (max-width: 620px) 100vw, 620px\" \/><\/a><\/p>\n<p style=\"text-align: justify\">El turismo de aventura es una excelente opci\u00f3n para explorar lugares remotos, en el cual los aventureros encontrar\u00e1n una manera diferente de vacacionar, dejando obsoleto el tradicional viaje a la playa. De acuerdo con la \u201cAdventure Travel Trade Association\u201d el turismo de aventura puede ser cualquier actividad tur\u00edstica en la cual se incluyan 2 de los siguientes 3 componentes:<br \/>\n\u2022 Una actividad f\u00edsica.<br \/>\n\u2022 Intercambio cultural.<br \/>\n\u2022 Interacci\u00f3n y compromiso con la naturaleza.<\/p>\n<p style=\"text-align: justify\"><a href=\"http:\/\/blog.espol.edu.ec\/lbermeo\/files\/2013\/06\/turismo-y-aventura-en-la-laguna-de-cuicocha-ecuador.jpg\"><img loading=\"lazy\" decoding=\"async\" class=\"aligncenter size-medium wp-image-47\" src=\"http:\/\/blog.espol.edu.ec\/lbermeo\/files\/2013\/06\/turismo-y-aventura-en-la-laguna-de-cuicocha-ecuador-300x219.jpg\" alt=\"\" width=\"300\" height=\"219\" srcset=\"https:\/\/blog.espol.edu.ec\/lbermeo\/files\/2013\/06\/turismo-y-aventura-en-la-laguna-de-cuicocha-ecuador-300x219.jpg 300w, https:\/\/blog.espol.edu.ec\/lbermeo\/files\/2013\/06\/turismo-y-aventura-en-la-laguna-de-cuicocha-ecuador.jpg 537w\" sizes=\"auto, (max-width: 300px) 100vw, 300px\" \/><\/a>El objetivo fundamental del turismo de aventura es fomentar la realizaci\u00f3n de actividades donde los aventureros tengan el mayor tipo de interacci\u00f3n con la naturaleza, aprendan del entorno visitado relacion\u00e1ndose con las comunidades circundantes y realicen determinadas maniobras que le generen al cuerpo cierto tipo de adrenalina.<\/p>\n<p style=\"text-align: justify\">Existen m\u00faltiples actividades que son consideradas como turismo de aventura y que f\u00e1cilmente podemos realizar sin la necesidad de salir del pa\u00eds; tan solo con una instrucci\u00f3n m\u00ednima y un equipo adecuado (en algunas ocasiones) podemos realizarlas sin ning\u00fan problema. Estas actividades se clasifican de acuerdo a su dificultad en: Baja, Media y Alta; que dependen de las habilidades necesarias para realizarlas y el riesgo que generen.<br \/>\nA continuaci\u00f3n les presentaremos algunas de las actividades de Turismo de Aventura m\u00e1s comunes:<br \/>\n\u2022 Parapente. \u2014\u2013 Media.<br \/>\n\u2022 Rafting (descenso de r\u00edos). \u2014\u2013 Media\/Alta.<br \/>\n\u2022 Buceo. \u2014\u2013 Media.<br \/>\n\u2022 Kayak (pirag\u00fcismo o canotaje). \u2014\u2013 Media.<br \/>\n\u2022 Surf. \u2014\u2013 Media\/Alta.<br \/>\n\u2022 Trekking (excursionismo). \u2014\u2013 Baja.<br \/>\n\u2022 Rapel (descenso por cuerda). \u2014\u2013 Media\/Alta.<br \/>\n\u2022 Canoping \u2014\u2013 Baja\/Media<br \/>\n\u2022 Mountain Biking. \u2014- Baja.<\/p>\n<p style=\"text-align: justify\">Tambi\u00e9n existen otras actividades de Turismo de aventura que son m\u00e1s intensas y son consideradas como deportes extremos, que el Turista puede realizar siempre y cuando tenga la instrucci\u00f3n y el equipo adecuado, ya que estas clasifican como dificultad Alta; entre ellas encontramos:<br \/>\n\u2022 Bungee Jumping. \u2014\u2013 Alta.<br \/>\n\u2022 Wakeboard. \u2014\u2013 Alta.<br \/>\n\u2022 Paracaidismo. \u2014\u2013 Alta.<br \/>\n\u2022 Escalar (monta\u00f1ismo). \u2014\u2013 Alta.<\/p>\n<p><img loading=\"lazy\" decoding=\"async\" class=\"aligncenter size-full wp-image-52\" src=\"http:\/\/blog.espol.edu.ec\/lbermeo\/files\/2013\/06\/aventura1.jpg\" alt=\"\" width=\"425\" height=\"269\" srcset=\"https:\/\/blog.espol.edu.ec\/lbermeo\/files\/2013\/06\/aventura1.jpg 425w, https:\/\/blog.espol.edu.ec\/lbermeo\/files\/2013\/06\/aventura1-300x189.jpg 300w\" sizes=\"auto, (max-width: 425px) 100vw, 425px\" \/><\/p>\n","protected":false},"excerpt":{"rendered":"<p>La estructura geogr\u00e1fica de nuestro pa\u00eds nos brinda un excelente entorno para la realizaci\u00f3n de m\u00faltiples actividades relacionadas con la aventura. El follaje natural de las diferentes zonas del territorio nacional es propicio para vivir experiencias inigualables. El turismo de aventura es una excelente opci\u00f3n para explorar lugares remotos, en el cual los aventureros encontrar\u00e1n &hellip; <\/p>\n<p><a class=\"more-link btn\" href=\"https:\/\/blog.espol.edu.ec\/lbermeo\/turismo-de-aventura\/\">Seguir leyendo<\/a><\/p>\n","protected":false},"author":8568,"featured_media":0,"parent":0,"menu_order":0,"comment_status":"open","ping_status":"open","template":"","meta":{"footnotes":""},"class_list":["post-56","page","type-page","status-publish","hentry","nodate","item-wrap"],"_links":{"self":[{"href":"https:\/\/blog.espol.edu.ec\/lbermeo\/wp-json\/wp\/v2\/pages\/56","targetHints":{"allow":["GET"]}}],"collection":[{"href":"https:\/\/blog.espol.edu.ec\/lbermeo\/wp-json\/wp\/v2\/pages"}],"about":[{"href":"https:\/\/blog.espol.edu.ec\/lbermeo\/wp-json\/wp\/v2\/types\/page"}],"author":[{"embeddable":true,"href":"https:\/\/blog.espol.edu.ec\/lbermeo\/wp-json\/wp\/v2\/users\/8568"}],"replies":[{"embeddable":true,"href":"https:\/\/blog.espol.edu.ec\/lbermeo\/wp-json\/wp\/v2\/comments?post=56"}],"version-history":[{"count":2,"href":"https:\/\/blog.espol.edu.ec\/lbermeo\/wp-json\/wp\/v2\/pages\/56\/revisions"}],"predecessor-version":[{"id":84,"href":"https:\/\/blog.espol.edu.ec\/lbermeo\/wp-json\/wp\/v2\/pages\/56\/revisions\/84"}],"wp:attachment":[{"href":"https:\/\/blog.espol.edu.ec\/lbermeo\/wp-json\/wp\/v2\/media?parent=56"}],"curies":[{"name":"wp","href":"https:\/\/api.w.org\/{rel}","templated":true}]}}