{"id":80,"date":"2013-06-05T23:51:10","date_gmt":"2013-06-05T23:51:10","guid":{"rendered":"http:\/\/blog.espol.edu.ec\/lbermeo\/?page_id=80"},"modified":"2013-06-05T23:51:10","modified_gmt":"2013-06-05T23:51:10","slug":"motociclismo-en-el-ecuador","status":"publish","type":"page","link":"https:\/\/blog.espol.edu.ec\/lbermeo\/motociclismo-en-el-ecuador\/","title":{"rendered":"Motociclismo en el Ecuador"},"content":{"rendered":"<p>&nbsp;<\/p>\n<p style=\"text-align: justify\"><a href=\"http:\/\/blog.espol.edu.ec\/lbermeo\/files\/2013\/06\/2DSC_0046-10452-630-325-90-c.jpg\"><img loading=\"lazy\" decoding=\"async\" class=\"aligncenter  wp-image-82\" src=\"http:\/\/blog.espol.edu.ec\/lbermeo\/files\/2013\/06\/2DSC_0046-10452-630-325-90-c.jpg\" alt=\"\" width=\"567\" height=\"293\" srcset=\"https:\/\/blog.espol.edu.ec\/lbermeo\/files\/2013\/06\/2DSC_0046-10452-630-325-90-c.jpg 630w, https:\/\/blog.espol.edu.ec\/lbermeo\/files\/2013\/06\/2DSC_0046-10452-630-325-90-c-300x154.jpg 300w\" sizes=\"auto, (max-width: 567px) 100vw, 567px\" \/><\/a>Desde la playa hasta la monta\u00f1a,\u00a0<a href=\"http:\/\/www.ecuador.travel\/acerca-de\">Ecuador<\/a>\u00a0cuenta con rutas zigzagueantes que rodean volcanes y cruzan caminos de tierra, lodo, herradura y v\u00edas pavimentadas en ciudades, pueblos y valles.<\/p>\n<p style=\"text-align: justify\">En la regi\u00f3n\u00a0<a href=\"http:\/\/www.ecuador.travel\/a-donde-ir\/ubicacion\/mundos\/amazonia\">amaz\u00f3nica<\/a>\u00a0se puede montar motocicleta a orillas de los r\u00edos; y en la\u00a0<a href=\"http:\/\/www.ecuador.travel\/a-donde-ir\/ubicacion\/mundos\/region-costa\">Costa<\/a>se puede recorrer playas de arena as\u00ed como caminos retadores de tierra y lodo.<\/p>\n<p style=\"text-align: justify\">Ecuador cuenta con las siguientes modalidades de motociclismo: motocross, scramble, enduro, carreras de velocidad, pista, motociclismo tipo turismo y de ruta.<\/p>\n<p style=\"text-align: justify\">Algunas de ellas se han seleccionado para la realizaci\u00f3n de competencias internacionales. La Federaci\u00f3n Ecuatoriana de Motociclismo (FEM) regula y auspicia varios eventos motocicl\u00edsticos.<\/p>\n<p style=\"text-align: justify\">La mayor\u00eda de las expediciones parten desde\u00a0<a href=\"http:\/\/www.ecuador.travel\/a-donde-ir\/destinos\/quito\">Quito\u00a0<\/a>y var\u00eda seg\u00fan los d\u00edas o semanas. Muchas de ellas evitan autopistas y caminos pavimentados principales y se enfocan en caminos secundarios com\u00fanmente de tierra.<\/p>\n<p style=\"text-align: justify\">El mantenimiento y servicio t\u00e9cnico para una motocicleta es mucho m\u00e1s sencillo de conseguir en las \u00e1reas urbanas. Rentar una motocicleta en Ecuador no es com\u00fan; en todo caso, Quito y\u00a0<a href=\"http:\/\/www.ecuador.travel\/a-donde-ir\/destinos\/banos-de-agua-santa\">Ba\u00f1os\u00a0<\/a>son los lugares m\u00e1s f\u00e1ciles para hacerlo.<\/p>\n<p style=\"text-align: justify\">Enviar una motocicleta a\u00a0<a href=\"http:\/\/www.ecuador.travel\/acerca-de\">Ecuador\u00a0<\/a>es costoso y no es recomendado, excepto si se trata de una expedici\u00f3n que visitar\u00e1 varios pa\u00edses como parte de su ruta. Si se planea entrar al Ecuador en motocicleta es necesario portar los documentos necesarios.<\/p>\n<p style=\"text-align: justify\">Se recomienda una licencia de manejo internacional pero no es necesaria, basta con una licencia de manejo local, documentaci\u00f3n de la motocicleta y pasaporte (o documento de identificaci\u00f3n v\u00e1lido si pertenece a la Comunidad\u00a0<a href=\"http:\/\/www.ecuador.travel\/a-donde-ir\/ubicacion\/mundos\/region-sierra\">Andina<\/a>)..<\/p>\n","protected":false},"excerpt":{"rendered":"<p>&nbsp; Desde la playa hasta la monta\u00f1a,\u00a0Ecuador\u00a0cuenta con rutas zigzagueantes que rodean volcanes y cruzan caminos de tierra, lodo, herradura y v\u00edas pavimentadas en ciudades, pueblos y valles. En la regi\u00f3n\u00a0amaz\u00f3nica\u00a0se puede montar motocicleta a orillas de los r\u00edos; y en la\u00a0Costase puede recorrer playas de arena as\u00ed como caminos retadores de tierra y lodo. &hellip; <\/p>\n<p><a class=\"more-link btn\" href=\"https:\/\/blog.espol.edu.ec\/lbermeo\/motociclismo-en-el-ecuador\/\">Seguir leyendo<\/a><\/p>\n","protected":false},"author":8568,"featured_media":0,"parent":0,"menu_order":0,"comment_status":"open","ping_status":"open","template":"","meta":{"footnotes":""},"class_list":["post-80","page","type-page","status-publish","hentry","nodate","item-wrap"],"_links":{"self":[{"href":"https:\/\/blog.espol.edu.ec\/lbermeo\/wp-json\/wp\/v2\/pages\/80","targetHints":{"allow":["GET"]}}],"collection":[{"href":"https:\/\/blog.espol.edu.ec\/lbermeo\/wp-json\/wp\/v2\/pages"}],"about":[{"href":"https:\/\/blog.espol.edu.ec\/lbermeo\/wp-json\/wp\/v2\/types\/page"}],"author":[{"embeddable":true,"href":"https:\/\/blog.espol.edu.ec\/lbermeo\/wp-json\/wp\/v2\/users\/8568"}],"replies":[{"embeddable":true,"href":"https:\/\/blog.espol.edu.ec\/lbermeo\/wp-json\/wp\/v2\/comments?post=80"}],"version-history":[{"count":1,"href":"https:\/\/blog.espol.edu.ec\/lbermeo\/wp-json\/wp\/v2\/pages\/80\/revisions"}],"predecessor-version":[{"id":83,"href":"https:\/\/blog.espol.edu.ec\/lbermeo\/wp-json\/wp\/v2\/pages\/80\/revisions\/83"}],"wp:attachment":[{"href":"https:\/\/blog.espol.edu.ec\/lbermeo\/wp-json\/wp\/v2\/media?parent=80"}],"curies":[{"name":"wp","href":"https:\/\/api.w.org\/{rel}","templated":true}]}}