{"id":29,"date":"2011-05-31T17:21:36","date_gmt":"2011-05-31T17:21:36","guid":{"rendered":"http:\/\/blog.espol.edu.ec\/lcampoza\/?page_id=29"},"modified":"2011-06-10T00:28:05","modified_gmt":"2011-06-10T00:28:05","slug":"videos-youtube-2","status":"publish","type":"page","link":"https:\/\/blog.espol.edu.ec\/lcampoza\/videos-youtube-2\/","title":{"rendered":"trailers de peliculas"},"content":{"rendered":"<p>Qu\u00e9 paso ayer? 2<br \/>\n<iframe loading=\"lazy\" title=\"Trailer: The Hangover 2 (\u00bfQu\u00e9 pas\u00f3 ayer?) Subtitulos en espa\u00f1ol\" width=\"500\" height=\"281\" src=\"https:\/\/www.youtube.com\/embed\/j1AVDUaC3rs?feature=oembed\" frameborder=\"0\" allow=\"accelerometer; autoplay; clipboard-write; encrypted-media; gyroscope; picture-in-picture; web-share\" referrerpolicy=\"strict-origin-when-cross-origin\" allowfullscreen><\/iframe> <\/p>\n<p>RAPIDOS Y FURIOSOS 5<br \/>\n<iframe loading=\"lazy\" title=\"R\u00e1pido y Furioso 5 - Trailer 2 Subtitulado Espa\u00f1ol Latino ~ HD\" width=\"500\" height=\"281\" src=\"https:\/\/www.youtube.com\/embed\/JSbFN5Qwz2I?feature=oembed\" frameborder=\"0\" allow=\"accelerometer; autoplay; clipboard-write; encrypted-media; gyroscope; picture-in-picture; web-share\" referrerpolicy=\"strict-origin-when-cross-origin\" allowfullscreen><\/iframe><\/p>\n<p>X MEN FIRST CLASS<br \/>\nhttp:\/\/www.youtube.com\/watch?v=QmIJnQgkBFs&feature=related<\/p>\n","protected":false},"excerpt":{"rendered":"<p>Qu\u00e9 paso ayer? 2 RAPIDOS Y FURIOSOS 5 X MEN FIRST CLASS http:\/\/www.youtube.com\/watch?v=QmIJnQgkBFs&#038;feature=related<\/p>\n","protected":false},"author":5750,"featured_media":0,"parent":0,"menu_order":0,"comment_status":"open","ping_status":"open","template":"","meta":{"footnotes":""},"class_list":["post-29","page","type-page","status-publish","hentry"],"_links":{"self":[{"href":"https:\/\/blog.espol.edu.ec\/lcampoza\/wp-json\/wp\/v2\/pages\/29","targetHints":{"allow":["GET"]}}],"collection":[{"href":"https:\/\/blog.espol.edu.ec\/lcampoza\/wp-json\/wp\/v2\/pages"}],"about":[{"href":"https:\/\/blog.espol.edu.ec\/lcampoza\/wp-json\/wp\/v2\/types\/page"}],"author":[{"embeddable":true,"href":"https:\/\/blog.espol.edu.ec\/lcampoza\/wp-json\/wp\/v2\/users\/5750"}],"replies":[{"embeddable":true,"href":"https:\/\/blog.espol.edu.ec\/lcampoza\/wp-json\/wp\/v2\/comments?post=29"}],"version-history":[{"count":3,"href":"https:\/\/blog.espol.edu.ec\/lcampoza\/wp-json\/wp\/v2\/pages\/29\/revisions"}],"predecessor-version":[{"id":59,"href":"https:\/\/blog.espol.edu.ec\/lcampoza\/wp-json\/wp\/v2\/pages\/29\/revisions\/59"}],"wp:attachment":[{"href":"https:\/\/blog.espol.edu.ec\/lcampoza\/wp-json\/wp\/v2\/media?parent=29"}],"curies":[{"name":"wp","href":"https:\/\/api.w.org\/{rel}","templated":true}]}}