{"id":166,"date":"2016-05-22T20:54:12","date_gmt":"2016-05-23T01:54:12","guid":{"rendered":"http:\/\/blog.espol.edu.ec\/lcsantos\/?page_id=166"},"modified":"2016-05-24T07:52:35","modified_gmt":"2016-05-24T12:52:35","slug":"about-me","status":"publish","type":"page","link":"https:\/\/blog.espol.edu.ec\/lcsantos\/about-me\/","title":{"rendered":"About me"},"content":{"rendered":"<p><img loading=\"lazy\" decoding=\"async\" class=\"aligncenter size-medium wp-image-167\" src=\"http:\/\/blog.espol.edu.ec\/lcsantos\/files\/2016\/05\/Espol-1-448x478.jpg\" alt=\"\" width=\"448\" height=\"478\" \/><\/p>\n<p>Mi nombre es Liliana Santos me dicen Lily o Nina, whatever, estudio en la Escuela Superior Polit\u00e9cnica del Litoral <a href=\"http:\/\/www.espol.edu.ec\/\" target=\"_blank\">(ESPOL)<\/a> la carrera de Ingenier\u00eda en Alimentos en la Facultad de Ingenier\u00eda Mec\u00e1nica y Ciencias de la Producci\u00f3n <a href=\"http:\/\/www.fimcp.espol.edu.ec\/\" target=\"_blank\">(FIMCP)<\/a>.<br \/>\nMe gusta Oasis y Pxndx, sobretodo viajar, conocer, todas las im\u00e1genes publicadas en este blog son m\u00edas \ud83d\ude42<\/p>\n<p>Aqu\u00ed dejo mis cuentas if you wanna know me \ud83d\ude42<\/p>\n<p>Instagram: <a href=\"https:\/\/www.instagram.com\/ninasantose\/\" target=\"_blank\">ninasantose<\/a><br \/>\nTwitter: <a href=\"https:\/\/twitter.com\/ninasantose\" target=\"_blank\">ninasantose<\/a><\/p>\n<p><iframe loading=\"lazy\" src=\"\/\/www.slideshare.net\/slideshow\/embed_code\/key\/gDZI5DTi9JWnVt\" width=\"595\" height=\"485\" frameborder=\"0\" allowfullscreen=\"allowfullscreen\"> <\/iframe><\/p>\n<div style=\"margin-bottom: 5px\"><strong> <a title=\"Santos, Project of my life \" href=\"\/\/www.slideshare.net\/LilySantos3\/project-of-my-life-62283714\" target=\"_blank\">Santos, Project of my life <\/a> <\/strong> from <strong><a href=\"\/\/www.slideshare.net\/LilySantos3\" target=\"_blank\">Lily Santos<\/a><\/strong><\/div>\n","protected":false},"excerpt":{"rendered":"<p>Mi nombre es Liliana Santos me dicen Lily o Nina, whatever, estudio en la Escuela Superior Polit\u00e9cnica del Litoral (ESPOL) la carrera de Ingenier\u00eda en Alimentos en la Facultad de Ingenier\u00eda Mec\u00e1nica y Ciencias de la Producci\u00f3n (FIMCP). Me gusta Oasis y Pxndx, sobretodo viajar, conocer, todas las im\u00e1genes publicadas en este blog son m\u00edas [&hellip;]<\/p>\n","protected":false},"author":10196,"featured_media":0,"parent":0,"menu_order":0,"comment_status":"closed","ping_status":"closed","template":"","meta":{"footnotes":""},"class_list":["post-166","page","type-page","status-publish","hentry"],"_links":{"self":[{"href":"https:\/\/blog.espol.edu.ec\/lcsantos\/wp-json\/wp\/v2\/pages\/166","targetHints":{"allow":["GET"]}}],"collection":[{"href":"https:\/\/blog.espol.edu.ec\/lcsantos\/wp-json\/wp\/v2\/pages"}],"about":[{"href":"https:\/\/blog.espol.edu.ec\/lcsantos\/wp-json\/wp\/v2\/types\/page"}],"author":[{"embeddable":true,"href":"https:\/\/blog.espol.edu.ec\/lcsantos\/wp-json\/wp\/v2\/users\/10196"}],"replies":[{"embeddable":true,"href":"https:\/\/blog.espol.edu.ec\/lcsantos\/wp-json\/wp\/v2\/comments?post=166"}],"version-history":[{"count":8,"href":"https:\/\/blog.espol.edu.ec\/lcsantos\/wp-json\/wp\/v2\/pages\/166\/revisions"}],"predecessor-version":[{"id":210,"href":"https:\/\/blog.espol.edu.ec\/lcsantos\/wp-json\/wp\/v2\/pages\/166\/revisions\/210"}],"wp:attachment":[{"href":"https:\/\/blog.espol.edu.ec\/lcsantos\/wp-json\/wp\/v2\/media?parent=166"}],"curies":[{"name":"wp","href":"https:\/\/api.w.org\/{rel}","templated":true}]}}