{"id":172,"date":"2016-05-22T23:28:53","date_gmt":"2016-05-23T04:28:53","guid":{"rendered":"http:\/\/blog.espol.edu.ec\/lcsantos\/?page_id=172"},"modified":"2016-05-22T23:28:53","modified_gmt":"2016-05-23T04:28:53","slug":"at-the-border","status":"publish","type":"page","link":"https:\/\/blog.espol.edu.ec\/lcsantos\/at-the-border\/","title":{"rendered":"At the border"},"content":{"rendered":"<p>Ipiales es una ciudad que se encuentra en la frontera de Ecuador y Colombia, es un sitio muy transitado (se siente el ajetreo) el cual tuve la oportunidad de visitar e ir a su principal lugar tur\u00edstico: El Santuario de Nuestra Se\u00f1ora del Rosario de las Lajas, llamado tambi\u00e9n como el milagro de Dios sobre el abismo.<\/p>\n<p><img loading=\"lazy\" decoding=\"async\" src=\"http:\/\/blog.espol.edu.ec\/lcsantos\/files\/2016\/05\/Captura.7JPG-2-461x478.jpg\" alt=\"\" width=\"461\" height=\"478\" class=\"aligncenter size-medium wp-image-177\" \/><\/p>\n<p>Es un templo de estilo neog\u00f3tico edificado entre 1916 y 1949, en el 2015 fue considerado por The Daily Telegraph (diario brit\u00e1nico) como una de las 23 iglesias m\u00e1s bellas del mundo. El santuario est\u00e1 situado en el ca\u00f1\u00f3n del r\u00edo Gu\u00e1itara, a 10 km de la frontera.<\/p>\n<div id='gallery-1' class='gallery galleryid-172 gallery-columns-5 gallery-size-medium'><figure class='gallery-item'>\n\t\t\t<div class='gallery-icon landscape'>\n\t\t\t\t<a href='https:\/\/blog.espol.edu.ec\/lcsantos\/at-the-border\/ipiales-11\/'><img loading=\"lazy\" decoding=\"async\" width=\"850\" height=\"478\" src=\"https:\/\/blog.espol.edu.ec\/lcsantos\/files\/2016\/05\/Ipiales-11-850x478.jpg\" class=\"attachment-medium size-medium\" alt=\"\" srcset=\"https:\/\/blog.espol.edu.ec\/lcsantos\/files\/2016\/05\/Ipiales-11-850x478.jpg 850w, https:\/\/blog.espol.edu.ec\/lcsantos\/files\/2016\/05\/Ipiales-11-250x141.jpg 250w, https:\/\/blog.espol.edu.ec\/lcsantos\/files\/2016\/05\/Ipiales-11-1200x675.jpg 1200w\" sizes=\"auto, (max-width: 850px) 100vw, 850px\" \/><\/a>\n\t\t\t<\/div><\/figure><figure class='gallery-item'>\n\t\t\t<div class='gallery-icon landscape'>\n\t\t\t\t<a href='https:\/\/blog.espol.edu.ec\/lcsantos\/at-the-border\/captura91-4\/'><img loading=\"lazy\" decoding=\"async\" width=\"718\" height=\"478\" src=\"https:\/\/blog.espol.edu.ec\/lcsantos\/files\/2016\/05\/Captura91-3-718x478.jpg\" class=\"attachment-medium size-medium\" alt=\"\" \/><\/a>\n\t\t\t<\/div><\/figure><figure class='gallery-item'>\n\t\t\t<div class='gallery-icon landscape'>\n\t\t\t\t<a href='https:\/\/blog.espol.edu.ec\/lcsantos\/at-the-border\/ipiales-39\/'><img loading=\"lazy\" decoding=\"async\" width=\"850\" height=\"478\" src=\"https:\/\/blog.espol.edu.ec\/lcsantos\/files\/2016\/05\/Ipiales-39-850x478.jpg\" class=\"attachment-medium size-medium\" alt=\"\" srcset=\"https:\/\/blog.espol.edu.ec\/lcsantos\/files\/2016\/05\/Ipiales-39-850x478.jpg 850w, https:\/\/blog.espol.edu.ec\/lcsantos\/files\/2016\/05\/Ipiales-39-250x141.jpg 250w, https:\/\/blog.espol.edu.ec\/lcsantos\/files\/2016\/05\/Ipiales-39-1200x675.jpg 1200w\" sizes=\"auto, (max-width: 850px) 100vw, 850px\" \/><\/a>\n\t\t\t<\/div><\/figure><figure class='gallery-item'>\n\t\t\t<div class='gallery-icon landscape'>\n\t\t\t\t<a href='https:\/\/blog.espol.edu.ec\/lcsantos\/at-the-border\/ipiales-41\/'><img loading=\"lazy\" decoding=\"async\" width=\"850\" height=\"478\" src=\"https:\/\/blog.espol.edu.ec\/lcsantos\/files\/2016\/05\/Ipiales-41-850x478.jpg\" class=\"attachment-medium size-medium\" alt=\"\" srcset=\"https:\/\/blog.espol.edu.ec\/lcsantos\/files\/2016\/05\/Ipiales-41-850x478.jpg 850w, https:\/\/blog.espol.edu.ec\/lcsantos\/files\/2016\/05\/Ipiales-41-250x141.jpg 250w, https:\/\/blog.espol.edu.ec\/lcsantos\/files\/2016\/05\/Ipiales-41-1200x675.jpg 1200w\" sizes=\"auto, (max-width: 850px) 100vw, 850px\" \/><\/a>\n\t\t\t<\/div><\/figure><figure class='gallery-item'>\n\t\t\t<div class='gallery-icon landscape'>\n\t\t\t\t<a href='https:\/\/blog.espol.edu.ec\/lcsantos\/at-the-border\/ipiales-50\/'><img loading=\"lazy\" decoding=\"async\" width=\"850\" height=\"478\" src=\"https:\/\/blog.espol.edu.ec\/lcsantos\/files\/2016\/05\/Ipiales-50-850x478.jpg\" class=\"attachment-medium size-medium\" alt=\"\" srcset=\"https:\/\/blog.espol.edu.ec\/lcsantos\/files\/2016\/05\/Ipiales-50-850x478.jpg 850w, https:\/\/blog.espol.edu.ec\/lcsantos\/files\/2016\/05\/Ipiales-50-250x141.jpg 250w, https:\/\/blog.espol.edu.ec\/lcsantos\/files\/2016\/05\/Ipiales-50-1200x675.jpg 1200w\" sizes=\"auto, (max-width: 850px) 100vw, 850px\" \/><\/a>\n\t\t\t<\/div><\/figure>\n\t\t<\/div>\n\n","protected":false},"excerpt":{"rendered":"<p>Ipiales es una ciudad que se encuentra en la frontera de Ecuador y Colombia, es un sitio muy transitado (se siente el ajetreo) el cual tuve la oportunidad de visitar e ir a su principal lugar tur\u00edstico: El Santuario de Nuestra Se\u00f1ora del Rosario de las Lajas, llamado tambi\u00e9n como el milagro de Dios sobre [&hellip;]<\/p>\n","protected":false},"author":10196,"featured_media":0,"parent":0,"menu_order":0,"comment_status":"closed","ping_status":"closed","template":"","meta":{"footnotes":""},"class_list":["post-172","page","type-page","status-publish","hentry"],"_links":{"self":[{"href":"https:\/\/blog.espol.edu.ec\/lcsantos\/wp-json\/wp\/v2\/pages\/172","targetHints":{"allow":["GET"]}}],"collection":[{"href":"https:\/\/blog.espol.edu.ec\/lcsantos\/wp-json\/wp\/v2\/pages"}],"about":[{"href":"https:\/\/blog.espol.edu.ec\/lcsantos\/wp-json\/wp\/v2\/types\/page"}],"author":[{"embeddable":true,"href":"https:\/\/blog.espol.edu.ec\/lcsantos\/wp-json\/wp\/v2\/users\/10196"}],"replies":[{"embeddable":true,"href":"https:\/\/blog.espol.edu.ec\/lcsantos\/wp-json\/wp\/v2\/comments?post=172"}],"version-history":[{"count":1,"href":"https:\/\/blog.espol.edu.ec\/lcsantos\/wp-json\/wp\/v2\/pages\/172\/revisions"}],"predecessor-version":[{"id":180,"href":"https:\/\/blog.espol.edu.ec\/lcsantos\/wp-json\/wp\/v2\/pages\/172\/revisions\/180"}],"wp:attachment":[{"href":"https:\/\/blog.espol.edu.ec\/lcsantos\/wp-json\/wp\/v2\/media?parent=172"}],"curies":[{"name":"wp","href":"https:\/\/api.w.org\/{rel}","templated":true}]}}