{"id":1,"date":"2009-06-18T19:41:40","date_gmt":"2009-06-18T23:41:40","guid":{"rendered":""},"modified":"2010-07-13T23:20:04","modified_gmt":"2010-07-14T03:20:04","slug":"about","status":"publish","type":"page","link":"https:\/\/blog.espol.edu.ec\/leadsis\/about\/","title":{"rendered":"Me, Myself and I...Yo, yo y solamente...yo!"},"content":{"rendered":"<p>I'll write this in both english and spanish.<\/p>\n<p>Voy a escribir esto en ingl\u00e9s y en espa\u00f1ol.<\/p>\n<p>Well, this blog is for my university and even though it gets a bit tiring, I have to say it is so much fun to write all the things I have in my mind. I can speak english and spanish and I'm a carpenters fan since 2005, music means all to me and it's what takes me out of my loneliness whenever I feel bad. I have lots of internet mates and I truly appreciate them! Friends and family means the world to me, that's why I can give my life for them.<\/p>\n<p>ummm...I just hope somebody gets to read my blog and enjoy the few things I have to share with y'all.<\/p>\n<p>Bueno, este blog es para mi universidad, y aunque me canso un poco, tengo que decir que es muy divertido escribir todas las cosas que tengo en mi mente. Puedo hablar ingl\u00e9s y espa\u00f1ol y soy una gran fan de los carpenters desde el 2005, la m\u00fasica significa todo para m\u00ed y es lo que me saca de mi soledad cada ve que me siento mal.<\/p>\n<p>Soy una escritora frustrada y adoro escribir poemas!! :D, tambi\u00e9n tengo muchos amigos por internet a los que he llegado a apreciar. Los amigos y la familia son los que llenan mi mundo, es por eso que soy capaz de dar la vida por ellos.<\/p>\n<p>Ummm..s\u00f3lo espero que alguien lea mi blog y que disfrute de estas cositas XD!<\/p>\n","protected":false},"excerpt":{"rendered":"<p>I'll write this in both english and spanish. Voy a escribir esto en ingl\u00e9s y en espa\u00f1ol. Well, this blog is for my university and even though it gets a bit tiring, I have to say it is so much fun to write all the things I have in my mind. I can speak english [&hellip;]<\/p>\n","protected":false},"author":2606,"featured_media":0,"parent":0,"menu_order":0,"comment_status":"open","ping_status":"open","template":"","meta":{"footnotes":""},"class_list":["post-1","page","type-page","status-publish","hentry"],"_links":{"self":[{"href":"https:\/\/blog.espol.edu.ec\/leadsis\/wp-json\/wp\/v2\/pages\/1","targetHints":{"allow":["GET"]}}],"collection":[{"href":"https:\/\/blog.espol.edu.ec\/leadsis\/wp-json\/wp\/v2\/pages"}],"about":[{"href":"https:\/\/blog.espol.edu.ec\/leadsis\/wp-json\/wp\/v2\/types\/page"}],"author":[{"embeddable":true,"href":"https:\/\/blog.espol.edu.ec\/leadsis\/wp-json\/wp\/v2\/users\/2606"}],"replies":[{"embeddable":true,"href":"https:\/\/blog.espol.edu.ec\/leadsis\/wp-json\/wp\/v2\/comments?post=1"}],"version-history":[{"count":2,"href":"https:\/\/blog.espol.edu.ec\/leadsis\/wp-json\/wp\/v2\/pages\/1\/revisions"}],"predecessor-version":[{"id":55,"href":"https:\/\/blog.espol.edu.ec\/leadsis\/wp-json\/wp\/v2\/pages\/1\/revisions\/55"}],"wp:attachment":[{"href":"https:\/\/blog.espol.edu.ec\/leadsis\/wp-json\/wp\/v2\/media?parent=1"}],"curies":[{"name":"wp","href":"https:\/\/api.w.org\/{rel}","templated":true}]}}