{"id":10,"date":"2013-11-05T18:43:34","date_gmt":"2013-11-05T18:43:34","guid":{"rendered":"http:\/\/blog.espol.edu.ec\/lealquim\/?page_id=10"},"modified":"2023-01-30T17:02:22","modified_gmt":"2023-01-30T17:02:22","slug":"sobre-mi","status":"publish","type":"page","link":"https:\/\/blog.espol.edu.ec\/lealquim\/sobre-mi\/","title":{"rendered":"SOBRE MI"},"content":{"rendered":"<p><a href=\"http:\/\/blog.espol.edu.ec\/lealquim\/files\/2023\/01\/PB1902952.jpg\"><img loading=\"lazy\" decoding=\"async\" class=\"wp-image-180 size-medium\" src=\"http:\/\/blog.espol.edu.ec\/lealquim\/files\/2023\/01\/PB1902952-300x112.jpg\" alt=\"\" width=\"300\" height=\"112\" srcset=\"https:\/\/blog.espol.edu.ec\/lealquim\/files\/2023\/01\/PB1902952-300x112.jpg 300w, https:\/\/blog.espol.edu.ec\/lealquim\/files\/2023\/01\/PB1902952-768x288.jpg 768w, https:\/\/blog.espol.edu.ec\/lealquim\/files\/2023\/01\/PB1902952-1024x384.jpg 1024w\" sizes=\"auto, (max-width: 300px) 100vw, 300px\" \/><\/a><\/p>\n<p>\u00a1Hola! Mi nombre es Alejandro Quim\u00eds Rivera, nac\u00ed en\u00a0 Ecuador. Estudi\u00e9 ingenier\u00eda en electr\u00f3nica y automatizaci\u00f3n en ESPOL y quiero compartir lo que d\u00eda a d\u00eda voy aprendiendo. Espero te guste mucho y te sea de utilidad.<\/p>\n\n","protected":false},"excerpt":{"rendered":"<p>\u00a1Hola! Mi nombre es Alejandro Quim\u00eds Rivera, nac\u00ed en\u00a0 Ecuador. Estudi\u00e9 ingenier\u00eda en electr\u00f3nica y automatizaci\u00f3n en ESPOL y quiero compartir lo que d\u00eda a d\u00eda voy aprendiendo. Espero te guste mucho y te sea de utilidad.<\/p>\n","protected":false},"author":8872,"featured_media":0,"parent":0,"menu_order":0,"comment_status":"open","ping_status":"open","template":"","meta":{"footnotes":""},"class_list":["post-10","page","type-page","status-publish","hentry","nodate","item-wrap"],"_links":{"self":[{"href":"https:\/\/blog.espol.edu.ec\/lealquim\/wp-json\/wp\/v2\/pages\/10","targetHints":{"allow":["GET"]}}],"collection":[{"href":"https:\/\/blog.espol.edu.ec\/lealquim\/wp-json\/wp\/v2\/pages"}],"about":[{"href":"https:\/\/blog.espol.edu.ec\/lealquim\/wp-json\/wp\/v2\/types\/page"}],"author":[{"embeddable":true,"href":"https:\/\/blog.espol.edu.ec\/lealquim\/wp-json\/wp\/v2\/users\/8872"}],"replies":[{"embeddable":true,"href":"https:\/\/blog.espol.edu.ec\/lealquim\/wp-json\/wp\/v2\/comments?post=10"}],"version-history":[{"count":14,"href":"https:\/\/blog.espol.edu.ec\/lealquim\/wp-json\/wp\/v2\/pages\/10\/revisions"}],"predecessor-version":[{"id":195,"href":"https:\/\/blog.espol.edu.ec\/lealquim\/wp-json\/wp\/v2\/pages\/10\/revisions\/195"}],"wp:attachment":[{"href":"https:\/\/blog.espol.edu.ec\/lealquim\/wp-json\/wp\/v2\/media?parent=10"}],"curies":[{"name":"wp","href":"https:\/\/api.w.org\/{rel}","templated":true}]}}