{"id":1,"date":"2009-06-19T12:57:40","date_gmt":"2009-06-19T16:57:40","guid":{"rendered":""},"modified":"2009-06-30T03:31:20","modified_gmt":"2009-06-30T07:31:20","slug":"about","status":"publish","type":"page","link":"https:\/\/blog.espol.edu.ec\/lelizald\/about\/","title":{"rendered":"Ricardo Arjona"},"content":{"rendered":"<p>Naci\u00f3 en el municipio de Jocotenango. A los 21 a\u00f1os, tuvo la oportunidad de grabar su primer disco que se conocer\u00eda bajo el t\u00edtulo de D\u00e9jame decir que te amo. Esta grabaci\u00f3n no result\u00f3 de su agrado, lo que lo llev\u00f3 a dejar el mundo de la m\u00fasica profesional. Aunque en un inicio estudi\u00f3 arquitectura e ingenier\u00eda, se gradu\u00f3 en la Escuela de Ciencias de la Comunicaci\u00f3n de la Universidad de San Carlos de Guatemala.<br \/>\nEn 1988, Ricardo Arjona representa a su pa\u00eds en el festival OTI (similar al Festival de Eurovisi\u00f3n), que tuvo lugar en Argentina. Ricardo Arjona particip\u00f3 con la canci\u00f3n \"\"Con una estrella\"\". A su regreso a Guatemala graba esta canci\u00f3n en un disco de 45 rpm. en el que incluye tambi\u00e9n la canci\u00f3n \"Aqu\u00ed en El Salvador\". Diez a\u00f1os m\u00e1s tarde de aquella participaci\u00f3n en el Festival OTI, editar\u00e1 el disco \"Sin da\u00f1os a terceros\".<br \/>\nEntre los a\u00f1os 1992 y 1993, Ricardo Arjona financia un nuevo disco que ser\u00eda el que lo llevar\u00eda a la fama: Animal Nocturno.<br \/>\nAs\u00ed, de a poco, fue progresando con discos como Si el norte fuera el sur, Sin da\u00f1os a terceros, entre otros que lo llevaron a alcanzar su actual fama internacional.<!--more--><\/p>\n<p><img loading=\"lazy\" decoding=\"async\" src=\"http:\/\/blog.espol.edu.ec\/lelizald\/files\/2009\/06\/ricardo_arjona21-236x300.jpg\" alt=\"ricardo_arjona21\" width=\"236\" height=\"300\" class=\"aligncenter size-medium wp-image-25\" srcset=\"https:\/\/blog.espol.edu.ec\/lelizald\/files\/2009\/06\/ricardo_arjona21-236x300.jpg 236w, https:\/\/blog.espol.edu.ec\/lelizald\/files\/2009\/06\/ricardo_arjona21.jpg 300w\" sizes=\"auto, (max-width: 236px) 100vw, 236px\" \/>&lt;img <\/p>\n","protected":false},"excerpt":{"rendered":"<p>Naci\u00f3 en el municipio de Jocotenango. A los 21 a\u00f1os, tuvo la oportunidad de grabar su primer disco que se conocer\u00eda bajo el t\u00edtulo de D\u00e9jame decir que te amo. Esta grabaci\u00f3n no result\u00f3 de su agrado, lo que lo llev\u00f3 a dejar el mundo de la m\u00fasica profesional. Aunque en un inicio estudi\u00f3 arquitectura [&hellip;]<\/p>\n","protected":false},"author":2644,"featured_media":0,"parent":0,"menu_order":0,"comment_status":"open","ping_status":"open","template":"archives.php","meta":{"footnotes":""},"class_list":["post-1","page","type-page","status-publish","hentry"],"_links":{"self":[{"href":"https:\/\/blog.espol.edu.ec\/lelizald\/wp-json\/wp\/v2\/pages\/1","targetHints":{"allow":["GET"]}}],"collection":[{"href":"https:\/\/blog.espol.edu.ec\/lelizald\/wp-json\/wp\/v2\/pages"}],"about":[{"href":"https:\/\/blog.espol.edu.ec\/lelizald\/wp-json\/wp\/v2\/types\/page"}],"author":[{"embeddable":true,"href":"https:\/\/blog.espol.edu.ec\/lelizald\/wp-json\/wp\/v2\/users\/2644"}],"replies":[{"embeddable":true,"href":"https:\/\/blog.espol.edu.ec\/lelizald\/wp-json\/wp\/v2\/comments?post=1"}],"version-history":[{"count":9,"href":"https:\/\/blog.espol.edu.ec\/lelizald\/wp-json\/wp\/v2\/pages\/1\/revisions"}],"predecessor-version":[{"id":29,"href":"https:\/\/blog.espol.edu.ec\/lelizald\/wp-json\/wp\/v2\/pages\/1\/revisions\/29"}],"wp:attachment":[{"href":"https:\/\/blog.espol.edu.ec\/lelizald\/wp-json\/wp\/v2\/media?parent=1"}],"curies":[{"name":"wp","href":"https:\/\/api.w.org\/{rel}","templated":true}]}}