{"id":112,"date":"2010-12-14T21:14:21","date_gmt":"2010-12-15T01:14:21","guid":{"rendered":"http:\/\/blog.espol.edu.ec\/lelizald\/?page_id=112"},"modified":"2010-12-14T21:14:21","modified_gmt":"2010-12-15T01:14:21","slug":"educacion-ambiental-ecologica","status":"publish","type":"page","link":"https:\/\/blog.espol.edu.ec\/lelizald\/educacion-ambiental-ecologica\/","title":{"rendered":"Educaci\u00f3n Ambiental Ecol\u00f3gica"},"content":{"rendered":"<p>Ernst Haeckel , creador del t\u00e9rmino ecolog\u00eda y considerado el fundador de su estudio.La ecolog\u00eda (del griego \u00ab\u03bf\u03af\u03ba\u03bf\u03c2\u00bb oikos=\"casa\", y \u00ab\u03bb\u00f3\u03b3\u03bf\u03c2\u00bb logos=\" conocimiento\") es la ciencia que estudia a los seres vivos, su ambiente, la distribuci\u00f3n y abundancia, c\u00f3mo esas propiedades son afectadas por la interacci\u00f3n entre los organismos y su ambiente: la biolog\u00eda de los ecosistemas. En el ambiente se incluyen las propiedades f\u00edsicas que pueden ser descritas como la suma de factores abi\u00f3ticos locales, como el clima y la geolog\u00eda, y los dem\u00e1s organismos que comparten ese h\u00e1bitat (factores bi\u00f3ticos).<\/p>\n<p>La visi\u00f3n integradora de la ecolog\u00eda plantea que es el estudio cient\u00edfico de los procesos que influencian la distribuci\u00f3n y abundancia de los organismos, as\u00ed como las interacciones entre los organismos y la transformaci\u00f3n de los flujos de energ\u00eda y materia.<\/p>\n","protected":false},"excerpt":{"rendered":"<p>Ernst Haeckel , creador del t\u00e9rmino ecolog\u00eda y considerado el fundador de su estudio.La ecolog\u00eda (del griego \u00ab\u03bf\u03af\u03ba\u03bf\u03c2\u00bb oikos=\"casa\", y \u00ab\u03bb\u00f3\u03b3\u03bf\u03c2\u00bb logos=\" conocimiento\") es la ciencia que estudia a los seres vivos, su ambiente, la distribuci\u00f3n y abundancia, c\u00f3mo esas propiedades son afectadas por la interacci\u00f3n entre los organismos y su ambiente: la biolog\u00eda de [&hellip;]<\/p>\n","protected":false},"author":2644,"featured_media":0,"parent":0,"menu_order":0,"comment_status":"open","ping_status":"open","template":"","meta":{"footnotes":""},"class_list":["post-112","page","type-page","status-publish","hentry"],"_links":{"self":[{"href":"https:\/\/blog.espol.edu.ec\/lelizald\/wp-json\/wp\/v2\/pages\/112","targetHints":{"allow":["GET"]}}],"collection":[{"href":"https:\/\/blog.espol.edu.ec\/lelizald\/wp-json\/wp\/v2\/pages"}],"about":[{"href":"https:\/\/blog.espol.edu.ec\/lelizald\/wp-json\/wp\/v2\/types\/page"}],"author":[{"embeddable":true,"href":"https:\/\/blog.espol.edu.ec\/lelizald\/wp-json\/wp\/v2\/users\/2644"}],"replies":[{"embeddable":true,"href":"https:\/\/blog.espol.edu.ec\/lelizald\/wp-json\/wp\/v2\/comments?post=112"}],"version-history":[{"count":2,"href":"https:\/\/blog.espol.edu.ec\/lelizald\/wp-json\/wp\/v2\/pages\/112\/revisions"}],"predecessor-version":[{"id":115,"href":"https:\/\/blog.espol.edu.ec\/lelizald\/wp-json\/wp\/v2\/pages\/112\/revisions\/115"}],"wp:attachment":[{"href":"https:\/\/blog.espol.edu.ec\/lelizald\/wp-json\/wp\/v2\/media?parent=112"}],"curies":[{"name":"wp","href":"https:\/\/api.w.org\/{rel}","templated":true}]}}